{"id":26590,"date":"2024-07-30T13:52:21","date_gmt":"2024-07-30T13:52:21","guid":{"rendered":"https:\/\/multifrigo.pl\/sklep\/produkt\/frytkownica-elektryczna-2x8l-16kw-na-podstawie-szafkowej-zamnietej-kromet-700-fe-2x10f-s-d\/"},"modified":"2025-08-04T13:26:41","modified_gmt":"2025-08-04T13:26:41","slug":"frytkownica-elektryczna-2x8l-16kw-na-podstawie-szafkowej-zamnietej-kromet-700-fe-2x10f-s-d","status":"publish","type":"product","link":"https:\/\/www.multifrigo.pl\/sklep\/produkt\/frytkownica-elektryczna-2x8l-16kw-na-podstawie-szafkowej-zamnietej-kromet-700-fe-2x10f-s-d\/","title":{"rendered":"Frytkownica elektryczna 2x8l 16kW na podstawie szafkowej zamni\u0119tej | Kromet 700.FE-2x10f.S.D"},"content":{"rendered":"<p>Frytkownice elektryczne wyposa\u017cone s\u0105 w czytelny i proste w obs\u0142udze sterowniki elektroniczne z mo\u017cliwo\u015bci\u0105 nastawy temperatury, a tak\u017ce nastawy minutnika z sygnalizacj\u0105 d\u017awi\u0119kow\u0105. Zastosowany system <b>Independent Safeguards<\/b> &#8211; 3 niezale\u017cne zabezpieczenia, kt\u00f3re zapewniaj\u0105 bezpiecze\u0144stwo pracy. Komfort czyszczenia zapewniaj\u0105 obrotowe elementy grzejne (dotyczy wy\u0142\u0105cznie modelu 7SBFE-15f oraz 7SB. FE-2x15f) oraz zastosowane w konstrukcji frytkownicy spustu zu\u017cytego oleju. Szybka reakcja na zmian\u0119 nastawy temperatury, kt\u00f3r\u0105 mo\u017cna regulowa\u0107 w zakresie od 50 \u030ado 190 \u030a. Zbiorniki frytownic wyposa\u017cone w stref\u0119 zimn\u0105 <b>Cool Zone<\/b>, kt\u00f3ra zapobiega spalaniu resztek na dnie komory, co przeciwdzia\u0142a zanieczyszczeniu oleju &#8211; dzi\u0119ki temu minimalizujemy jego zu\u017cycie.<\/p>\n<li>Elektroniczny wy\u015bwietlacz z nastaw\u0105 temperatury pozwala na utrzymanie sta\u0142ej temperatury wewn\u0105trz komory oraz jednakowej temperatury t\u0142uszczu w ca\u0142ej jego obj\u0119to\u015bci.\n<li>R\u00f3wnomierne nagrzewanie t\u0142uszczu, oraz zimna strefa w komorze we frytownicach elektrycznych,\n<li>Wysoki standard wykonania, konstrukcja zabezpieczaj\u0105ca zaciekanie frytury do wn\u0119trza urz\u0105dzenia, zaokr\u0105glone dno komory pozwalaj\u0105ce zachowa\u0107 najwy\u017cszy standard higieny.<br \/>\n","protected":false},"excerpt":{"rendered":"<p>Frytkownice elektryczne wyposa\u017cone s\u0105 w czytelny i proste w obs\u0142udze sterowniki elektroniczne z mo\u017cliwo\u015bci\u0105 nastawy temperatury, a tak\u017ce nastawy minutnika z sygnalizacj\u0105 d\u017awi\u0119kow\u0105. Zastosowany system Independent Safeguards &#8211; 3 niezale\u017cne zabezpieczenia, kt\u00f3re zapewniaj\u0105 bezpiecze\u0144stwo pracy. Komfort czyszczenia zapewniaj\u0105 obrotowe elementy grzejne (dotyczy wy\u0142\u0105cznie modelu 7SBFE-15f oraz 7SB. FE-2x15f) oraz zastosowane w konstrukcji frytkownicy spustu zu\u017cytego [&hellip;]<\/p>\n","protected":false},"featured_media":26888,"template":"","meta":{"_et_pb_use_builder":"","_et_pb_old_content":"","_et_gb_content_width":""},"pwb-brand":[1000],"product_brand":[],"product_cat":[447],"product_tag":[],"class_list":{"0":"post-26590","1":"product","2":"type-product","3":"status-publish","4":"has-post-thumbnail","6":"pwb-brand-kromet","7":"product_cat-frytownice-gastronomiczne","9":"first","10":"instock","11":"taxable","12":"shipping-taxable","13":"purchasable","14":"product-type-simple"},"brands":[{"id":1000,"name":"Kromet","slug":"kromet"}],"_links":{"self":[{"href":"https:\/\/www.multifrigo.pl\/sklep\/wp-json\/wp\/v2\/product\/26590","targetHints":{"allow":["GET"]}}],"collection":[{"href":"https:\/\/www.multifrigo.pl\/sklep\/wp-json\/wp\/v2\/product"}],"about":[{"href":"https:\/\/www.multifrigo.pl\/sklep\/wp-json\/wp\/v2\/types\/product"}],"wp:featuredmedia":[{"embeddable":true,"href":"https:\/\/www.multifrigo.pl\/sklep\/wp-json\/wp\/v2\/media\/26888"}],"wp:attachment":[{"href":"https:\/\/www.multifrigo.pl\/sklep\/wp-json\/wp\/v2\/media?parent=26590"}],"wp:term":[{"taxonomy":"pwb-brand","embeddable":true,"href":"https:\/\/www.multifrigo.pl\/sklep\/wp-json\/wp\/v2\/pwb-brand?post=26590"},{"taxonomy":"product_brand","embeddable":true,"href":"https:\/\/www.multifrigo.pl\/sklep\/wp-json\/wp\/v2\/product_brand?post=26590"},{"taxonomy":"product_cat","embeddable":true,"href":"https:\/\/www.multifrigo.pl\/sklep\/wp-json\/wp\/v2\/product_cat?post=26590"},{"taxonomy":"product_tag","embeddable":true,"href":"https:\/\/www.multifrigo.pl\/sklep\/wp-json\/wp\/v2\/product_tag?post=26590"}],"curies":[{"name":"wp","href":"https:\/\/api.w.org\/{rel}","templated":true}]}}