{"id":26593,"date":"2024-07-30T13:52:22","date_gmt":"2024-07-30T13:52:22","guid":{"rendered":"https:\/\/multifrigo.pl\/sklep\/produkt\/podgrzewacz-frytek-07kw-kromet-700-pf-1\/"},"modified":"2025-08-04T13:26:53","modified_gmt":"2025-08-04T13:26:53","slug":"podgrzewacz-frytek-07kw-kromet-700-pf-1","status":"publish","type":"product","link":"https:\/\/www.multifrigo.pl\/sklep\/produkt\/podgrzewacz-frytek-07kw-kromet-700-pf-1\/","title":{"rendered":"Podgrzewacz frytek 0,7kW | Kromet 700.PF-1"},"content":{"rendered":"<p>Podgrzewacze to urz\u0105dzenia idealne do podtrzymywania wysokiej temperatury suchej \u017cywno\u015bci sma\u017conej na g\u0142\u0119bokim oleju. W ofercie dwa typy podgrzewaczy &#8211; standardowy oraz z promiennikiem na podczerwie\u0144. Higieniczna komora zbiornika, wykonana z wysokogatunkowej stali nierdzewnej AISI 304 z zaokr\u0105glonymi kraw\u0119dziami u\u0142atwiaj\u0105cymi czyszczenie. W konstrukcji podgrzewacza zastosowany spust wody. Na wyposa\u017ceniu ka\u017cdego z podgrzewaczy jest pojemnik GN 1\/1, perforowany ociekacz na t\u0142uszcz oraz \u0142y\u017cka zgarniaj\u0105ca.<\/p>\n","protected":false},"excerpt":{"rendered":"<p>Podgrzewacze to urz\u0105dzenia idealne do podtrzymywania wysokiej temperatury suchej \u017cywno\u015bci sma\u017conej na g\u0142\u0119bokim oleju. W ofercie dwa typy podgrzewaczy &#8211; standardowy oraz z promiennikiem na podczerwie\u0144. Higieniczna komora zbiornika, wykonana z wysokogatunkowej stali nierdzewnej AISI 304 z zaokr\u0105glonymi kraw\u0119dziami u\u0142atwiaj\u0105cymi czyszczenie. W konstrukcji podgrzewacza zastosowany spust wody. Na wyposa\u017ceniu ka\u017cdego z podgrzewaczy jest pojemnik GN [&hellip;]<\/p>\n","protected":false},"featured_media":26891,"template":"","meta":{"_et_pb_use_builder":"","_et_pb_old_content":"","_et_gb_content_width":""},"pwb-brand":[1000],"product_brand":[],"product_cat":[447],"product_tag":[],"class_list":{"0":"post-26593","1":"product","2":"type-product","3":"status-publish","4":"has-post-thumbnail","6":"pwb-brand-kromet","7":"product_cat-frytownice-gastronomiczne","9":"first","10":"instock","11":"taxable","12":"shipping-taxable","13":"purchasable","14":"product-type-simple"},"brands":[{"id":1000,"name":"Kromet","slug":"kromet"}],"_links":{"self":[{"href":"https:\/\/www.multifrigo.pl\/sklep\/wp-json\/wp\/v2\/product\/26593","targetHints":{"allow":["GET"]}}],"collection":[{"href":"https:\/\/www.multifrigo.pl\/sklep\/wp-json\/wp\/v2\/product"}],"about":[{"href":"https:\/\/www.multifrigo.pl\/sklep\/wp-json\/wp\/v2\/types\/product"}],"wp:featuredmedia":[{"embeddable":true,"href":"https:\/\/www.multifrigo.pl\/sklep\/wp-json\/wp\/v2\/media\/26891"}],"wp:attachment":[{"href":"https:\/\/www.multifrigo.pl\/sklep\/wp-json\/wp\/v2\/media?parent=26593"}],"wp:term":[{"taxonomy":"pwb-brand","embeddable":true,"href":"https:\/\/www.multifrigo.pl\/sklep\/wp-json\/wp\/v2\/pwb-brand?post=26593"},{"taxonomy":"product_brand","embeddable":true,"href":"https:\/\/www.multifrigo.pl\/sklep\/wp-json\/wp\/v2\/product_brand?post=26593"},{"taxonomy":"product_cat","embeddable":true,"href":"https:\/\/www.multifrigo.pl\/sklep\/wp-json\/wp\/v2\/product_cat?post=26593"},{"taxonomy":"product_tag","embeddable":true,"href":"https:\/\/www.multifrigo.pl\/sklep\/wp-json\/wp\/v2\/product_tag?post=26593"}],"curies":[{"name":"wp","href":"https:\/\/api.w.org\/{rel}","templated":true}]}}