{"id":26603,"date":"2024-07-30T13:52:25","date_gmt":"2024-07-30T13:52:25","guid":{"rendered":"https:\/\/multifrigo.pl\/sklep\/produkt\/plyta-grillowa-gazowa-ryflowana-chromowana-400-mm-55-kw-na-podstawie-szafkowej-zamknietej-kromet-700-pbg-400r\/"},"modified":"2025-08-04T13:27:29","modified_gmt":"2025-08-04T13:27:29","slug":"plyta-grillowa-gazowa-ryflowana-chromowana-400-mm-55-kw-na-podstawie-szafkowej-zamknietej-kromet-700-pbg-400r","status":"publish","type":"product","link":"https:\/\/www.multifrigo.pl\/sklep\/produkt\/plyta-grillowa-gazowa-ryflowana-chromowana-400-mm-55-kw-na-podstawie-szafkowej-zamknietej-kromet-700-pbg-400r\/","title":{"rendered":"P\u0142yta grillowa gazowa ryflowana chromowana 400 mm 5,5 kW na podstawie szafkowej zamkni\u0119tej | Kromet 700.PBG-400R"},"content":{"rendered":"<p>Grillowe p\u0142yty gazowe wyst\u0119puj\u0105 w r\u00f3\u017cnych kombinacjach &#8211; powierzchnia ryflowana, g\u0142adka b\u0105d\u017a g\u0142adko-ryflowana. Urz\u0105dzenia te umo\u017cliwiaj\u0105 kontaktowe sma\u017cenie potraw. P\u0142yty robocze posiadaj\u0105 pow\u0142ok\u0119 chromowan\u0105, polerowan\u0105 \u2013 rozwi\u0105zanie to idealnie sprawdza si\u0119 podczas obr\u00f3bki termicznej potraw, a jednocze\u015bnie u\u0142atwia utrzymanie p\u0142yty w czysto\u015bci. Sta\u0142y p\u0142omie\u0144 palnika pozwala na utrzymanie urz\u0105dzenia w sta\u0142ej gotowo\u015bci do pracy. Zastosowany k\u0105t pochylenia p\u0142yty zapewnia odprowadzenie nadmiaru t\u0142uszczu z obrabianych produkt\u00f3w specjalnymi otworami do szufladki, w kt\u00f3rej te t\u0142uszcze si\u0119 gromadz\u0105. Dodatkow\u0105 higien\u0119 pracy zapewnia os\u0142ona zamontowana wok\u00f3\u0142 powierzchni roboczej co pozwala na utrzymanie czysto\u015bci wok\u00f3\u0142 urz\u0105dzenia.<\/p>\n<li>system <b>AntiCap<\/b> &#8211; uniemo\u017cliwia zaciekanie wykipin do wn\u0119trza wyrobu\n<li><b>TwoZone<\/b> &#8211; dwustrefowa niezale\u017cna kontrola temperatury\n<li>chromowana p\u0142yta robocza doskonale prezentuje si\u0119 w ka\u017cdej kuchni<br \/>\n","protected":false},"excerpt":{"rendered":"<p>Grillowe p\u0142yty gazowe wyst\u0119puj\u0105 w r\u00f3\u017cnych kombinacjach &#8211; powierzchnia ryflowana, g\u0142adka b\u0105d\u017a g\u0142adko-ryflowana. Urz\u0105dzenia te umo\u017cliwiaj\u0105 kontaktowe sma\u017cenie potraw. P\u0142yty robocze posiadaj\u0105 pow\u0142ok\u0119 chromowan\u0105, polerowan\u0105 \u2013 rozwi\u0105zanie to idealnie sprawdza si\u0119 podczas obr\u00f3bki termicznej potraw, a jednocze\u015bnie u\u0142atwia utrzymanie p\u0142yty w czysto\u015bci. Sta\u0142y p\u0142omie\u0144 palnika pozwala na utrzymanie urz\u0105dzenia w sta\u0142ej gotowo\u015bci do pracy. Zastosowany [&hellip;]<\/p>\n","protected":false},"featured_media":26900,"template":"","meta":{"_et_pb_use_builder":"","_et_pb_old_content":"","_et_gb_content_width":""},"pwb-brand":[1000],"product_brand":[],"product_cat":[446],"product_tag":[],"class_list":{"0":"post-26603","1":"product","2":"type-product","3":"status-publish","4":"has-post-thumbnail","6":"pwb-brand-kromet","7":"product_cat-plyty-grillowe","9":"first","10":"instock","11":"taxable","12":"shipping-taxable","13":"purchasable","14":"product-type-simple"},"brands":[{"id":1000,"name":"Kromet","slug":"kromet"}],"_links":{"self":[{"href":"https:\/\/www.multifrigo.pl\/sklep\/wp-json\/wp\/v2\/product\/26603","targetHints":{"allow":["GET"]}}],"collection":[{"href":"https:\/\/www.multifrigo.pl\/sklep\/wp-json\/wp\/v2\/product"}],"about":[{"href":"https:\/\/www.multifrigo.pl\/sklep\/wp-json\/wp\/v2\/types\/product"}],"wp:featuredmedia":[{"embeddable":true,"href":"https:\/\/www.multifrigo.pl\/sklep\/wp-json\/wp\/v2\/media\/26900"}],"wp:attachment":[{"href":"https:\/\/www.multifrigo.pl\/sklep\/wp-json\/wp\/v2\/media?parent=26603"}],"wp:term":[{"taxonomy":"pwb-brand","embeddable":true,"href":"https:\/\/www.multifrigo.pl\/sklep\/wp-json\/wp\/v2\/pwb-brand?post=26603"},{"taxonomy":"product_brand","embeddable":true,"href":"https:\/\/www.multifrigo.pl\/sklep\/wp-json\/wp\/v2\/product_brand?post=26603"},{"taxonomy":"product_cat","embeddable":true,"href":"https:\/\/www.multifrigo.pl\/sklep\/wp-json\/wp\/v2\/product_cat?post=26603"},{"taxonomy":"product_tag","embeddable":true,"href":"https:\/\/www.multifrigo.pl\/sklep\/wp-json\/wp\/v2\/product_tag?post=26603"}],"curies":[{"name":"wp","href":"https:\/\/api.w.org\/{rel}","templated":true}]}}