{"id":26623,"date":"2024-07-30T13:52:28","date_gmt":"2024-07-30T13:52:28","guid":{"rendered":"https:\/\/multifrigo.pl\/sklep\/produkt\/plyta-grillowa-1-2gl-1-2ryf-chromowana-800-mm-96kw-na-podstawie-szafkowej-zamknietej-kromet-700-pbe-800gr-s-d\/"},"modified":"2025-08-04T13:28:30","modified_gmt":"2025-08-04T13:28:30","slug":"plyta-grillowa-1-2gl-1-2ryf-chromowana-800-mm-96kw-na-podstawie-szafkowej-zamknietej-kromet-700-pbe-800gr-s-d","status":"publish","type":"product","link":"https:\/\/www.multifrigo.pl\/sklep\/produkt\/plyta-grillowa-1-2gl-1-2ryf-chromowana-800-mm-96kw-na-podstawie-szafkowej-zamknietej-kromet-700-pbe-800gr-s-d\/","title":{"rendered":"P\u0142yta grillowa 1\/2g\u0142. + 1\/2ryf. chromowana 800 mm 9,6kW na podstawie szafkowej zamkni\u0119tej | Kromet 700.PBE-800GR.S.D"},"content":{"rendered":"<p>Elektryczne p\u0142yty grillowe wyst\u0119puj\u0105 podobnie w r\u00f3\u017cnych kombinacjach &#8211; powierzchnia ryflowana, g\u0142adka b\u0105d\u017a g\u0142adko-ryflowana. Urz\u0105dzenia te umo\u017cliwiaj\u0105 kontaktowe sma\u017cenie potraw. Komfort u\u017cytkowania dzi\u0119ki szybkiej reakcji na zmian\u0119 nastawy temperatury, kt\u00f3ra regulowana jest w zakresie od 50 \u030ado 300 \u030aC. Du\u017ce, czytelne pokr\u0119t\u0142a do sterowania urz\u0105dzeniem. Zabezpieczone wok\u00f3\u0142 pier\u015bcieniem <b>AntiCap<\/b>, kt\u00f3ry uniemo\u017cliwia dostawanie si\u0119 zabrudze\u0144 do wn\u0119trza urz\u0105dzenia. Zastosowany k\u0105t pochylenia p\u0142yty zapewnia odprowadzenie nadmiaru t\u0142uszczu z obrabianych produkt\u00f3w specjalnymi otworami do szufladki, w kt\u00f3rej te t\u0142uszcze si\u0119 gromadz\u0105. Dodatkow\u0105 higien\u0119 pracy zapewnia os\u0142ona zamontowana wok\u00f3\u0142 powierzchni roboczej co pozwala na utrzymanie czysto\u015bci wok\u00f3\u0142 urz\u0105dzenia<\/p>\n<li>system <b>AntiCap<\/b> &#8211; uniemo\u017cliwia zaciekanie wykipin do wn\u0119trza wyrobu\n<li><b>TwoZone<\/b> &#8211; dwustrefowa niezale\u017cna kontrola temperatury\n<li>chromowana p\u0142yta robocza doskonale prezentuje si\u0119 w ka\u017cdej kuchni<br \/>\n","protected":false},"excerpt":{"rendered":"<p>Elektryczne p\u0142yty grillowe wyst\u0119puj\u0105 podobnie w r\u00f3\u017cnych kombinacjach &#8211; powierzchnia ryflowana, g\u0142adka b\u0105d\u017a g\u0142adko-ryflowana. Urz\u0105dzenia te umo\u017cliwiaj\u0105 kontaktowe sma\u017cenie potraw. Komfort u\u017cytkowania dzi\u0119ki szybkiej reakcji na zmian\u0119 nastawy temperatury, kt\u00f3ra regulowana jest w zakresie od 50 \u030ado 300 \u030aC. Du\u017ce, czytelne pokr\u0119t\u0142a do sterowania urz\u0105dzeniem. Zabezpieczone wok\u00f3\u0142 pier\u015bcieniem AntiCap, kt\u00f3ry uniemo\u017cliwia dostawanie si\u0119 zabrudze\u0144 do [&hellip;]<\/p>\n","protected":false},"featured_media":26920,"template":"","meta":{"_et_pb_use_builder":"","_et_pb_old_content":"","_et_gb_content_width":""},"pwb-brand":[1000],"product_brand":[],"product_cat":[446],"product_tag":[],"class_list":{"0":"post-26623","1":"product","2":"type-product","3":"status-publish","4":"has-post-thumbnail","6":"pwb-brand-kromet","7":"product_cat-plyty-grillowe","9":"first","10":"instock","11":"taxable","12":"shipping-taxable","13":"purchasable","14":"product-type-simple"},"brands":[{"id":1000,"name":"Kromet","slug":"kromet"}],"_links":{"self":[{"href":"https:\/\/www.multifrigo.pl\/sklep\/wp-json\/wp\/v2\/product\/26623","targetHints":{"allow":["GET"]}}],"collection":[{"href":"https:\/\/www.multifrigo.pl\/sklep\/wp-json\/wp\/v2\/product"}],"about":[{"href":"https:\/\/www.multifrigo.pl\/sklep\/wp-json\/wp\/v2\/types\/product"}],"wp:featuredmedia":[{"embeddable":true,"href":"https:\/\/www.multifrigo.pl\/sklep\/wp-json\/wp\/v2\/media\/26920"}],"wp:attachment":[{"href":"https:\/\/www.multifrigo.pl\/sklep\/wp-json\/wp\/v2\/media?parent=26623"}],"wp:term":[{"taxonomy":"pwb-brand","embeddable":true,"href":"https:\/\/www.multifrigo.pl\/sklep\/wp-json\/wp\/v2\/pwb-brand?post=26623"},{"taxonomy":"product_brand","embeddable":true,"href":"https:\/\/www.multifrigo.pl\/sklep\/wp-json\/wp\/v2\/product_brand?post=26623"},{"taxonomy":"product_cat","embeddable":true,"href":"https:\/\/www.multifrigo.pl\/sklep\/wp-json\/wp\/v2\/product_cat?post=26623"},{"taxonomy":"product_tag","embeddable":true,"href":"https:\/\/www.multifrigo.pl\/sklep\/wp-json\/wp\/v2\/product_tag?post=26623"}],"curies":[{"name":"wp","href":"https:\/\/api.w.org\/{rel}","templated":true}]}}