{"id":26624,"date":"2024-07-30T13:52:28","date_gmt":"2024-07-30T13:52:28","guid":{"rendered":"https:\/\/multifrigo.pl\/sklep\/produkt\/lawa-grill-400-mm-7kw-kromet-700-ogl-400\/"},"modified":"2025-08-04T13:28:33","modified_gmt":"2025-08-04T13:28:33","slug":"lawa-grill-400-mm-7kw-kromet-700-ogl-400","status":"publish","type":"product","link":"https:\/\/www.multifrigo.pl\/sklep\/produkt\/lawa-grill-400-mm-7kw-kromet-700-ogl-400\/","title":{"rendered":"Lawa grill 400 mm 7kW | Kromet 700.OGL-400"},"content":{"rendered":"<p>Urz\u0105dzenia przeznaczone s\u0105 do stosowania profesjonalnego u\u017cytku w zak\u0142adach zbiorowego \u017cywienia. S\u0142u\u017c\u0105 do obr\u00f3bki termicznej \u017cywno\u015bci w procesie opiekania bez u\u017cycia t\u0142uszcz\u00f3w. \u015awietnie sprawdz\u0105 si\u0119 jako wyposa\u017canie punkt\u00f3w ma\u0142ej gastronomii, bar\u00f3w, restauracji oraz innych zak\u0142ad\u00f3w zbiorowego \u017cywienia.<\/p>\n<li>DUAL TEMPERATURE ZONE\n<li>Pow\u0142oka po umyciu nie przenosi zapach\u00f3w oraz smak\u00f3w\n<li>Ruszt uniweralny do mi\u0119sa i ryb\n<li>Wyjmowany pojemnik na t\u0142uszcz i odpadki\n<li>Regulowana, dwustopniowa wysoko\u015b\u0107 rusztu\n<li>Osobne sterowanie dla ka\u017cdej ze stref<br \/>\n","protected":false},"excerpt":{"rendered":"<p>Urz\u0105dzenia przeznaczone s\u0105 do stosowania profesjonalnego u\u017cytku w zak\u0142adach zbiorowego \u017cywienia. S\u0142u\u017c\u0105 do obr\u00f3bki termicznej \u017cywno\u015bci w procesie opiekania bez u\u017cycia t\u0142uszcz\u00f3w. \u015awietnie sprawdz\u0105 si\u0119 jako wyposa\u017canie punkt\u00f3w ma\u0142ej gastronomii, bar\u00f3w, restauracji oraz innych zak\u0142ad\u00f3w zbiorowego \u017cywienia. DUAL TEMPERATURE ZONE Pow\u0142oka po umyciu nie przenosi zapach\u00f3w oraz smak\u00f3w Ruszt uniweralny do mi\u0119sa i ryb Wyjmowany [&hellip;]<\/p>\n","protected":false},"featured_media":26921,"template":"","meta":{"_et_pb_use_builder":"","_et_pb_old_content":"","_et_gb_content_width":""},"pwb-brand":[1000],"product_brand":[],"product_cat":[673],"product_tag":[],"class_list":{"0":"post-26624","1":"product","2":"type-product","3":"status-publish","4":"has-post-thumbnail","6":"pwb-brand-kromet","7":"product_cat-grille-gastronomiczne","9":"first","10":"instock","11":"taxable","12":"shipping-taxable","13":"purchasable","14":"product-type-simple"},"brands":[{"id":1000,"name":"Kromet","slug":"kromet"}],"_links":{"self":[{"href":"https:\/\/www.multifrigo.pl\/sklep\/wp-json\/wp\/v2\/product\/26624","targetHints":{"allow":["GET"]}}],"collection":[{"href":"https:\/\/www.multifrigo.pl\/sklep\/wp-json\/wp\/v2\/product"}],"about":[{"href":"https:\/\/www.multifrigo.pl\/sklep\/wp-json\/wp\/v2\/types\/product"}],"wp:featuredmedia":[{"embeddable":true,"href":"https:\/\/www.multifrigo.pl\/sklep\/wp-json\/wp\/v2\/media\/26921"}],"wp:attachment":[{"href":"https:\/\/www.multifrigo.pl\/sklep\/wp-json\/wp\/v2\/media?parent=26624"}],"wp:term":[{"taxonomy":"pwb-brand","embeddable":true,"href":"https:\/\/www.multifrigo.pl\/sklep\/wp-json\/wp\/v2\/pwb-brand?post=26624"},{"taxonomy":"product_brand","embeddable":true,"href":"https:\/\/www.multifrigo.pl\/sklep\/wp-json\/wp\/v2\/product_brand?post=26624"},{"taxonomy":"product_cat","embeddable":true,"href":"https:\/\/www.multifrigo.pl\/sklep\/wp-json\/wp\/v2\/product_cat?post=26624"},{"taxonomy":"product_tag","embeddable":true,"href":"https:\/\/www.multifrigo.pl\/sklep\/wp-json\/wp\/v2\/product_tag?post=26624"}],"curies":[{"name":"wp","href":"https:\/\/api.w.org\/{rel}","templated":true}]}}