{"id":26632,"date":"2024-07-30T13:52:30","date_gmt":"2024-07-30T13:52:30","guid":{"rendered":"https:\/\/multifrigo.pl\/sklep\/produkt\/bemar-elektryczny-07kw-kromet-700-be-1\/"},"modified":"2025-08-04T13:28:57","modified_gmt":"2025-08-04T13:28:57","slug":"bemar-elektryczny-07kw-kromet-700-be-1","status":"publish","type":"product","link":"https:\/\/www.multifrigo.pl\/sklep\/produkt\/bemar-elektryczny-07kw-kromet-700-be-1\/","title":{"rendered":"Bemar elektryczny 0,7kW | Kromet 700.BE-1"},"content":{"rendered":"<p>Bemar jest niezb\u0119dnym urz\u0105dzeniem gastronomicznym. Utrzymanie posi\u0142k\u00f3w w odpowiedniej temperaturze, zdecydowanie u\u0142atwia wydawanie da\u0144. G\u0142\u00f3wn\u0105 zalet\u0105 konstrukcji bemaru marki Kromet jest stal nierdzewna. Materia\u0142 ten zabezpiecza urz\u0105dzenia przed szkodliwym dzia\u0142aniem wody, a tym samym przed korozj\u0105. Energooszcz\u0119dno\u015b\u0107 polega na sta\u0142ym utrzymywaniu potrawy w odpowiedniej temperaturze, dzi\u0119ki precyzyjnemu termostatowi.<\/p>\n<li>Elementy grzejne na zewn\u0105trz zbiornika\n<li>Grza\u0142ki przystosowane do d\u0142ugiej pracy\n<li>P\u0142ynna regulacja temperatury 30-90\u00b0C\n<li>Zaw\u00f3r spustowy z zabezpieczeniem<br \/>\n","protected":false},"excerpt":{"rendered":"<p>Bemar jest niezb\u0119dnym urz\u0105dzeniem gastronomicznym. Utrzymanie posi\u0142k\u00f3w w odpowiedniej temperaturze, zdecydowanie u\u0142atwia wydawanie da\u0144. G\u0142\u00f3wn\u0105 zalet\u0105 konstrukcji bemaru marki Kromet jest stal nierdzewna. Materia\u0142 ten zabezpiecza urz\u0105dzenia przed szkodliwym dzia\u0142aniem wody, a tym samym przed korozj\u0105. Energooszcz\u0119dno\u015b\u0107 polega na sta\u0142ym utrzymywaniu potrawy w odpowiedniej temperaturze, dzi\u0119ki precyzyjnemu termostatowi. Elementy grzejne na zewn\u0105trz zbiornika Grza\u0142ki przystosowane [&hellip;]<\/p>\n","protected":false},"featured_media":26929,"template":"","meta":{"_et_pb_use_builder":"","_et_pb_old_content":"","_et_gb_content_width":""},"pwb-brand":[1000],"product_brand":[],"product_cat":[634],"product_tag":[],"class_list":{"0":"post-26632","1":"product","2":"type-product","3":"status-publish","4":"has-post-thumbnail","6":"pwb-brand-kromet","7":"product_cat-sterowanie-centralne","9":"first","10":"instock","11":"taxable","12":"shipping-taxable","13":"purchasable","14":"product-type-simple"},"brands":[{"id":1000,"name":"Kromet","slug":"kromet"}],"_links":{"self":[{"href":"https:\/\/www.multifrigo.pl\/sklep\/wp-json\/wp\/v2\/product\/26632","targetHints":{"allow":["GET"]}}],"collection":[{"href":"https:\/\/www.multifrigo.pl\/sklep\/wp-json\/wp\/v2\/product"}],"about":[{"href":"https:\/\/www.multifrigo.pl\/sklep\/wp-json\/wp\/v2\/types\/product"}],"wp:featuredmedia":[{"embeddable":true,"href":"https:\/\/www.multifrigo.pl\/sklep\/wp-json\/wp\/v2\/media\/26929"}],"wp:attachment":[{"href":"https:\/\/www.multifrigo.pl\/sklep\/wp-json\/wp\/v2\/media?parent=26632"}],"wp:term":[{"taxonomy":"pwb-brand","embeddable":true,"href":"https:\/\/www.multifrigo.pl\/sklep\/wp-json\/wp\/v2\/pwb-brand?post=26632"},{"taxonomy":"product_brand","embeddable":true,"href":"https:\/\/www.multifrigo.pl\/sklep\/wp-json\/wp\/v2\/product_brand?post=26632"},{"taxonomy":"product_cat","embeddable":true,"href":"https:\/\/www.multifrigo.pl\/sklep\/wp-json\/wp\/v2\/product_cat?post=26632"},{"taxonomy":"product_tag","embeddable":true,"href":"https:\/\/www.multifrigo.pl\/sklep\/wp-json\/wp\/v2\/product_tag?post=26632"}],"curies":[{"name":"wp","href":"https:\/\/api.w.org\/{rel}","templated":true}]}}