{"id":26640,"date":"2024-07-30T13:52:33","date_gmt":"2024-07-30T13:52:33","guid":{"rendered":"https:\/\/multifrigo.pl\/sklep\/produkt\/patelnia-gazowa-przechylna-50-l-10-kw-kromet-700-ptg-03\/"},"modified":"2025-08-04T13:29:22","modified_gmt":"2025-08-04T13:29:22","slug":"patelnia-gazowa-przechylna-50-l-10-kw-kromet-700-ptg-03","status":"publish","type":"product","link":"https:\/\/www.multifrigo.pl\/sklep\/produkt\/patelnia-gazowa-przechylna-50-l-10-kw-kromet-700-ptg-03\/","title":{"rendered":"Patelnia gazowa przechylna 50 l 10 kW | Kromet 700.PTG-03"},"content":{"rendered":"<p>Patelnie elektryczne i gazowe wykonane s\u0105 z wysokogatunkowej stali nierdzewnej AISI 304 odpornej na korozje, sole, kwasy. Dzi\u0119ki r\u00f3wnomiernemu rozk\u0142adowi temperatury zapewniony jest komfort pracy u\u017cytkownika. Patelnie wyposa\u017cone s\u0105 w standardzie w wylewk\u0119 doprowadzaj\u0105c\u0105 wod\u0119. Przechy\u0142 patelni znacznie u\u0142atwia \u015bci\u0105ganie potraw, a tak\u017ce u\u0142atwia czyszczenie trudno dost\u0119pnych miejsc. W patelniach gazowych sta\u0142y p\u0142omie\u0144 palnika pilotuj\u0105cego, umo\u017cliwia utrzymanie urz\u0105dzenia w pe\u0142nej gotowo\u015bci do wznowienia pracy na pe\u0142nym lub zredukowanym p\u0142omieniu. Zabezpieczenie przeciwwyp\u0142ywowe gazu. Komfort odpalania palnika dzi\u0119ki zastosowaniu zapalacza piezoelektrycznego. Wysoka sprawno\u015b\u0107 palnika przek\u0142ada si\u0119 na szybkie podgrzanie zawarto\u015bci misy.<\/p>\n<li>Ergonomiczny uchwyt\n<li>Wylewka doprowadzaj\u0105ca wod\u0119 do patelni\n<li>Misa patelni wykonana ze stali AISI 304\n<li>Ergonomiczne pokr\u0119t\u0142o z wyra\u017anym zakresem temperatur\n<li>Dno misy o grubo\u015bci 8 mm gwarantuje stabiln\u0105 i r\u00f3wn\u0105 temperatur\u0119<br \/>\n","protected":false},"excerpt":{"rendered":"<p>Patelnie elektryczne i gazowe wykonane s\u0105 z wysokogatunkowej stali nierdzewnej AISI 304 odpornej na korozje, sole, kwasy. Dzi\u0119ki r\u00f3wnomiernemu rozk\u0142adowi temperatury zapewniony jest komfort pracy u\u017cytkownika. Patelnie wyposa\u017cone s\u0105 w standardzie w wylewk\u0119 doprowadzaj\u0105c\u0105 wod\u0119. Przechy\u0142 patelni znacznie u\u0142atwia \u015bci\u0105ganie potraw, a tak\u017ce u\u0142atwia czyszczenie trudno dost\u0119pnych miejsc. W patelniach gazowych sta\u0142y p\u0142omie\u0144 palnika pilotuj\u0105cego, [&hellip;]<\/p>\n","protected":false},"featured_media":26937,"template":"","meta":{"_et_pb_use_builder":"","_et_pb_old_content":"","_et_gb_content_width":""},"pwb-brand":[1000],"product_brand":[],"product_cat":[476],"product_tag":[],"class_list":{"0":"post-26640","1":"product","2":"type-product","3":"status-publish","4":"has-post-thumbnail","6":"pwb-brand-kromet","7":"product_cat-patelnie-uchylne","9":"first","10":"instock","11":"taxable","12":"shipping-taxable","13":"purchasable","14":"product-type-simple"},"brands":[{"id":1000,"name":"Kromet","slug":"kromet"}],"_links":{"self":[{"href":"https:\/\/www.multifrigo.pl\/sklep\/wp-json\/wp\/v2\/product\/26640","targetHints":{"allow":["GET"]}}],"collection":[{"href":"https:\/\/www.multifrigo.pl\/sklep\/wp-json\/wp\/v2\/product"}],"about":[{"href":"https:\/\/www.multifrigo.pl\/sklep\/wp-json\/wp\/v2\/types\/product"}],"wp:featuredmedia":[{"embeddable":true,"href":"https:\/\/www.multifrigo.pl\/sklep\/wp-json\/wp\/v2\/media\/26937"}],"wp:attachment":[{"href":"https:\/\/www.multifrigo.pl\/sklep\/wp-json\/wp\/v2\/media?parent=26640"}],"wp:term":[{"taxonomy":"pwb-brand","embeddable":true,"href":"https:\/\/www.multifrigo.pl\/sklep\/wp-json\/wp\/v2\/pwb-brand?post=26640"},{"taxonomy":"product_brand","embeddable":true,"href":"https:\/\/www.multifrigo.pl\/sklep\/wp-json\/wp\/v2\/product_brand?post=26640"},{"taxonomy":"product_cat","embeddable":true,"href":"https:\/\/www.multifrigo.pl\/sklep\/wp-json\/wp\/v2\/product_cat?post=26640"},{"taxonomy":"product_tag","embeddable":true,"href":"https:\/\/www.multifrigo.pl\/sklep\/wp-json\/wp\/v2\/product_tag?post=26640"}],"curies":[{"name":"wp","href":"https:\/\/api.w.org\/{rel}","templated":true}]}}