{"id":26641,"date":"2024-07-30T13:52:33","date_gmt":"2024-07-30T13:52:33","guid":{"rendered":"https:\/\/multifrigo.pl\/sklep\/produkt\/podstawa-otwarta-200-mm-kromet-700-t-200\/"},"modified":"2025-08-04T13:29:24","modified_gmt":"2025-08-04T13:29:24","slug":"podstawa-otwarta-200-mm-kromet-700-t-200","status":"publish","type":"product","link":"https:\/\/www.multifrigo.pl\/sklep\/produkt\/podstawa-otwarta-200-mm-kromet-700-t-200\/","title":{"rendered":"Podstawa otwarta 200 mm | Kromet 700.T-200"},"content":{"rendered":"<li>Specjalnie zaprojektowana do wsp\u00f3\u0142pracy z urz\u0105dzeniami grzewczymi linii Kromet 700.\n<li>Wymiary gwarantuj\u0105ce doskona\u0142e dopasowanie i stabilno\u015b\u0107.\n<li>Otwarta konstrukcja podstawy u\u0142atwia dost\u0119p do przechowywanych przedmiot\u00f3w oraz umo\u017cliwia \u0142atwe czyszczenie i utrzymanie porz\u0105dku w przestrzeni kuchennej.<br \/>\n","protected":false},"excerpt":{"rendered":"<p>Specjalnie zaprojektowana do wsp\u00f3\u0142pracy z urz\u0105dzeniami grzewczymi linii Kromet 700. Wymiary gwarantuj\u0105ce doskona\u0142e dopasowanie i stabilno\u015b\u0107. Otwarta konstrukcja podstawy u\u0142atwia dost\u0119p do przechowywanych przedmiot\u00f3w oraz umo\u017cliwia \u0142atwe czyszczenie i utrzymanie porz\u0105dku w przestrzeni kuchennej.<\/p>\n","protected":false},"featured_media":26938,"template":"","meta":{"_et_pb_use_builder":"","_et_pb_old_content":"","_et_gb_content_width":""},"pwb-brand":[1000],"product_brand":[],"product_cat":[1007],"product_tag":[],"class_list":{"0":"post-26641","1":"product","2":"type-product","3":"status-publish","4":"has-post-thumbnail","6":"pwb-brand-kromet","7":"product_cat-podstawy-pod-inne-urzadzenia","9":"first","10":"instock","11":"taxable","12":"shipping-taxable","13":"purchasable","14":"product-type-simple"},"brands":[{"id":1000,"name":"Kromet","slug":"kromet"}],"_links":{"self":[{"href":"https:\/\/www.multifrigo.pl\/sklep\/wp-json\/wp\/v2\/product\/26641","targetHints":{"allow":["GET"]}}],"collection":[{"href":"https:\/\/www.multifrigo.pl\/sklep\/wp-json\/wp\/v2\/product"}],"about":[{"href":"https:\/\/www.multifrigo.pl\/sklep\/wp-json\/wp\/v2\/types\/product"}],"wp:featuredmedia":[{"embeddable":true,"href":"https:\/\/www.multifrigo.pl\/sklep\/wp-json\/wp\/v2\/media\/26938"}],"wp:attachment":[{"href":"https:\/\/www.multifrigo.pl\/sklep\/wp-json\/wp\/v2\/media?parent=26641"}],"wp:term":[{"taxonomy":"pwb-brand","embeddable":true,"href":"https:\/\/www.multifrigo.pl\/sklep\/wp-json\/wp\/v2\/pwb-brand?post=26641"},{"taxonomy":"product_brand","embeddable":true,"href":"https:\/\/www.multifrigo.pl\/sklep\/wp-json\/wp\/v2\/product_brand?post=26641"},{"taxonomy":"product_cat","embeddable":true,"href":"https:\/\/www.multifrigo.pl\/sklep\/wp-json\/wp\/v2\/product_cat?post=26641"},{"taxonomy":"product_tag","embeddable":true,"href":"https:\/\/www.multifrigo.pl\/sklep\/wp-json\/wp\/v2\/product_tag?post=26641"}],"curies":[{"name":"wp","href":"https:\/\/api.w.org\/{rel}","templated":true}]}}