{"id":26646,"date":"2024-07-30T13:52:35","date_gmt":"2024-07-30T13:52:35","guid":{"rendered":"https:\/\/multifrigo.pl\/sklep\/produkt\/podstawa-szafkowa-400-mm-kromet-700-s-400\/"},"modified":"2025-08-04T13:29:40","modified_gmt":"2025-08-04T13:29:40","slug":"podstawa-szafkowa-400-mm-kromet-700-s-400","status":"publish","type":"product","link":"https:\/\/www.multifrigo.pl\/sklep\/produkt\/podstawa-szafkowa-400-mm-kromet-700-s-400\/","title":{"rendered":"Podstawa szafkowa 400 mm | Kromet 700.S-400"},"content":{"rendered":"<p>Specjalnie zaprojektowana do wsp\u00f3\u0142pracy z urz\u0105dzeniami grzewczymi linii Kromet 700.<\/p>\n","protected":false},"excerpt":{"rendered":"<p>Specjalnie zaprojektowana do wsp\u00f3\u0142pracy z urz\u0105dzeniami grzewczymi linii Kromet 700.<\/p>\n","protected":false},"featured_media":26943,"template":"","meta":{"_et_pb_use_builder":"","_et_pb_old_content":"","_et_gb_content_width":""},"pwb-brand":[1000],"product_brand":[],"product_cat":[1007],"product_tag":[],"class_list":{"0":"post-26646","1":"product","2":"type-product","3":"status-publish","4":"has-post-thumbnail","6":"pwb-brand-kromet","7":"product_cat-podstawy-pod-inne-urzadzenia","9":"first","10":"instock","11":"taxable","12":"shipping-taxable","13":"purchasable","14":"product-type-simple"},"brands":[{"id":1000,"name":"Kromet","slug":"kromet"}],"_links":{"self":[{"href":"https:\/\/www.multifrigo.pl\/sklep\/wp-json\/wp\/v2\/product\/26646","targetHints":{"allow":["GET"]}}],"collection":[{"href":"https:\/\/www.multifrigo.pl\/sklep\/wp-json\/wp\/v2\/product"}],"about":[{"href":"https:\/\/www.multifrigo.pl\/sklep\/wp-json\/wp\/v2\/types\/product"}],"wp:featuredmedia":[{"embeddable":true,"href":"https:\/\/www.multifrigo.pl\/sklep\/wp-json\/wp\/v2\/media\/26943"}],"wp:attachment":[{"href":"https:\/\/www.multifrigo.pl\/sklep\/wp-json\/wp\/v2\/media?parent=26646"}],"wp:term":[{"taxonomy":"pwb-brand","embeddable":true,"href":"https:\/\/www.multifrigo.pl\/sklep\/wp-json\/wp\/v2\/pwb-brand?post=26646"},{"taxonomy":"product_brand","embeddable":true,"href":"https:\/\/www.multifrigo.pl\/sklep\/wp-json\/wp\/v2\/product_brand?post=26646"},{"taxonomy":"product_cat","embeddable":true,"href":"https:\/\/www.multifrigo.pl\/sklep\/wp-json\/wp\/v2\/product_cat?post=26646"},{"taxonomy":"product_tag","embeddable":true,"href":"https:\/\/www.multifrigo.pl\/sklep\/wp-json\/wp\/v2\/product_tag?post=26646"}],"curies":[{"name":"wp","href":"https:\/\/api.w.org\/{rel}","templated":true}]}}