{"id":26660,"date":"2024-07-30T13:52:38","date_gmt":"2024-07-30T13:52:38","guid":{"rendered":"https:\/\/multifrigo.pl\/sklep\/produkt\/kuchnia-elektryczna-na-podstawie-otwartej-2-plytowa-2x26kw-kromet-000-ke-2m\/"},"modified":"2025-08-04T13:30:20","modified_gmt":"2025-08-04T13:30:20","slug":"kuchnia-elektryczna-na-podstawie-otwartej-2-plytowa-2x26kw-kromet-000-ke-2m","status":"publish","type":"product","link":"https:\/\/www.multifrigo.pl\/sklep\/produkt\/kuchnia-elektryczna-na-podstawie-otwartej-2-plytowa-2x26kw-kromet-000-ke-2m\/","title":{"rendered":"Kuchnia elektryczna na podstawie otwartej 2-p\u0142ytowa 2&#215;2,6kW | Kromet 000.KE-2M"},"content":{"rendered":"<li>P\u0142yty g\u00f3rne wykonane z stali AISI 304\n<li>T\u0142oczone p\u0142yty g\u00f3rne uniemo\u017cliwiaj\u0105 zaciekanie do wn\u0119trza urz\u0105dzenia\n<li>7-stopniowa regulacja temperatury<br \/>\n","protected":false},"excerpt":{"rendered":"<p>P\u0142yty g\u00f3rne wykonane z stali AISI 304 T\u0142oczone p\u0142yty g\u00f3rne uniemo\u017cliwiaj\u0105 zaciekanie do wn\u0119trza urz\u0105dzenia 7-stopniowa regulacja temperatury<\/p>\n","protected":false},"featured_media":26951,"template":"","meta":{"_et_pb_use_builder":"","_et_pb_old_content":"","_et_gb_content_width":""},"pwb-brand":[1000],"product_brand":[],"product_cat":[579],"product_tag":[],"class_list":{"0":"post-26660","1":"product","2":"type-product","3":"status-publish","4":"has-post-thumbnail","6":"pwb-brand-kromet","7":"product_cat-2-plytowe","9":"first","10":"instock","11":"taxable","12":"shipping-taxable","13":"purchasable","14":"product-type-simple"},"brands":[{"id":1000,"name":"Kromet","slug":"kromet"}],"_links":{"self":[{"href":"https:\/\/www.multifrigo.pl\/sklep\/wp-json\/wp\/v2\/product\/26660","targetHints":{"allow":["GET"]}}],"collection":[{"href":"https:\/\/www.multifrigo.pl\/sklep\/wp-json\/wp\/v2\/product"}],"about":[{"href":"https:\/\/www.multifrigo.pl\/sklep\/wp-json\/wp\/v2\/types\/product"}],"wp:featuredmedia":[{"embeddable":true,"href":"https:\/\/www.multifrigo.pl\/sklep\/wp-json\/wp\/v2\/media\/26951"}],"wp:attachment":[{"href":"https:\/\/www.multifrigo.pl\/sklep\/wp-json\/wp\/v2\/media?parent=26660"}],"wp:term":[{"taxonomy":"pwb-brand","embeddable":true,"href":"https:\/\/www.multifrigo.pl\/sklep\/wp-json\/wp\/v2\/pwb-brand?post=26660"},{"taxonomy":"product_brand","embeddable":true,"href":"https:\/\/www.multifrigo.pl\/sklep\/wp-json\/wp\/v2\/product_brand?post=26660"},{"taxonomy":"product_cat","embeddable":true,"href":"https:\/\/www.multifrigo.pl\/sklep\/wp-json\/wp\/v2\/product_cat?post=26660"},{"taxonomy":"product_tag","embeddable":true,"href":"https:\/\/www.multifrigo.pl\/sklep\/wp-json\/wp\/v2\/product_tag?post=26660"}],"curies":[{"name":"wp","href":"https:\/\/api.w.org\/{rel}","templated":true}]}}