{"id":26669,"date":"2024-07-30T13:52:40","date_gmt":"2024-07-30T13:52:40","guid":{"rendered":"https:\/\/multifrigo.pl\/sklep\/produkt\/kuchnia-elektryczna-z-piekarnikiem-elektrycznym-4x40-kw-35kw-kromet-000-kez-4u-pe-1t\/"},"modified":"2025-08-04T13:30:49","modified_gmt":"2025-08-04T13:30:49","slug":"kuchnia-elektryczna-z-piekarnikiem-elektrycznym-4x40-kw-35kw-kromet-000-kez-4u-pe-1t","status":"publish","type":"product","link":"https:\/\/www.multifrigo.pl\/sklep\/produkt\/kuchnia-elektryczna-z-piekarnikiem-elektrycznym-4x40-kw-35kw-kromet-000-kez-4u-pe-1t\/","title":{"rendered":"Kuchnia elektryczna z piekarnikiem elektrycznym 4&#215;4,0 kW + 3,5kW | Kromet 000.KEZ-4u\/PE-1T"},"content":{"rendered":"<li>Du\u017ca jednolita powierzchnia p\u0142yty oferuje mo\u017cliwo\u015b\u0107 grzania jednocze\u015bnie wielu naczy\u0144 Ca\u0142a powierzchnia p\u0142yty zapewnia r\u00f3wnomierny rozk\u0142ad temperatury.\n<li>P\u0142yty umo\u017cliwiaj\u0105ce wykorzystanie ca\u0142ej powierzchni grzewcze\n<li>Stabilna konstrukcja dzi\u0119ki zastosowaniu blachy grubo\u015bci 1,5 mm\n<li>\u0141atwe czyszczenie dzi\u0119ki zastosowaniu mechanizmu uchylnego p\u0142yt grzejnych<br \/>\n","protected":false},"excerpt":{"rendered":"<p>Du\u017ca jednolita powierzchnia p\u0142yty oferuje mo\u017cliwo\u015b\u0107 grzania jednocze\u015bnie wielu naczy\u0144 Ca\u0142a powierzchnia p\u0142yty zapewnia r\u00f3wnomierny rozk\u0142ad temperatury. P\u0142yty umo\u017cliwiaj\u0105ce wykorzystanie ca\u0142ej powierzchni grzewcze Stabilna konstrukcja dzi\u0119ki zastosowaniu blachy grubo\u015bci 1,5 mm \u0141atwe czyszczenie dzi\u0119ki zastosowaniu mechanizmu uchylnego p\u0142yt grzejnych<\/p>\n","protected":false},"featured_media":27120,"template":"","meta":{"_et_pb_use_builder":"","_et_pb_old_content":"","_et_gb_content_width":""},"pwb-brand":[1000],"product_brand":[],"product_cat":[5022],"product_tag":[],"class_list":{"0":"post-26669","1":"product","2":"type-product","3":"status-publish","4":"has-post-thumbnail","6":"pwb-brand-kromet","7":"product_cat-4-plytowe-z-piekarnikiem","9":"first","10":"instock","11":"taxable","12":"shipping-taxable","13":"purchasable","14":"product-type-simple"},"brands":[{"id":1000,"name":"Kromet","slug":"kromet"}],"_links":{"self":[{"href":"https:\/\/www.multifrigo.pl\/sklep\/wp-json\/wp\/v2\/product\/26669","targetHints":{"allow":["GET"]}}],"collection":[{"href":"https:\/\/www.multifrigo.pl\/sklep\/wp-json\/wp\/v2\/product"}],"about":[{"href":"https:\/\/www.multifrigo.pl\/sklep\/wp-json\/wp\/v2\/types\/product"}],"wp:featuredmedia":[{"embeddable":true,"href":"https:\/\/www.multifrigo.pl\/sklep\/wp-json\/wp\/v2\/media\/27120"}],"wp:attachment":[{"href":"https:\/\/www.multifrigo.pl\/sklep\/wp-json\/wp\/v2\/media?parent=26669"}],"wp:term":[{"taxonomy":"pwb-brand","embeddable":true,"href":"https:\/\/www.multifrigo.pl\/sklep\/wp-json\/wp\/v2\/pwb-brand?post=26669"},{"taxonomy":"product_brand","embeddable":true,"href":"https:\/\/www.multifrigo.pl\/sklep\/wp-json\/wp\/v2\/product_brand?post=26669"},{"taxonomy":"product_cat","embeddable":true,"href":"https:\/\/www.multifrigo.pl\/sklep\/wp-json\/wp\/v2\/product_cat?post=26669"},{"taxonomy":"product_tag","embeddable":true,"href":"https:\/\/www.multifrigo.pl\/sklep\/wp-json\/wp\/v2\/product_tag?post=26669"}],"curies":[{"name":"wp","href":"https:\/\/api.w.org\/{rel}","templated":true}]}}