{"id":26670,"date":"2024-07-30T13:52:40","date_gmt":"2024-07-30T13:52:40","guid":{"rendered":"https:\/\/multifrigo.pl\/sklep\/produkt\/kuchnia-gazowa-4-palnikowa-1x45kw-1x75kw-2x90-kw-kromet-900-kg-4\/"},"modified":"2025-08-04T13:30:52","modified_gmt":"2025-08-04T13:30:52","slug":"kuchnia-gazowa-4-palnikowa-1x45kw-1x75kw-2x90-kw-kromet-900-kg-4","status":"publish","type":"product","link":"https:\/\/www.multifrigo.pl\/sklep\/produkt\/kuchnia-gazowa-4-palnikowa-1x45kw-1x75kw-2x90-kw-kromet-900-kg-4\/","title":{"rendered":"Kuchnia gazowa 4 palnikowa 1&#215;4,5kW+ 1&#215;7,5kW + 2&#215;9,0 kW | Kromet 900.KG-4"},"content":{"rendered":"<ul>\n<li>P\u0142yta g\u00f3rna ze stali nierdzewnej o grubo\u015bci 1,5 mm<\/li>\n<li>Spersonalizowane pozycje i moce palnik\u00f3w (za dop\u0142at\u0105 300 z\u0142\/1 palnik)<\/li>\n<li>Wyprofilowanie frontu gwarantuj\u0105ce czysto\u015b\u0107 pokr\u0119te\u0142<\/li>\n<li>Energooszcz\u0119dno\u015b\u0107<\/li>\n<li>Mocne palniki dwukoronowe &#8211; 9,0 kW<\/li>\n<li>Du\u017ce ergonomiczne pokr\u0119t\u0142a z pier\u015bcieniem zabezpieczaj\u0105cym<\/li>\n<\/ul>\n","protected":false},"excerpt":{"rendered":"<p>P\u0142yta g\u00f3rna ze stali nierdzewnej o grubo\u015bci 1,5 mm Spersonalizowane pozycje i moce palnik\u00f3w (za dop\u0142at\u0105 300 z\u0142\/1 palnik) Wyprofilowanie frontu gwarantuj\u0105ce czysto\u015b\u0107 pokr\u0119te\u0142 Energooszcz\u0119dno\u015b\u0107 Mocne palniki dwukoronowe &#8211; 9,0 kW Du\u017ce ergonomiczne pokr\u0119t\u0142a z pier\u015bcieniem zabezpieczaj\u0105cym<\/p>\n","protected":false},"featured_media":29249,"template":"","meta":{"_et_pb_use_builder":"","_et_pb_old_content":"","_et_gb_content_width":""},"pwb-brand":[1000],"product_brand":[],"product_cat":[588],"product_tag":[],"class_list":{"0":"post-26670","1":"product","2":"type-product","3":"status-publish","4":"has-post-thumbnail","6":"pwb-brand-kromet","7":"product_cat-4-palnikowe","9":"first","10":"instock","11":"taxable","12":"shipping-taxable","13":"purchasable","14":"product-type-simple"},"brands":[{"id":1000,"name":"Kromet","slug":"kromet"}],"_links":{"self":[{"href":"https:\/\/www.multifrigo.pl\/sklep\/wp-json\/wp\/v2\/product\/26670","targetHints":{"allow":["GET"]}}],"collection":[{"href":"https:\/\/www.multifrigo.pl\/sklep\/wp-json\/wp\/v2\/product"}],"about":[{"href":"https:\/\/www.multifrigo.pl\/sklep\/wp-json\/wp\/v2\/types\/product"}],"wp:featuredmedia":[{"embeddable":true,"href":"https:\/\/www.multifrigo.pl\/sklep\/wp-json\/wp\/v2\/media\/29249"}],"wp:attachment":[{"href":"https:\/\/www.multifrigo.pl\/sklep\/wp-json\/wp\/v2\/media?parent=26670"}],"wp:term":[{"taxonomy":"pwb-brand","embeddable":true,"href":"https:\/\/www.multifrigo.pl\/sklep\/wp-json\/wp\/v2\/pwb-brand?post=26670"},{"taxonomy":"product_brand","embeddable":true,"href":"https:\/\/www.multifrigo.pl\/sklep\/wp-json\/wp\/v2\/product_brand?post=26670"},{"taxonomy":"product_cat","embeddable":true,"href":"https:\/\/www.multifrigo.pl\/sklep\/wp-json\/wp\/v2\/product_cat?post=26670"},{"taxonomy":"product_tag","embeddable":true,"href":"https:\/\/www.multifrigo.pl\/sklep\/wp-json\/wp\/v2\/product_tag?post=26670"}],"curies":[{"name":"wp","href":"https:\/\/api.w.org\/{rel}","templated":true}]}}