{"id":26676,"date":"2024-07-30T13:52:42","date_gmt":"2024-07-30T13:52:42","guid":{"rendered":"https:\/\/multifrigo.pl\/sklep\/produkt\/kuchnia-gazowa-6-palnikowa-2x45kw-2x75kw-2x90-kw-na-podstawie-szafkowej-otwartej-kromet-900-kg-6-s\/"},"modified":"2025-08-04T13:31:15","modified_gmt":"2025-08-04T13:31:15","slug":"kuchnia-gazowa-6-palnikowa-2x45kw-2x75kw-2x90-kw-na-podstawie-szafkowej-otwartej-kromet-900-kg-6-s","status":"publish","type":"product","link":"https:\/\/www.multifrigo.pl\/sklep\/produkt\/kuchnia-gazowa-6-palnikowa-2x45kw-2x75kw-2x90-kw-na-podstawie-szafkowej-otwartej-kromet-900-kg-6-s\/","title":{"rendered":"Kuchnia gazowa 6 palnikowa 2&#215;4,5kW + 2&#215;7,5kW + 2&#215;9,0 kW na podstawie szafkowej otwartej | Kromet 900.KG-6.S"},"content":{"rendered":"<li>P\u0142yta g\u00f3rna ze stali nierdzewnej o grubo\u015bci 1,5 mm\n<li>Spersonalizowane pozycje i moce palnik\u00f3w (za dop\u0142at\u0105 300 z\u0142\/1 palnik)\n<li>Wyprofilowanie frontu gwarantuj\u0105ce czysto\u015b\u0107 pokr\u0119te\u0142\n<li>Energooszcz\u0119dno\u015b\u0107\n<li>Mocne palniki dwukoronowe &#8211; 9,0 kW\n<li>Du\u017ce ergonomiczne pokr\u0119t\u0142a z pier\u015bcieniem zabezpieczaj\u0105cym<br \/>\n","protected":false},"excerpt":{"rendered":"<p>P\u0142yta g\u00f3rna ze stali nierdzewnej o grubo\u015bci 1,5 mm Spersonalizowane pozycje i moce palnik\u00f3w (za dop\u0142at\u0105 300 z\u0142\/1 palnik) Wyprofilowanie frontu gwarantuj\u0105ce czysto\u015b\u0107 pokr\u0119te\u0142 Energooszcz\u0119dno\u015b\u0107 Mocne palniki dwukoronowe &#8211; 9,0 kW Du\u017ce ergonomiczne pokr\u0119t\u0142a z pier\u015bcieniem zabezpieczaj\u0105cym<\/p>\n","protected":false},"featured_media":26961,"template":"","meta":{"_et_pb_use_builder":"","_et_pb_old_content":"","_et_gb_content_width":""},"pwb-brand":[1000],"product_brand":[],"product_cat":[591],"product_tag":[],"class_list":{"0":"post-26676","1":"product","2":"type-product","3":"status-publish","4":"has-post-thumbnail","6":"pwb-brand-kromet","7":"product_cat-6-palnikowe","9":"first","10":"instock","11":"taxable","12":"shipping-taxable","13":"purchasable","14":"product-type-simple"},"brands":[{"id":1000,"name":"Kromet","slug":"kromet"}],"_links":{"self":[{"href":"https:\/\/www.multifrigo.pl\/sklep\/wp-json\/wp\/v2\/product\/26676","targetHints":{"allow":["GET"]}}],"collection":[{"href":"https:\/\/www.multifrigo.pl\/sklep\/wp-json\/wp\/v2\/product"}],"about":[{"href":"https:\/\/www.multifrigo.pl\/sklep\/wp-json\/wp\/v2\/types\/product"}],"wp:featuredmedia":[{"embeddable":true,"href":"https:\/\/www.multifrigo.pl\/sklep\/wp-json\/wp\/v2\/media\/26961"}],"wp:attachment":[{"href":"https:\/\/www.multifrigo.pl\/sklep\/wp-json\/wp\/v2\/media?parent=26676"}],"wp:term":[{"taxonomy":"pwb-brand","embeddable":true,"href":"https:\/\/www.multifrigo.pl\/sklep\/wp-json\/wp\/v2\/pwb-brand?post=26676"},{"taxonomy":"product_brand","embeddable":true,"href":"https:\/\/www.multifrigo.pl\/sklep\/wp-json\/wp\/v2\/product_brand?post=26676"},{"taxonomy":"product_cat","embeddable":true,"href":"https:\/\/www.multifrigo.pl\/sklep\/wp-json\/wp\/v2\/product_cat?post=26676"},{"taxonomy":"product_tag","embeddable":true,"href":"https:\/\/www.multifrigo.pl\/sklep\/wp-json\/wp\/v2\/product_tag?post=26676"}],"curies":[{"name":"wp","href":"https:\/\/api.w.org\/{rel}","templated":true}]}}