{"id":26681,"date":"2024-07-30T13:52:43","date_gmt":"2024-07-30T13:52:43","guid":{"rendered":"https:\/\/multifrigo.pl\/sklep\/produkt\/kuchnia-elektryczna-4-plytowa-900-mm-4x40-kw-na-podstawie-szafkowej-zamknietej-kromet-900-ke-4-s-d\/"},"modified":"2025-08-04T13:31:31","modified_gmt":"2025-08-04T13:31:31","slug":"kuchnia-elektryczna-4-plytowa-900-mm-4x40-kw-na-podstawie-szafkowej-zamknietej-kromet-900-ke-4-s-d","status":"publish","type":"product","link":"https:\/\/www.multifrigo.pl\/sklep\/produkt\/kuchnia-elektryczna-4-plytowa-900-mm-4x40-kw-na-podstawie-szafkowej-zamknietej-kromet-900-ke-4-s-d\/","title":{"rendered":"Kuchnia elektryczna 4 p\u0142ytowa 900 mm 4&#215;4,0 kW na podstawie szafkowej zamkni\u0119tej | Kromet 900.KE-4.S.D"},"content":{"rendered":"<li>P\u0142yta g\u00f3rna ze stali nierdzewnej o grubo\u015bci 1,5 mm\n<li>Kwadratowe p\u0142yty szybkogrzejne 300x300mm\n<li>Du\u017ce ergonomiczne pokr\u0119t\u0142a z pier\u015bcieniem zabezpieczaj\u0105cym\n<li>P\u0142yta g\u00f3rna t\u0142oczona zapewniaj\u0105ca \u0142atwe utrzymanie czysto\u015bci\n<li>Sze\u015bciostopniowa regulacja mocy\n<li>Wyprofilowanie frontu gwarantuj\u0105ce czysto\u015b\u0107 pokr\u0119te\u0142<br \/>\n","protected":false},"excerpt":{"rendered":"<p>P\u0142yta g\u00f3rna ze stali nierdzewnej o grubo\u015bci 1,5 mm Kwadratowe p\u0142yty szybkogrzejne 300x300mm Du\u017ce ergonomiczne pokr\u0119t\u0142a z pier\u015bcieniem zabezpieczaj\u0105cym P\u0142yta g\u00f3rna t\u0142oczona zapewniaj\u0105ca \u0142atwe utrzymanie czysto\u015bci Sze\u015bciostopniowa regulacja mocy Wyprofilowanie frontu gwarantuj\u0105ce czysto\u015b\u0107 pokr\u0119te\u0142<\/p>\n","protected":false},"featured_media":26965,"template":"","meta":{"_et_pb_use_builder":"","_et_pb_old_content":"","_et_gb_content_width":""},"pwb-brand":[1000],"product_brand":[],"product_cat":[586,1101],"product_tag":[],"class_list":{"0":"post-26681","1":"product","2":"type-product","3":"status-publish","4":"has-post-thumbnail","6":"pwb-brand-kromet","7":"product_cat-4-plytowe","8":"product_cat-polecane","10":"first","11":"instock","12":"taxable","13":"shipping-taxable","14":"purchasable","15":"product-type-simple"},"brands":[{"id":1000,"name":"Kromet","slug":"kromet"}],"_links":{"self":[{"href":"https:\/\/www.multifrigo.pl\/sklep\/wp-json\/wp\/v2\/product\/26681","targetHints":{"allow":["GET"]}}],"collection":[{"href":"https:\/\/www.multifrigo.pl\/sklep\/wp-json\/wp\/v2\/product"}],"about":[{"href":"https:\/\/www.multifrigo.pl\/sklep\/wp-json\/wp\/v2\/types\/product"}],"wp:featuredmedia":[{"embeddable":true,"href":"https:\/\/www.multifrigo.pl\/sklep\/wp-json\/wp\/v2\/media\/26965"}],"wp:attachment":[{"href":"https:\/\/www.multifrigo.pl\/sklep\/wp-json\/wp\/v2\/media?parent=26681"}],"wp:term":[{"taxonomy":"pwb-brand","embeddable":true,"href":"https:\/\/www.multifrigo.pl\/sklep\/wp-json\/wp\/v2\/pwb-brand?post=26681"},{"taxonomy":"product_brand","embeddable":true,"href":"https:\/\/www.multifrigo.pl\/sklep\/wp-json\/wp\/v2\/product_brand?post=26681"},{"taxonomy":"product_cat","embeddable":true,"href":"https:\/\/www.multifrigo.pl\/sklep\/wp-json\/wp\/v2\/product_cat?post=26681"},{"taxonomy":"product_tag","embeddable":true,"href":"https:\/\/www.multifrigo.pl\/sklep\/wp-json\/wp\/v2\/product_tag?post=26681"}],"curies":[{"name":"wp","href":"https:\/\/api.w.org\/{rel}","templated":true}]}}