{"id":26682,"date":"2024-07-30T13:52:43","date_gmt":"2024-07-30T13:52:43","guid":{"rendered":"https:\/\/multifrigo.pl\/sklep\/produkt\/kuchnia-elektryczna-z-piekarnikiem-elektrycznym-z-termoobiegiem-900-mm-4x4kw-70-kw-piekarnik-kromet-900-ke-4-pe-1t\/"},"modified":"2025-08-04T13:31:39","modified_gmt":"2025-08-04T13:31:39","slug":"kuchnia-elektryczna-z-piekarnikiem-elektrycznym-z-termoobiegiem-900-mm-4x4kw-70-kw-piekarnik-kromet-900-ke-4-pe-1t","status":"publish","type":"product","link":"https:\/\/www.multifrigo.pl\/sklep\/produkt\/kuchnia-elektryczna-z-piekarnikiem-elektrycznym-z-termoobiegiem-900-mm-4x4kw-70-kw-piekarnik-kromet-900-ke-4-pe-1t\/","title":{"rendered":"Kuchnia elektryczna z piekarnikiem elektrycznym z termoobiegiem 900 mm 4x4kW + 7,0 kW (piekarnik) | Kromet 900.KE-4\/PE-1T"},"content":{"rendered":"<li>P\u0142yta g\u00f3rna ze stali nierdzewnej o grubo\u015bci 1,5 mm\n<li>Spersonalizowane pozycje i moce palnik\u00f3w (za dop\u0142at\u0105 300 z\u0142\/1 palnik)\n<li>Wyprofilowanie frontu gwarantuj\u0105ce czysto\u015b\u0107 pokr\u0119te\u0142\n<li>Energooszcz\u0119dno\u015b\u0107\n<li>O\u015bwietlenie halogenowe. Niezale\u017cny w\u0142\u0105cznik o\u015bwietlenia komory\n<li>Podw\u00f3jna szyba w drzwiach gwarantuj\u0105ca doskona\u0142\u0105 barier\u0119 termiczn\u0105\n<li>Nienagrzewaj\u0105cy si\u0119 uchwyt zapewniaj\u0105cy komfort u\u017cytkowania\n<li>Podw\u00f3jna szyba w drzwiach gwarantuj\u0105ca doskona\u0142\u0105 barier\u0119 termiczn\u0105\n<li>Dok\u0142adny czujnik temperatury wewn\u0105trz komory\n<li>Termoobieg<br \/>\n","protected":false},"excerpt":{"rendered":"<p>P\u0142yta g\u00f3rna ze stali nierdzewnej o grubo\u015bci 1,5 mm Spersonalizowane pozycje i moce palnik\u00f3w (za dop\u0142at\u0105 300 z\u0142\/1 palnik) Wyprofilowanie frontu gwarantuj\u0105ce czysto\u015b\u0107 pokr\u0119te\u0142 Energooszcz\u0119dno\u015b\u0107 O\u015bwietlenie halogenowe. Niezale\u017cny w\u0142\u0105cznik o\u015bwietlenia komory Podw\u00f3jna szyba w drzwiach gwarantuj\u0105ca doskona\u0142\u0105 barier\u0119 termiczn\u0105 Nienagrzewaj\u0105cy si\u0119 uchwyt zapewniaj\u0105cy komfort u\u017cytkowania Podw\u00f3jna szyba w drzwiach gwarantuj\u0105ca doskona\u0142\u0105 barier\u0119 termiczn\u0105 Dok\u0142adny czujnik [&hellip;]<\/p>\n","protected":false},"featured_media":27121,"template":"","meta":{"_et_pb_use_builder":"","_et_pb_old_content":"","_et_gb_content_width":""},"pwb-brand":[1000],"product_brand":[],"product_cat":[5022],"product_tag":[],"class_list":{"0":"post-26682","1":"product","2":"type-product","3":"status-publish","4":"has-post-thumbnail","6":"pwb-brand-kromet","7":"product_cat-4-plytowe-z-piekarnikiem","9":"first","10":"instock","11":"taxable","12":"shipping-taxable","13":"purchasable","14":"product-type-simple"},"brands":[{"id":1000,"name":"Kromet","slug":"kromet"}],"_links":{"self":[{"href":"https:\/\/www.multifrigo.pl\/sklep\/wp-json\/wp\/v2\/product\/26682","targetHints":{"allow":["GET"]}}],"collection":[{"href":"https:\/\/www.multifrigo.pl\/sklep\/wp-json\/wp\/v2\/product"}],"about":[{"href":"https:\/\/www.multifrigo.pl\/sklep\/wp-json\/wp\/v2\/types\/product"}],"wp:featuredmedia":[{"embeddable":true,"href":"https:\/\/www.multifrigo.pl\/sklep\/wp-json\/wp\/v2\/media\/27121"}],"wp:attachment":[{"href":"https:\/\/www.multifrigo.pl\/sklep\/wp-json\/wp\/v2\/media?parent=26682"}],"wp:term":[{"taxonomy":"pwb-brand","embeddable":true,"href":"https:\/\/www.multifrigo.pl\/sklep\/wp-json\/wp\/v2\/pwb-brand?post=26682"},{"taxonomy":"product_brand","embeddable":true,"href":"https:\/\/www.multifrigo.pl\/sklep\/wp-json\/wp\/v2\/product_brand?post=26682"},{"taxonomy":"product_cat","embeddable":true,"href":"https:\/\/www.multifrigo.pl\/sklep\/wp-json\/wp\/v2\/product_cat?post=26682"},{"taxonomy":"product_tag","embeddable":true,"href":"https:\/\/www.multifrigo.pl\/sklep\/wp-json\/wp\/v2\/product_tag?post=26682"}],"curies":[{"name":"wp","href":"https:\/\/api.w.org\/{rel}","templated":true}]}}