{"id":26683,"date":"2024-07-30T13:52:43","date_gmt":"2024-07-30T13:52:43","guid":{"rendered":"https:\/\/multifrigo.pl\/sklep\/produkt\/frytownica-elektryczna-z-szafka-1x23l-135kw-kromet-900-fe-18f\/"},"modified":"2025-08-04T13:31:42","modified_gmt":"2025-08-04T13:31:42","slug":"frytownica-elektryczna-z-szafka-1x23l-135kw-kromet-900-fe-18f","status":"publish","type":"product","link":"https:\/\/www.multifrigo.pl\/sklep\/produkt\/frytownica-elektryczna-z-szafka-1x23l-135kw-kromet-900-fe-18f\/","title":{"rendered":"Frytownica elektryczna z szafk\u0105 1x23l 13,5kW | Kromet 900.FE-18f"},"content":{"rendered":"<li>Elektroniczne sterowanie temperatur\u0105 i czasem\n<li>Kosz i pokrywa w zestawie\n<li>Podw\u00f3jne zabezpieczenie termiczne\n<li>Zbiornik ze stali kwasoodpornej\n<li>Wysoka moc grza\u0142ek<br \/>\n","protected":false},"excerpt":{"rendered":"<p>Elektroniczne sterowanie temperatur\u0105 i czasem Kosz i pokrywa w zestawie Podw\u00f3jne zabezpieczenie termiczne Zbiornik ze stali kwasoodpornej Wysoka moc grza\u0142ek<\/p>\n","protected":false},"featured_media":26966,"template":"","meta":{"_et_pb_use_builder":"","_et_pb_old_content":"","_et_gb_content_width":""},"pwb-brand":[1000],"product_brand":[],"product_cat":[447],"product_tag":[],"class_list":{"0":"post-26683","1":"product","2":"type-product","3":"status-publish","4":"has-post-thumbnail","6":"pwb-brand-kromet","7":"product_cat-frytownice-gastronomiczne","9":"first","10":"instock","11":"taxable","12":"shipping-taxable","13":"purchasable","14":"product-type-simple"},"brands":[{"id":1000,"name":"Kromet","slug":"kromet"}],"_links":{"self":[{"href":"https:\/\/www.multifrigo.pl\/sklep\/wp-json\/wp\/v2\/product\/26683","targetHints":{"allow":["GET"]}}],"collection":[{"href":"https:\/\/www.multifrigo.pl\/sklep\/wp-json\/wp\/v2\/product"}],"about":[{"href":"https:\/\/www.multifrigo.pl\/sklep\/wp-json\/wp\/v2\/types\/product"}],"wp:featuredmedia":[{"embeddable":true,"href":"https:\/\/www.multifrigo.pl\/sklep\/wp-json\/wp\/v2\/media\/26966"}],"wp:attachment":[{"href":"https:\/\/www.multifrigo.pl\/sklep\/wp-json\/wp\/v2\/media?parent=26683"}],"wp:term":[{"taxonomy":"pwb-brand","embeddable":true,"href":"https:\/\/www.multifrigo.pl\/sklep\/wp-json\/wp\/v2\/pwb-brand?post=26683"},{"taxonomy":"product_brand","embeddable":true,"href":"https:\/\/www.multifrigo.pl\/sklep\/wp-json\/wp\/v2\/product_brand?post=26683"},{"taxonomy":"product_cat","embeddable":true,"href":"https:\/\/www.multifrigo.pl\/sklep\/wp-json\/wp\/v2\/product_cat?post=26683"},{"taxonomy":"product_tag","embeddable":true,"href":"https:\/\/www.multifrigo.pl\/sklep\/wp-json\/wp\/v2\/product_tag?post=26683"}],"curies":[{"name":"wp","href":"https:\/\/api.w.org\/{rel}","templated":true}]}}