{"id":26685,"date":"2024-07-30T13:52:44","date_gmt":"2024-07-30T13:52:44","guid":{"rendered":"https:\/\/multifrigo.pl\/sklep\/produkt\/kociol-warzelny-posredni-elektryczny-200l-245kw-kromet-900-bek-200\/"},"modified":"2025-08-04T13:31:47","modified_gmt":"2025-08-04T13:31:47","slug":"kociol-warzelny-posredni-elektryczny-200l-245kw-kromet-900-bek-200","status":"publish","type":"product","link":"https:\/\/www.multifrigo.pl\/sklep\/produkt\/kociol-warzelny-posredni-elektryczny-200l-245kw-kromet-900-bek-200\/","title":{"rendered":"Kocio\u0142 warzelny po\u015bredni elektryczny 200l 24,5kW | Kromet 900.BEK-200"},"content":{"rendered":"<li>T\u0142oczona pokrywa\n<li>Wylewka pozwalaj\u0105ca na uzupe\u0142nienie wody i sprawne mycie kot\u0142a.\n<li>Dwa sterowniki mocy z p\u0142ynn\u0105 regulacj\u0105 temperatury.\n<li>Polerowane dno wykonane ze stali kwasoodpornej AISI 316 u\u0142atwia czyszczenie oraz ogranicza przywieranie\n<li>Odleg\u0142o\u015b\u0107 kranu spustowego od pod\u0142o\u017ca zale\u017cna od pojemno\u015bci kot\u0142a (od 245mm do 313mm)\n<li>Podw\u00f3jne p\u0142aszcze w kot\u0142ach zapewniaj\u0105 r\u00f3wnomierne grzanie oraz niweluj\u0105 mo\u017cliwo\u015b\u0107 przywierania<br \/>\n","protected":false},"excerpt":{"rendered":"<p>T\u0142oczona pokrywa Wylewka pozwalaj\u0105ca na uzupe\u0142nienie wody i sprawne mycie kot\u0142a. Dwa sterowniki mocy z p\u0142ynn\u0105 regulacj\u0105 temperatury. Polerowane dno wykonane ze stali kwasoodpornej AISI 316 u\u0142atwia czyszczenie oraz ogranicza przywieranie Odleg\u0142o\u015b\u0107 kranu spustowego od pod\u0142o\u017ca zale\u017cna od pojemno\u015bci kot\u0142a (od 245mm do 313mm) Podw\u00f3jne p\u0142aszcze w kot\u0142ach zapewniaj\u0105 r\u00f3wnomierne grzanie oraz niweluj\u0105 mo\u017cliwo\u015b\u0107 przywierania<\/p>\n","protected":false},"featured_media":26968,"template":"","meta":{"_et_pb_use_builder":"","_et_pb_old_content":"","_et_gb_content_width":""},"pwb-brand":[1000],"product_brand":[],"product_cat":[616],"product_tag":[],"class_list":{"0":"post-26685","1":"product","2":"type-product","3":"status-publish","4":"has-post-thumbnail","6":"pwb-brand-kromet","7":"product_cat-kotly-warzelne","9":"first","10":"instock","11":"taxable","12":"shipping-taxable","13":"purchasable","14":"product-type-simple"},"brands":[{"id":1000,"name":"Kromet","slug":"kromet"}],"_links":{"self":[{"href":"https:\/\/www.multifrigo.pl\/sklep\/wp-json\/wp\/v2\/product\/26685","targetHints":{"allow":["GET"]}}],"collection":[{"href":"https:\/\/www.multifrigo.pl\/sklep\/wp-json\/wp\/v2\/product"}],"about":[{"href":"https:\/\/www.multifrigo.pl\/sklep\/wp-json\/wp\/v2\/types\/product"}],"wp:featuredmedia":[{"embeddable":true,"href":"https:\/\/www.multifrigo.pl\/sklep\/wp-json\/wp\/v2\/media\/26968"}],"wp:attachment":[{"href":"https:\/\/www.multifrigo.pl\/sklep\/wp-json\/wp\/v2\/media?parent=26685"}],"wp:term":[{"taxonomy":"pwb-brand","embeddable":true,"href":"https:\/\/www.multifrigo.pl\/sklep\/wp-json\/wp\/v2\/pwb-brand?post=26685"},{"taxonomy":"product_brand","embeddable":true,"href":"https:\/\/www.multifrigo.pl\/sklep\/wp-json\/wp\/v2\/product_brand?post=26685"},{"taxonomy":"product_cat","embeddable":true,"href":"https:\/\/www.multifrigo.pl\/sklep\/wp-json\/wp\/v2\/product_cat?post=26685"},{"taxonomy":"product_tag","embeddable":true,"href":"https:\/\/www.multifrigo.pl\/sklep\/wp-json\/wp\/v2\/product_tag?post=26685"}],"curies":[{"name":"wp","href":"https:\/\/api.w.org\/{rel}","templated":true}]}}