{"id":26691,"date":"2024-07-30T13:52:45","date_gmt":"2024-07-30T13:52:45","guid":{"rendered":"https:\/\/multifrigo.pl\/sklep\/produkt\/patelnia-gazowa-przechyl-automatyczny-80l-18kw-kromet-900-ptg-05ex\/"},"modified":"2025-08-04T13:32:06","modified_gmt":"2025-08-04T13:32:06","slug":"patelnia-gazowa-przechyl-automatyczny-80l-18kw-kromet-900-ptg-05ex","status":"publish","type":"product","link":"https:\/\/www.multifrigo.pl\/sklep\/produkt\/patelnia-gazowa-przechyl-automatyczny-80l-18kw-kromet-900-ptg-05ex\/","title":{"rendered":"Patelnia gazowa (przechy\u0142 automatyczny) 80l 18kW | Kromet 900.PTG-05Ex"},"content":{"rendered":"<li>Ergonomiczny i wytrzyma\u0142y uchwyt do patelni\n<li>Wylewka doprowadzaj\u0105ca wod\u0119 do patelni (Dop\u0142ata 1000 z\u0142)\n<li>Elektryczny mechanizm podnoszenia misy\n<li>Elektroniczne sterowanie temperatur\u0105 i czasem\n<li>Dno misy o grubo\u015bci 8 mm gwarantuje stabiln\u0105 i r\u00f3wn\u0105 temperatur\u0119<br \/>\n","protected":false},"excerpt":{"rendered":"<p>Ergonomiczny i wytrzyma\u0142y uchwyt do patelni Wylewka doprowadzaj\u0105ca wod\u0119 do patelni (Dop\u0142ata 1000 z\u0142) Elektryczny mechanizm podnoszenia misy Elektroniczne sterowanie temperatur\u0105 i czasem Dno misy o grubo\u015bci 8 mm gwarantuje stabiln\u0105 i r\u00f3wn\u0105 temperatur\u0119<\/p>\n","protected":false},"featured_media":26974,"template":"","meta":{"_et_pb_use_builder":"","_et_pb_old_content":"","_et_gb_content_width":""},"pwb-brand":[1000],"product_brand":[],"product_cat":[476],"product_tag":[],"class_list":{"0":"post-26691","1":"product","2":"type-product","3":"status-publish","4":"has-post-thumbnail","6":"pwb-brand-kromet","7":"product_cat-patelnie-uchylne","9":"first","10":"instock","11":"taxable","12":"shipping-taxable","13":"purchasable","14":"product-type-simple"},"brands":[{"id":1000,"name":"Kromet","slug":"kromet"}],"_links":{"self":[{"href":"https:\/\/www.multifrigo.pl\/sklep\/wp-json\/wp\/v2\/product\/26691","targetHints":{"allow":["GET"]}}],"collection":[{"href":"https:\/\/www.multifrigo.pl\/sklep\/wp-json\/wp\/v2\/product"}],"about":[{"href":"https:\/\/www.multifrigo.pl\/sklep\/wp-json\/wp\/v2\/types\/product"}],"wp:featuredmedia":[{"embeddable":true,"href":"https:\/\/www.multifrigo.pl\/sklep\/wp-json\/wp\/v2\/media\/26974"}],"wp:attachment":[{"href":"https:\/\/www.multifrigo.pl\/sklep\/wp-json\/wp\/v2\/media?parent=26691"}],"wp:term":[{"taxonomy":"pwb-brand","embeddable":true,"href":"https:\/\/www.multifrigo.pl\/sklep\/wp-json\/wp\/v2\/pwb-brand?post=26691"},{"taxonomy":"product_brand","embeddable":true,"href":"https:\/\/www.multifrigo.pl\/sklep\/wp-json\/wp\/v2\/product_brand?post=26691"},{"taxonomy":"product_cat","embeddable":true,"href":"https:\/\/www.multifrigo.pl\/sklep\/wp-json\/wp\/v2\/product_cat?post=26691"},{"taxonomy":"product_tag","embeddable":true,"href":"https:\/\/www.multifrigo.pl\/sklep\/wp-json\/wp\/v2\/product_tag?post=26691"}],"curies":[{"name":"wp","href":"https:\/\/api.w.org\/{rel}","templated":true}]}}