{"id":26697,"date":"2024-07-30T13:52:47","date_gmt":"2024-07-30T13:52:47","guid":{"rendered":"https:\/\/multifrigo.pl\/sklep\/produkt\/kuchnia-gazowa-na-podstawie-otwartej-2-palnikowa-1x45kw-1x75kw-kromet-000-kg-2l\/"},"modified":"2025-08-04T13:32:22","modified_gmt":"2025-08-04T13:32:22","slug":"kuchnia-gazowa-na-podstawie-otwartej-2-palnikowa-1x45kw-1x75kw-kromet-000-kg-2l","status":"publish","type":"product","link":"https:\/\/www.multifrigo.pl\/sklep\/produkt\/kuchnia-gazowa-na-podstawie-otwartej-2-palnikowa-1x45kw-1x75kw-kromet-000-kg-2l\/","title":{"rendered":"Kuchnia gazowa na podstawie otwartej 2-palnikowa 1&#215;4,5kW + 1&#215;7,5kW | Kromet 000.KG-2L"},"content":{"rendered":"<p>Profesjonalne kuchnie gazowe Kromet, niezawodne i proste w u\u017cyciu.<\/p>\n<li>Demontowalne misy palnikowe do mycia w zmywarce\n<li>Palniki dwukoronowe o mocy 7,5 kW i 9,0 kW\n<li>\u017beliwne ruszty\n<li>Du\u017ca sztywna p\u00f3\u0142ka pomocnicza<br \/>\n","protected":false},"excerpt":{"rendered":"<p>Profesjonalne kuchnie gazowe Kromet, niezawodne i proste w u\u017cyciu. Demontowalne misy palnikowe do mycia w zmywarce Palniki dwukoronowe o mocy 7,5 kW i 9,0 kW \u017beliwne ruszty Du\u017ca sztywna p\u00f3\u0142ka pomocnicza<\/p>\n","protected":false},"featured_media":26978,"template":"","meta":{"_et_pb_use_builder":"","_et_pb_old_content":"","_et_gb_content_width":""},"pwb-brand":[1000],"product_brand":[],"product_cat":[583],"product_tag":[],"class_list":{"0":"post-26697","1":"product","2":"type-product","3":"status-publish","4":"has-post-thumbnail","6":"pwb-brand-kromet","7":"product_cat-2-palnikowe","9":"first","10":"instock","11":"taxable","12":"shipping-taxable","13":"purchasable","14":"product-type-simple"},"brands":[{"id":1000,"name":"Kromet","slug":"kromet"}],"_links":{"self":[{"href":"https:\/\/www.multifrigo.pl\/sklep\/wp-json\/wp\/v2\/product\/26697","targetHints":{"allow":["GET"]}}],"collection":[{"href":"https:\/\/www.multifrigo.pl\/sklep\/wp-json\/wp\/v2\/product"}],"about":[{"href":"https:\/\/www.multifrigo.pl\/sklep\/wp-json\/wp\/v2\/types\/product"}],"wp:featuredmedia":[{"embeddable":true,"href":"https:\/\/www.multifrigo.pl\/sklep\/wp-json\/wp\/v2\/media\/26978"}],"wp:attachment":[{"href":"https:\/\/www.multifrigo.pl\/sklep\/wp-json\/wp\/v2\/media?parent=26697"}],"wp:term":[{"taxonomy":"pwb-brand","embeddable":true,"href":"https:\/\/www.multifrigo.pl\/sklep\/wp-json\/wp\/v2\/pwb-brand?post=26697"},{"taxonomy":"product_brand","embeddable":true,"href":"https:\/\/www.multifrigo.pl\/sklep\/wp-json\/wp\/v2\/product_brand?post=26697"},{"taxonomy":"product_cat","embeddable":true,"href":"https:\/\/www.multifrigo.pl\/sklep\/wp-json\/wp\/v2\/product_cat?post=26697"},{"taxonomy":"product_tag","embeddable":true,"href":"https:\/\/www.multifrigo.pl\/sklep\/wp-json\/wp\/v2\/product_tag?post=26697"}],"curies":[{"name":"wp","href":"https:\/\/api.w.org\/{rel}","templated":true}]}}