{"id":26702,"date":"2024-07-30T13:52:48","date_gmt":"2024-07-30T13:52:48","guid":{"rendered":"https:\/\/multifrigo.pl\/sklep\/produkt\/piec-elektryczny-3-komory-z-termoobiegiem-21-kw-kromet-000-pe-3-t\/"},"modified":"2025-08-04T13:32:37","modified_gmt":"2025-08-04T13:32:37","slug":"piec-elektryczny-3-komory-z-termoobiegiem-21-kw-kromet-000-pe-3-t","status":"publish","type":"product","link":"https:\/\/www.multifrigo.pl\/sklep\/produkt\/piec-elektryczny-3-komory-z-termoobiegiem-21-kw-kromet-000-pe-3-t\/","title":{"rendered":"Piec elektryczny \/3 komory\/ z termoobiegiem 21 kW | Kromet 000.PE-3\/T"},"content":{"rendered":"<p>Segmentowe piece konwekcyjne z termoobiegiem s\u0105 polecane jako podstawowe wyposa\u017cenie zar\u00f3wno ma\u0142ych i \u015brednich obiekt\u00f3w gastronomicznych, jak i du\u017cych profesjonalnych kuchni.<\/p>\n<li>R\u00f3wnomierny rozk\u0142ad temperatur uzyskany dzi\u0119ki odpowiedniej cyrkulacji powietrza zapewnia ten sam efekt pieczenia na wszystkich poziomach\n<li>Podw\u00f3jna szyba w drzwiach &#8211; zastosowanie podw\u00f3jnej szyby w drzwiach z wentylowan\u0105 szyb\u0105 zewn\u0119trzn\u0105 zapewnia uzyskanie bezpiecznej temp. na obudowie drzwi\n<li>Wyjmowane prowadnice &#8211; \u0142atwo demontowalne do czyszczenia i ukszta\u0142towane w spos\u00f3b gwarantuj\u0105cy prawid\u0142owe osadzenie pojemnika\n<li>Higieniczna komora &#8211; zaokr\u0105glone kraw\u0119dzie i naro\u017cniki oraz odp\u0142yw w dnie u\u0142atwiaj\u0105 utrzymanie higieny wn\u0119trza pieca<br \/>\n","protected":false},"excerpt":{"rendered":"<p>Segmentowe piece konwekcyjne z termoobiegiem s\u0105 polecane jako podstawowe wyposa\u017cenie zar\u00f3wno ma\u0142ych i \u015brednich obiekt\u00f3w gastronomicznych, jak i du\u017cych profesjonalnych kuchni. R\u00f3wnomierny rozk\u0142ad temperatur uzyskany dzi\u0119ki odpowiedniej cyrkulacji powietrza zapewnia ten sam efekt pieczenia na wszystkich poziomach Podw\u00f3jna szyba w drzwiach &#8211; zastosowanie podw\u00f3jnej szyby w drzwiach z wentylowan\u0105 szyb\u0105 zewn\u0119trzn\u0105 zapewnia uzyskanie bezpiecznej temp. [&hellip;]<\/p>\n","protected":false},"featured_media":27124,"template":"","meta":{"_et_pb_use_builder":"","_et_pb_old_content":"","_et_gb_content_width":""},"pwb-brand":[1000],"product_brand":[],"product_cat":[463],"product_tag":[],"class_list":{"0":"post-26702","1":"product","2":"type-product","3":"status-publish","4":"has-post-thumbnail","6":"pwb-brand-kromet","7":"product_cat-piece-konwekcyjne","9":"first","10":"instock","11":"taxable","12":"shipping-taxable","13":"purchasable","14":"product-type-simple"},"brands":[{"id":1000,"name":"Kromet","slug":"kromet"}],"_links":{"self":[{"href":"https:\/\/www.multifrigo.pl\/sklep\/wp-json\/wp\/v2\/product\/26702","targetHints":{"allow":["GET"]}}],"collection":[{"href":"https:\/\/www.multifrigo.pl\/sklep\/wp-json\/wp\/v2\/product"}],"about":[{"href":"https:\/\/www.multifrigo.pl\/sklep\/wp-json\/wp\/v2\/types\/product"}],"wp:featuredmedia":[{"embeddable":true,"href":"https:\/\/www.multifrigo.pl\/sklep\/wp-json\/wp\/v2\/media\/27124"}],"wp:attachment":[{"href":"https:\/\/www.multifrigo.pl\/sklep\/wp-json\/wp\/v2\/media?parent=26702"}],"wp:term":[{"taxonomy":"pwb-brand","embeddable":true,"href":"https:\/\/www.multifrigo.pl\/sklep\/wp-json\/wp\/v2\/pwb-brand?post=26702"},{"taxonomy":"product_brand","embeddable":true,"href":"https:\/\/www.multifrigo.pl\/sklep\/wp-json\/wp\/v2\/product_brand?post=26702"},{"taxonomy":"product_cat","embeddable":true,"href":"https:\/\/www.multifrigo.pl\/sklep\/wp-json\/wp\/v2\/product_cat?post=26702"},{"taxonomy":"product_tag","embeddable":true,"href":"https:\/\/www.multifrigo.pl\/sklep\/wp-json\/wp\/v2\/product_tag?post=26702"}],"curies":[{"name":"wp","href":"https:\/\/api.w.org\/{rel}","templated":true}]}}