{"id":26703,"date":"2024-07-30T13:52:48","date_gmt":"2024-07-30T13:52:48","guid":{"rendered":"https:\/\/multifrigo.pl\/sklep\/produkt\/piekarnik-gazowy-2xgn1-1-kromet-700-pg-1\/"},"modified":"2025-08-04T13:32:40","modified_gmt":"2025-08-04T13:32:40","slug":"piekarnik-gazowy-2xgn1-1-kromet-700-pg-1","status":"publish","type":"product","link":"https:\/\/www.multifrigo.pl\/sklep\/produkt\/piekarnik-gazowy-2xgn1-1-kromet-700-pg-1\/","title":{"rendered":"Piekarnik gazowy 2xGN1\/1 | Kromet 700.PG-1"},"content":{"rendered":"<p>Piekarnik z gazowy wykonany jest z wysokogatunkowych stali nierdzewnych. Komora robocza wykonana ze stali kwasoodpornej AISI 304 (powierzchnia lustrzana). Dwa poziomy na pojemniki GN 1\/1. Ruszt pr\u0119towy w zestawie. Drzwi szklane umo\u017cliwiaj\u0105ce podgl\u0105d obrabianych produkt\u00f3w. Demontowane prowadnice.<\/p>\n","protected":false},"excerpt":{"rendered":"<p>Piekarnik z gazowy wykonany jest z wysokogatunkowych stali nierdzewnych. Komora robocza wykonana ze stali kwasoodpornej AISI 304 (powierzchnia lustrzana). Dwa poziomy na pojemniki GN 1\/1. Ruszt pr\u0119towy w zestawie. Drzwi szklane umo\u017cliwiaj\u0105ce podgl\u0105d obrabianych produkt\u00f3w. Demontowane prowadnice.<\/p>\n","protected":false},"featured_media":26981,"template":"","meta":{"_et_pb_use_builder":"","_et_pb_old_content":"","_et_gb_content_width":""},"pwb-brand":[1000],"product_brand":[],"product_cat":[1009],"product_tag":[],"class_list":{"0":"post-26703","1":"product","2":"type-product","3":"status-publish","4":"has-post-thumbnail","6":"pwb-brand-kromet","7":"product_cat-piekarniki","9":"first","10":"instock","11":"taxable","12":"shipping-taxable","13":"purchasable","14":"product-type-simple"},"brands":[{"id":1000,"name":"Kromet","slug":"kromet"}],"_links":{"self":[{"href":"https:\/\/www.multifrigo.pl\/sklep\/wp-json\/wp\/v2\/product\/26703","targetHints":{"allow":["GET"]}}],"collection":[{"href":"https:\/\/www.multifrigo.pl\/sklep\/wp-json\/wp\/v2\/product"}],"about":[{"href":"https:\/\/www.multifrigo.pl\/sklep\/wp-json\/wp\/v2\/types\/product"}],"wp:featuredmedia":[{"embeddable":true,"href":"https:\/\/www.multifrigo.pl\/sklep\/wp-json\/wp\/v2\/media\/26981"}],"wp:attachment":[{"href":"https:\/\/www.multifrigo.pl\/sklep\/wp-json\/wp\/v2\/media?parent=26703"}],"wp:term":[{"taxonomy":"pwb-brand","embeddable":true,"href":"https:\/\/www.multifrigo.pl\/sklep\/wp-json\/wp\/v2\/pwb-brand?post=26703"},{"taxonomy":"product_brand","embeddable":true,"href":"https:\/\/www.multifrigo.pl\/sklep\/wp-json\/wp\/v2\/product_brand?post=26703"},{"taxonomy":"product_cat","embeddable":true,"href":"https:\/\/www.multifrigo.pl\/sklep\/wp-json\/wp\/v2\/product_cat?post=26703"},{"taxonomy":"product_tag","embeddable":true,"href":"https:\/\/www.multifrigo.pl\/sklep\/wp-json\/wp\/v2\/product_tag?post=26703"}],"curies":[{"name":"wp","href":"https:\/\/api.w.org\/{rel}","templated":true}]}}