{"id":26706,"date":"2024-07-30T13:52:49","date_gmt":"2024-07-30T13:52:49","guid":{"rendered":"https:\/\/multifrigo.pl\/sklep\/produkt\/piekarnik-elektryczny-2xgn1-1-z-termoobiegiem-kromet-700-pe-1t\/"},"modified":"2025-08-04T13:32:51","modified_gmt":"2025-08-04T13:32:51","slug":"piekarnik-elektryczny-2xgn1-1-z-termoobiegiem-kromet-700-pe-1t","status":"publish","type":"product","link":"https:\/\/www.multifrigo.pl\/sklep\/produkt\/piekarnik-elektryczny-2xgn1-1-z-termoobiegiem-kromet-700-pe-1t\/","title":{"rendered":"Piekarnik elektryczny 2xGN1\/1 z termoobiegiem | Kromet 700.PE-1T"},"content":{"rendered":"<p>Piekarnik z elektryczny z termoobiegiem wykonany jest z wysokogatunkowych stali nierdzewnych. Komora robocza wykonana ze stali kwasoodpornej AISI 304 (powierzchnia lustrzana). Dwa poziomy na pojemniki GN 1\/1. Elementy grzewcze szybkogrzejne, o du\u017cej \u017cywotno\u015bci. Ruszt pr\u0119towy w zestawie. Drzwi szklane umo\u017cliwiaj\u0105ce podgl\u0105d obrabianych produkt\u00f3w. Demontowane prowadnice.<\/p>\n","protected":false},"excerpt":{"rendered":"<p>Piekarnik z elektryczny z termoobiegiem wykonany jest z wysokogatunkowych stali nierdzewnych. Komora robocza wykonana ze stali kwasoodpornej AISI 304 (powierzchnia lustrzana). Dwa poziomy na pojemniki GN 1\/1. Elementy grzewcze szybkogrzejne, o du\u017cej \u017cywotno\u015bci. Ruszt pr\u0119towy w zestawie. Drzwi szklane umo\u017cliwiaj\u0105ce podgl\u0105d obrabianych produkt\u00f3w. Demontowane prowadnice.<\/p>\n","protected":false},"featured_media":26983,"template":"","meta":{"_et_pb_use_builder":"","_et_pb_old_content":"","_et_gb_content_width":""},"pwb-brand":[1000],"product_brand":[],"product_cat":[1009],"product_tag":[],"class_list":{"0":"post-26706","1":"product","2":"type-product","3":"status-publish","4":"has-post-thumbnail","6":"pwb-brand-kromet","7":"product_cat-piekarniki","9":"first","10":"instock","11":"taxable","12":"shipping-taxable","13":"purchasable","14":"product-type-simple"},"brands":[{"id":1000,"name":"Kromet","slug":"kromet"}],"_links":{"self":[{"href":"https:\/\/www.multifrigo.pl\/sklep\/wp-json\/wp\/v2\/product\/26706","targetHints":{"allow":["GET"]}}],"collection":[{"href":"https:\/\/www.multifrigo.pl\/sklep\/wp-json\/wp\/v2\/product"}],"about":[{"href":"https:\/\/www.multifrigo.pl\/sklep\/wp-json\/wp\/v2\/types\/product"}],"wp:featuredmedia":[{"embeddable":true,"href":"https:\/\/www.multifrigo.pl\/sklep\/wp-json\/wp\/v2\/media\/26983"}],"wp:attachment":[{"href":"https:\/\/www.multifrigo.pl\/sklep\/wp-json\/wp\/v2\/media?parent=26706"}],"wp:term":[{"taxonomy":"pwb-brand","embeddable":true,"href":"https:\/\/www.multifrigo.pl\/sklep\/wp-json\/wp\/v2\/pwb-brand?post=26706"},{"taxonomy":"product_brand","embeddable":true,"href":"https:\/\/www.multifrigo.pl\/sklep\/wp-json\/wp\/v2\/product_brand?post=26706"},{"taxonomy":"product_cat","embeddable":true,"href":"https:\/\/www.multifrigo.pl\/sklep\/wp-json\/wp\/v2\/product_cat?post=26706"},{"taxonomy":"product_tag","embeddable":true,"href":"https:\/\/www.multifrigo.pl\/sklep\/wp-json\/wp\/v2\/product_tag?post=26706"}],"curies":[{"name":"wp","href":"https:\/\/api.w.org\/{rel}","templated":true}]}}