{"id":26710,"date":"2024-07-30T13:52:50","date_gmt":"2024-07-30T13:52:50","guid":{"rendered":"https:\/\/multifrigo.pl\/sklep\/produkt\/patelnia-elektryczna-nierdzewna-37l-65kw-kromet-000-pe-025s\/"},"modified":"2025-08-04T13:33:02","modified_gmt":"2025-08-04T13:33:02","slug":"patelnia-elektryczna-nierdzewna-37l-65kw-kromet-000-pe-025s","status":"publish","type":"product","link":"https:\/\/www.multifrigo.pl\/sklep\/produkt\/patelnia-elektryczna-nierdzewna-37l-65kw-kromet-000-pe-025s\/","title":{"rendered":"Patelnia elektryczna \/nierdzewna\/ 37l 6,5kW | Kromet 000.PE-025S"},"content":{"rendered":"<p>Patelnia elektryczna 000.PE-025S posiada mis\u0119 wykonan\u0105 ze stali nierdzewnej, co zapewnia utrzymanie wysokiego poziomu higieny. Wyposa\u017cenie urz\u0105dzenia w termostaty umo\u017cliwia prowadzenie procesu sma\u017cenia w szerokim zakresie, zapewniaj\u0105c jednocze\u015bnie bezpiecze\u0144stwo ich u\u017cytkowania. Wysoka wydajno\u015b\u0107 oraz funkcjonalno\u015b\u0107 sprawia, \u017ce jest to urz\u0105dzenie doskona\u0142e dla kuchni, w kt\u00f3rych przygotowywana jest du\u017ca ilo\u015b\u0107 posi\u0142k\u00f3w, jednorodnych potraw w kr\u00f3tkim czasie. Patelnia wykonana jest w ca\u0142o\u015bci ze stali nierdzewnej. <\/p>\n","protected":false},"excerpt":{"rendered":"<p>Patelnia elektryczna 000.PE-025S posiada mis\u0119 wykonan\u0105 ze stali nierdzewnej, co zapewnia utrzymanie wysokiego poziomu higieny. Wyposa\u017cenie urz\u0105dzenia w termostaty umo\u017cliwia prowadzenie procesu sma\u017cenia w szerokim zakresie, zapewniaj\u0105c jednocze\u015bnie bezpiecze\u0144stwo ich u\u017cytkowania. Wysoka wydajno\u015b\u0107 oraz funkcjonalno\u015b\u0107 sprawia, \u017ce jest to urz\u0105dzenie doskona\u0142e dla kuchni, w kt\u00f3rych przygotowywana jest du\u017ca ilo\u015b\u0107 posi\u0142k\u00f3w, jednorodnych potraw w kr\u00f3tkim czasie. [&hellip;]<\/p>\n","protected":false},"featured_media":26987,"template":"","meta":{"_et_pb_use_builder":"","_et_pb_old_content":"","_et_gb_content_width":""},"pwb-brand":[1000],"product_brand":[],"product_cat":[476],"product_tag":[],"class_list":{"0":"post-26710","1":"product","2":"type-product","3":"status-publish","4":"has-post-thumbnail","6":"pwb-brand-kromet","7":"product_cat-patelnie-uchylne","9":"first","10":"instock","11":"taxable","12":"shipping-taxable","13":"purchasable","14":"product-type-simple"},"brands":[{"id":1000,"name":"Kromet","slug":"kromet"}],"_links":{"self":[{"href":"https:\/\/www.multifrigo.pl\/sklep\/wp-json\/wp\/v2\/product\/26710","targetHints":{"allow":["GET"]}}],"collection":[{"href":"https:\/\/www.multifrigo.pl\/sklep\/wp-json\/wp\/v2\/product"}],"about":[{"href":"https:\/\/www.multifrigo.pl\/sklep\/wp-json\/wp\/v2\/types\/product"}],"wp:featuredmedia":[{"embeddable":true,"href":"https:\/\/www.multifrigo.pl\/sklep\/wp-json\/wp\/v2\/media\/26987"}],"wp:attachment":[{"href":"https:\/\/www.multifrigo.pl\/sklep\/wp-json\/wp\/v2\/media?parent=26710"}],"wp:term":[{"taxonomy":"pwb-brand","embeddable":true,"href":"https:\/\/www.multifrigo.pl\/sklep\/wp-json\/wp\/v2\/pwb-brand?post=26710"},{"taxonomy":"product_brand","embeddable":true,"href":"https:\/\/www.multifrigo.pl\/sklep\/wp-json\/wp\/v2\/product_brand?post=26710"},{"taxonomy":"product_cat","embeddable":true,"href":"https:\/\/www.multifrigo.pl\/sklep\/wp-json\/wp\/v2\/product_cat?post=26710"},{"taxonomy":"product_tag","embeddable":true,"href":"https:\/\/www.multifrigo.pl\/sklep\/wp-json\/wp\/v2\/product_tag?post=26710"}],"curies":[{"name":"wp","href":"https:\/\/api.w.org\/{rel}","templated":true}]}}