{"id":26713,"date":"2024-07-30T13:52:50","date_gmt":"2024-07-30T13:52:50","guid":{"rendered":"https:\/\/multifrigo.pl\/sklep\/produkt\/patelnia-elektryczna-nierdzewna-przechyl-misy-reczny-64l-90kw-kromet-000-pe-040p\/"},"modified":"2025-08-04T13:33:09","modified_gmt":"2025-08-04T13:33:09","slug":"patelnia-elektryczna-nierdzewna-przechyl-misy-reczny-64l-90kw-kromet-000-pe-040p","status":"publish","type":"product","link":"https:\/\/www.multifrigo.pl\/sklep\/produkt\/patelnia-elektryczna-nierdzewna-przechyl-misy-reczny-64l-90kw-kromet-000-pe-040p\/","title":{"rendered":"Patelnia elektryczna \/nierdzewna\/ przechy\u0142 misy r\u0119czny 64l 9,0kW | Kromet 000.PE-040p"},"content":{"rendered":"<p>Patelnie elektryczne wykonane s\u0105 z wysokogatunkowych stali nierdzewnych. Dno robocze wykonana ze stali kwasoodpornej AISI 304. Dno misy zapewnia r\u00f3wnomierny rozk\u0142ad temperatur. Patelnia z r\u0119cznym z przechy\u0142em misy. Do podnoszenia i opuszczania odbywa si\u0119 za pomoc\u0105 mechanizmu elektrycznego. Przechy\u0142 misy do 45 \u030aC. Ustawienie pokrywy w ka\u017cdym po\u0142o\u017ceniu pod k\u0105tem w przedziale od 0 \u030a do 90 \u030aC.<\/p>\n","protected":false},"excerpt":{"rendered":"<p>Patelnie elektryczne wykonane s\u0105 z wysokogatunkowych stali nierdzewnych. Dno robocze wykonana ze stali kwasoodpornej AISI 304. Dno misy zapewnia r\u00f3wnomierny rozk\u0142ad temperatur. Patelnia z r\u0119cznym z przechy\u0142em misy. Do podnoszenia i opuszczania odbywa si\u0119 za pomoc\u0105 mechanizmu elektrycznego. Przechy\u0142 misy do 45 \u030aC. Ustawienie pokrywy w ka\u017cdym po\u0142o\u017ceniu pod k\u0105tem w przedziale od 0 \u030a [&hellip;]<\/p>\n","protected":false},"featured_media":26990,"template":"","meta":{"_et_pb_use_builder":"","_et_pb_old_content":"","_et_gb_content_width":""},"pwb-brand":[1000],"product_brand":[],"product_cat":[476],"product_tag":[],"class_list":{"0":"post-26713","1":"product","2":"type-product","3":"status-publish","4":"has-post-thumbnail","6":"pwb-brand-kromet","7":"product_cat-patelnie-uchylne","9":"first","10":"instock","11":"taxable","12":"shipping-taxable","13":"purchasable","14":"product-type-simple"},"brands":[{"id":1000,"name":"Kromet","slug":"kromet"}],"_links":{"self":[{"href":"https:\/\/www.multifrigo.pl\/sklep\/wp-json\/wp\/v2\/product\/26713","targetHints":{"allow":["GET"]}}],"collection":[{"href":"https:\/\/www.multifrigo.pl\/sklep\/wp-json\/wp\/v2\/product"}],"about":[{"href":"https:\/\/www.multifrigo.pl\/sklep\/wp-json\/wp\/v2\/types\/product"}],"wp:featuredmedia":[{"embeddable":true,"href":"https:\/\/www.multifrigo.pl\/sklep\/wp-json\/wp\/v2\/media\/26990"}],"wp:attachment":[{"href":"https:\/\/www.multifrigo.pl\/sklep\/wp-json\/wp\/v2\/media?parent=26713"}],"wp:term":[{"taxonomy":"pwb-brand","embeddable":true,"href":"https:\/\/www.multifrigo.pl\/sklep\/wp-json\/wp\/v2\/pwb-brand?post=26713"},{"taxonomy":"product_brand","embeddable":true,"href":"https:\/\/www.multifrigo.pl\/sklep\/wp-json\/wp\/v2\/product_brand?post=26713"},{"taxonomy":"product_cat","embeddable":true,"href":"https:\/\/www.multifrigo.pl\/sklep\/wp-json\/wp\/v2\/product_cat?post=26713"},{"taxonomy":"product_tag","embeddable":true,"href":"https:\/\/www.multifrigo.pl\/sklep\/wp-json\/wp\/v2\/product_tag?post=26713"}],"curies":[{"name":"wp","href":"https:\/\/api.w.org\/{rel}","templated":true}]}}