{"id":26714,"date":"2024-07-30T13:52:51","date_gmt":"2024-07-30T13:52:51","guid":{"rendered":"https:\/\/multifrigo.pl\/sklep\/produkt\/patelnia-elektryczna-nierdzewna-przechyl-misy-mechaniczny-120l-168kw-kromet-000-pe-07x\/"},"modified":"2025-08-04T13:33:15","modified_gmt":"2025-08-04T13:33:15","slug":"patelnia-elektryczna-nierdzewna-przechyl-misy-mechaniczny-120l-168kw-kromet-000-pe-07x","status":"publish","type":"product","link":"https:\/\/www.multifrigo.pl\/sklep\/produkt\/patelnia-elektryczna-nierdzewna-przechyl-misy-mechaniczny-120l-168kw-kromet-000-pe-07x\/","title":{"rendered":"Patelnia elektryczna \/nierdzewna\/ przechy\u0142 misy mechaniczny 120l 16,8kW | Kromet 000.PE-07x"},"content":{"rendered":"<p>Patelnia elektryczna to doskona\u0142e rozwi\u0105zanie dla restauracji. Dzi\u0119ki funkcji przechy\u0142u automatycznego gotowanie oraz czyszczenie staje si\u0119 jeszcze \u0142atwiejsze. Patelnia zapewnia r\u00f3wnomierne rozprowadzenie ciep\u0142a, co gwarantuje doskona\u0142e rezultaty w ka\u017cdym przygotowywanym daniu. Solidna konstrukcja i wysoka jako\u015b\u0107 wykonania sprawiaj\u0105, \u017ce produkt ten jest nie tylko wydajny, ale tak\u017ce trwa\u0142y i niezawodny. Patelnia elektryczna firmy Kromet to niezast\u0105pione narz\u0119dzie dla profesjonalnych kucharzy, kt\u00f3rzy ceni\u0105 sobie jako\u015b\u0107 i wygod\u0119 w kuchennych zmaganiach.<\/p>\n","protected":false},"excerpt":{"rendered":"<p>Patelnia elektryczna to doskona\u0142e rozwi\u0105zanie dla restauracji. Dzi\u0119ki funkcji przechy\u0142u automatycznego gotowanie oraz czyszczenie staje si\u0119 jeszcze \u0142atwiejsze. Patelnia zapewnia r\u00f3wnomierne rozprowadzenie ciep\u0142a, co gwarantuje doskona\u0142e rezultaty w ka\u017cdym przygotowywanym daniu. Solidna konstrukcja i wysoka jako\u015b\u0107 wykonania sprawiaj\u0105, \u017ce produkt ten jest nie tylko wydajny, ale tak\u017ce trwa\u0142y i niezawodny. Patelnia elektryczna firmy Kromet to [&hellip;]<\/p>\n","protected":false},"featured_media":26991,"template":"","meta":{"_et_pb_use_builder":"","_et_pb_old_content":"","_et_gb_content_width":""},"pwb-brand":[1000],"product_brand":[],"product_cat":[476],"product_tag":[],"class_list":{"0":"post-26714","1":"product","2":"type-product","3":"status-publish","4":"has-post-thumbnail","6":"pwb-brand-kromet","7":"product_cat-patelnie-uchylne","9":"first","10":"instock","11":"taxable","12":"shipping-taxable","13":"purchasable","14":"product-type-simple"},"brands":[{"id":1000,"name":"Kromet","slug":"kromet"}],"_links":{"self":[{"href":"https:\/\/www.multifrigo.pl\/sklep\/wp-json\/wp\/v2\/product\/26714","targetHints":{"allow":["GET"]}}],"collection":[{"href":"https:\/\/www.multifrigo.pl\/sklep\/wp-json\/wp\/v2\/product"}],"about":[{"href":"https:\/\/www.multifrigo.pl\/sklep\/wp-json\/wp\/v2\/types\/product"}],"wp:featuredmedia":[{"embeddable":true,"href":"https:\/\/www.multifrigo.pl\/sklep\/wp-json\/wp\/v2\/media\/26991"}],"wp:attachment":[{"href":"https:\/\/www.multifrigo.pl\/sklep\/wp-json\/wp\/v2\/media?parent=26714"}],"wp:term":[{"taxonomy":"pwb-brand","embeddable":true,"href":"https:\/\/www.multifrigo.pl\/sklep\/wp-json\/wp\/v2\/pwb-brand?post=26714"},{"taxonomy":"product_brand","embeddable":true,"href":"https:\/\/www.multifrigo.pl\/sklep\/wp-json\/wp\/v2\/product_brand?post=26714"},{"taxonomy":"product_cat","embeddable":true,"href":"https:\/\/www.multifrigo.pl\/sklep\/wp-json\/wp\/v2\/product_cat?post=26714"},{"taxonomy":"product_tag","embeddable":true,"href":"https:\/\/www.multifrigo.pl\/sklep\/wp-json\/wp\/v2\/product_tag?post=26714"}],"curies":[{"name":"wp","href":"https:\/\/api.w.org\/{rel}","templated":true}]}}