{"id":26715,"date":"2024-07-30T13:52:51","date_gmt":"2024-07-30T13:52:51","guid":{"rendered":"https:\/\/multifrigo.pl\/sklep\/produkt\/patelnia-indukcyjna-nierdzewna-przechyl-misy-mechaniczny-50l-10kw-kromet-000-pe-02i\/"},"modified":"2025-08-04T13:33:17","modified_gmt":"2025-08-04T13:33:17","slug":"patelnia-indukcyjna-nierdzewna-przechyl-misy-mechaniczny-50l-10kw-kromet-000-pe-02i","status":"publish","type":"product","link":"https:\/\/www.multifrigo.pl\/sklep\/produkt\/patelnia-indukcyjna-nierdzewna-przechyl-misy-mechaniczny-50l-10kw-kromet-000-pe-02i\/","title":{"rendered":"Patelnia indukcyjna \/nierdzewna\/ przechy\u0142 misy mechaniczny 50l 10kW | Kromet 000.PE-02i"},"content":{"rendered":"<p>Patelnia indukcyjna wykonana jest z wysokogatunkowych stali nierdzewnych. Tr\u00f3jwarstwowe dno misy z drzeniem aluminiowym zapewnia r\u00f3wnomierny rozk\u0142ad temperatur. Misa t\u0142oczona z promieniami wewn\u0105trz. Automatyczny przechy\u0142 misy. Wylewka doprowadzaj\u0105ca wod\u0119 do misy wyrobu za pomoc\u0105 elektrozaworu.<\/p>\n","protected":false},"excerpt":{"rendered":"<p>Patelnia indukcyjna wykonana jest z wysokogatunkowych stali nierdzewnych. Tr\u00f3jwarstwowe dno misy z drzeniem aluminiowym zapewnia r\u00f3wnomierny rozk\u0142ad temperatur. Misa t\u0142oczona z promieniami wewn\u0105trz. Automatyczny przechy\u0142 misy. Wylewka doprowadzaj\u0105ca wod\u0119 do misy wyrobu za pomoc\u0105 elektrozaworu.<\/p>\n","protected":false},"featured_media":26992,"template":"","meta":{"_et_pb_use_builder":"","_et_pb_old_content":"","_et_gb_content_width":""},"pwb-brand":[1000],"product_brand":[],"product_cat":[476],"product_tag":[],"class_list":{"0":"post-26715","1":"product","2":"type-product","3":"status-publish","4":"has-post-thumbnail","6":"pwb-brand-kromet","7":"product_cat-patelnie-uchylne","9":"first","10":"instock","11":"taxable","12":"shipping-taxable","13":"purchasable","14":"product-type-simple"},"brands":[{"id":1000,"name":"Kromet","slug":"kromet"}],"_links":{"self":[{"href":"https:\/\/www.multifrigo.pl\/sklep\/wp-json\/wp\/v2\/product\/26715","targetHints":{"allow":["GET"]}}],"collection":[{"href":"https:\/\/www.multifrigo.pl\/sklep\/wp-json\/wp\/v2\/product"}],"about":[{"href":"https:\/\/www.multifrigo.pl\/sklep\/wp-json\/wp\/v2\/types\/product"}],"wp:featuredmedia":[{"embeddable":true,"href":"https:\/\/www.multifrigo.pl\/sklep\/wp-json\/wp\/v2\/media\/26992"}],"wp:attachment":[{"href":"https:\/\/www.multifrigo.pl\/sklep\/wp-json\/wp\/v2\/media?parent=26715"}],"wp:term":[{"taxonomy":"pwb-brand","embeddable":true,"href":"https:\/\/www.multifrigo.pl\/sklep\/wp-json\/wp\/v2\/pwb-brand?post=26715"},{"taxonomy":"product_brand","embeddable":true,"href":"https:\/\/www.multifrigo.pl\/sklep\/wp-json\/wp\/v2\/product_brand?post=26715"},{"taxonomy":"product_cat","embeddable":true,"href":"https:\/\/www.multifrigo.pl\/sklep\/wp-json\/wp\/v2\/product_cat?post=26715"},{"taxonomy":"product_tag","embeddable":true,"href":"https:\/\/www.multifrigo.pl\/sklep\/wp-json\/wp\/v2\/product_tag?post=26715"}],"curies":[{"name":"wp","href":"https:\/\/api.w.org\/{rel}","templated":true}]}}