{"id":26718,"date":"2024-07-30T13:52:52","date_gmt":"2024-07-30T13:52:52","guid":{"rendered":"https:\/\/multifrigo.pl\/sklep\/produkt\/taboret-podgrzewczy-gazowy-2-palnikowy-18kw-kromet-000-tg-2\/"},"modified":"2025-08-04T13:33:25","modified_gmt":"2025-08-04T13:33:25","slug":"taboret-podgrzewczy-gazowy-2-palnikowy-18kw-kromet-000-tg-2","status":"publish","type":"product","link":"https:\/\/www.multifrigo.pl\/sklep\/produkt\/taboret-podgrzewczy-gazowy-2-palnikowy-18kw-kromet-000-tg-2\/","title":{"rendered":"Taboret podgrzewczy gazowy. 2-palnikowy 18kW | Kromet 000.TG-2"},"content":{"rendered":"<p>Taborety gazowe wyposa\u017cone s\u0105 w zaw\u00f3r odcinaj\u0105cy dop\u0142yw gazu w przypadku zga\u015bni\u0119cia p\u0142omienia, zapewnia maksymalne bezpiecze\u0144stwo u\u017cytkownikom. Taborety te przystosowane s\u0105 dla ka\u017cdego rodzaju gazu dost\u0119pnego w Polsce i krajach Unii Europejskiej i posiadaj\u0105 stosowne atesty. <\/p>\n","protected":false},"excerpt":{"rendered":"<p>Taborety gazowe wyposa\u017cone s\u0105 w zaw\u00f3r odcinaj\u0105cy dop\u0142yw gazu w przypadku zga\u015bni\u0119cia p\u0142omienia, zapewnia maksymalne bezpiecze\u0144stwo u\u017cytkownikom. Taborety te przystosowane s\u0105 dla ka\u017cdego rodzaju gazu dost\u0119pnego w Polsce i krajach Unii Europejskiej i posiadaj\u0105 stosowne atesty.<\/p>\n","protected":false},"featured_media":26995,"template":"","meta":{"_et_pb_use_builder":"","_et_pb_old_content":"","_et_gb_content_width":""},"pwb-brand":[1000],"product_brand":[],"product_cat":[454],"product_tag":[],"class_list":{"0":"post-26718","1":"product","2":"type-product","3":"status-publish","4":"has-post-thumbnail","6":"pwb-brand-kromet","7":"product_cat-taborety-gastronomiczne","9":"first","10":"instock","11":"taxable","12":"shipping-taxable","13":"purchasable","14":"product-type-simple"},"brands":[{"id":1000,"name":"Kromet","slug":"kromet"}],"_links":{"self":[{"href":"https:\/\/www.multifrigo.pl\/sklep\/wp-json\/wp\/v2\/product\/26718","targetHints":{"allow":["GET"]}}],"collection":[{"href":"https:\/\/www.multifrigo.pl\/sklep\/wp-json\/wp\/v2\/product"}],"about":[{"href":"https:\/\/www.multifrigo.pl\/sklep\/wp-json\/wp\/v2\/types\/product"}],"wp:featuredmedia":[{"embeddable":true,"href":"https:\/\/www.multifrigo.pl\/sklep\/wp-json\/wp\/v2\/media\/26995"}],"wp:attachment":[{"href":"https:\/\/www.multifrigo.pl\/sklep\/wp-json\/wp\/v2\/media?parent=26718"}],"wp:term":[{"taxonomy":"pwb-brand","embeddable":true,"href":"https:\/\/www.multifrigo.pl\/sklep\/wp-json\/wp\/v2\/pwb-brand?post=26718"},{"taxonomy":"product_brand","embeddable":true,"href":"https:\/\/www.multifrigo.pl\/sklep\/wp-json\/wp\/v2\/product_brand?post=26718"},{"taxonomy":"product_cat","embeddable":true,"href":"https:\/\/www.multifrigo.pl\/sklep\/wp-json\/wp\/v2\/product_cat?post=26718"},{"taxonomy":"product_tag","embeddable":true,"href":"https:\/\/www.multifrigo.pl\/sklep\/wp-json\/wp\/v2\/product_tag?post=26718"}],"curies":[{"name":"wp","href":"https:\/\/api.w.org\/{rel}","templated":true}]}}