{"id":26722,"date":"2024-07-30T13:52:53","date_gmt":"2024-07-30T13:52:53","guid":{"rendered":"https:\/\/multifrigo.pl\/sklep\/produkt\/rozen-elektryczny-obrotowy-6-kurczakow-5kw-kromet-000-oe-6\/"},"modified":"2025-08-04T13:33:38","modified_gmt":"2025-08-04T13:33:38","slug":"rozen-elektryczny-obrotowy-6-kurczakow-5kw-kromet-000-oe-6","status":"publish","type":"product","link":"https:\/\/www.multifrigo.pl\/sklep\/produkt\/rozen-elektryczny-obrotowy-6-kurczakow-5kw-kromet-000-oe-6\/","title":{"rendered":"Ro\u017cen elektryczny obrotowy 6 kurczak\u00f3w, 5kW | Kromet 000.OE-6"},"content":{"rendered":"<p>Ro\u017cen elektryczny OE-6 to b\u0119bnowy opiekacz do kurczak\u00f3w o jednorazowym wsadzie 6 sztuk. Opiekane kurczaki umieszczone s\u0105 na widelcu lub w koszyku. Dzi\u0119ki zastosowaniu planetarnej przek\u0142adni obraca si\u0119 b\u0119ben i widelec, co w efekcie pozwala na r\u00f3wnomierne opiekanie i zapobiega wyciekaniu t\u0142uszczu, co przeciwdzia\u0142a wysuszaniu potrawy. Zainstalowany regulator utrzymuje \u017c\u0105dan\u0105 temperatur\u0119, a tak\u017ce zdecydowanie zmniejsza zu\u017cycie energii. Wykonanie ze stali nierdzewnej. Zastosowane podzespo\u0142y sprawiaj\u0105, \u017ce s\u0105 one tanie w eksploatacji. We wszystkich tego typu urz\u0105dzeniach mo\u017cliwe jest umieszczenie koszyk\u00f3w do opiekania wyporcjonowanego kurczaka lub innych mi\u0119s. <\/p>\n","protected":false},"excerpt":{"rendered":"<p>Ro\u017cen elektryczny OE-6 to b\u0119bnowy opiekacz do kurczak\u00f3w o jednorazowym wsadzie 6 sztuk. Opiekane kurczaki umieszczone s\u0105 na widelcu lub w koszyku. Dzi\u0119ki zastosowaniu planetarnej przek\u0142adni obraca si\u0119 b\u0119ben i widelec, co w efekcie pozwala na r\u00f3wnomierne opiekanie i zapobiega wyciekaniu t\u0142uszczu, co przeciwdzia\u0142a wysuszaniu potrawy. Zainstalowany regulator utrzymuje \u017c\u0105dan\u0105 temperatur\u0119, a tak\u017ce zdecydowanie zmniejsza [&hellip;]<\/p>\n","protected":false},"featured_media":26998,"template":"","meta":{"_et_pb_use_builder":"","_et_pb_old_content":"","_et_gb_content_width":""},"pwb-brand":[1000],"product_brand":[],"product_cat":[482],"product_tag":[],"class_list":{"0":"post-26722","1":"product","2":"type-product","3":"status-publish","4":"has-post-thumbnail","6":"pwb-brand-kromet","7":"product_cat-rozna","9":"first","10":"instock","11":"taxable","12":"shipping-taxable","13":"purchasable","14":"product-type-simple"},"brands":[{"id":1000,"name":"Kromet","slug":"kromet"}],"_links":{"self":[{"href":"https:\/\/www.multifrigo.pl\/sklep\/wp-json\/wp\/v2\/product\/26722","targetHints":{"allow":["GET"]}}],"collection":[{"href":"https:\/\/www.multifrigo.pl\/sklep\/wp-json\/wp\/v2\/product"}],"about":[{"href":"https:\/\/www.multifrigo.pl\/sklep\/wp-json\/wp\/v2\/types\/product"}],"wp:featuredmedia":[{"embeddable":true,"href":"https:\/\/www.multifrigo.pl\/sklep\/wp-json\/wp\/v2\/media\/26998"}],"wp:attachment":[{"href":"https:\/\/www.multifrigo.pl\/sklep\/wp-json\/wp\/v2\/media?parent=26722"}],"wp:term":[{"taxonomy":"pwb-brand","embeddable":true,"href":"https:\/\/www.multifrigo.pl\/sklep\/wp-json\/wp\/v2\/pwb-brand?post=26722"},{"taxonomy":"product_brand","embeddable":true,"href":"https:\/\/www.multifrigo.pl\/sklep\/wp-json\/wp\/v2\/product_brand?post=26722"},{"taxonomy":"product_cat","embeddable":true,"href":"https:\/\/www.multifrigo.pl\/sklep\/wp-json\/wp\/v2\/product_cat?post=26722"},{"taxonomy":"product_tag","embeddable":true,"href":"https:\/\/www.multifrigo.pl\/sklep\/wp-json\/wp\/v2\/product_tag?post=26722"}],"curies":[{"name":"wp","href":"https:\/\/api.w.org\/{rel}","templated":true}]}}