{"id":26728,"date":"2024-07-30T13:52:54","date_gmt":"2024-07-30T13:52:54","guid":{"rendered":"https:\/\/multifrigo.pl\/sklep\/produkt\/salamander-z-winda-kromet-000-sw-1\/"},"modified":"2025-08-04T13:34:13","modified_gmt":"2025-08-04T13:34:13","slug":"salamander-z-winda-kromet-000-sw-1","status":"publish","type":"product","link":"https:\/\/www.multifrigo.pl\/sklep\/produkt\/salamander-z-winda-kromet-000-sw-1\/","title":{"rendered":"Salamander z wind\u0105 | Kromet 000.SW-1"},"content":{"rendered":"<p>Urz\u0105dzenie gastronomiczne typu salamander wyposa\u017cono w dwie strefy grzewcze, co umo\u017cliwia zwi\u0119kszenie tempa pracy i przygotowywanie r\u00f3wnocze\u015bnie wi\u0119kszej ilo\u015bci jedzenia. Prezentowany model wyr\u00f3\u017cnia si\u0119 przy tym kompaktowym rozmiarem, dzi\u0119ki czemu zajmuje niewiele miejsca. Sprz\u0119t nadaje si\u0119 do rozmra\u017cania, pieczenia, grillowania oraz podgrzewania gotowych da\u0144, wi\u0119c okazuje si\u0119 niezast\u0105piony w ka\u017cdym lokalu. Salamandra gastronomiczna to dobry wyb\u00f3r r\u00f3wnie\u017c ze wzgl\u0119du na jako\u015b\u0107 zastosowanych komponent\u00f3w. Przesuwna winda pozwala na ustawianie wysoko\u015bci g\u00f3rnego panelu.<\/p>\n","protected":false},"excerpt":{"rendered":"<p>Urz\u0105dzenie gastronomiczne typu salamander wyposa\u017cono w dwie strefy grzewcze, co umo\u017cliwia zwi\u0119kszenie tempa pracy i przygotowywanie r\u00f3wnocze\u015bnie wi\u0119kszej ilo\u015bci jedzenia. Prezentowany model wyr\u00f3\u017cnia si\u0119 przy tym kompaktowym rozmiarem, dzi\u0119ki czemu zajmuje niewiele miejsca. Sprz\u0119t nadaje si\u0119 do rozmra\u017cania, pieczenia, grillowania oraz podgrzewania gotowych da\u0144, wi\u0119c okazuje si\u0119 niezast\u0105piony w ka\u017cdym lokalu. Salamandra gastronomiczna to dobry [&hellip;]<\/p>\n","protected":false},"featured_media":27003,"template":"","meta":{"_et_pb_use_builder":"","_et_pb_old_content":"","_et_gb_content_width":""},"pwb-brand":[1000],"product_brand":[],"product_cat":[468],"product_tag":[],"class_list":{"0":"post-26728","1":"product","2":"type-product","3":"status-publish","4":"has-post-thumbnail","6":"pwb-brand-kromet","7":"product_cat-salamandry","9":"first","10":"instock","11":"taxable","12":"shipping-taxable","13":"purchasable","14":"product-type-simple"},"brands":[{"id":1000,"name":"Kromet","slug":"kromet"}],"_links":{"self":[{"href":"https:\/\/www.multifrigo.pl\/sklep\/wp-json\/wp\/v2\/product\/26728","targetHints":{"allow":["GET"]}}],"collection":[{"href":"https:\/\/www.multifrigo.pl\/sklep\/wp-json\/wp\/v2\/product"}],"about":[{"href":"https:\/\/www.multifrigo.pl\/sklep\/wp-json\/wp\/v2\/types\/product"}],"wp:featuredmedia":[{"embeddable":true,"href":"https:\/\/www.multifrigo.pl\/sklep\/wp-json\/wp\/v2\/media\/27003"}],"wp:attachment":[{"href":"https:\/\/www.multifrigo.pl\/sklep\/wp-json\/wp\/v2\/media?parent=26728"}],"wp:term":[{"taxonomy":"pwb-brand","embeddable":true,"href":"https:\/\/www.multifrigo.pl\/sklep\/wp-json\/wp\/v2\/pwb-brand?post=26728"},{"taxonomy":"product_brand","embeddable":true,"href":"https:\/\/www.multifrigo.pl\/sklep\/wp-json\/wp\/v2\/product_brand?post=26728"},{"taxonomy":"product_cat","embeddable":true,"href":"https:\/\/www.multifrigo.pl\/sklep\/wp-json\/wp\/v2\/product_cat?post=26728"},{"taxonomy":"product_tag","embeddable":true,"href":"https:\/\/www.multifrigo.pl\/sklep\/wp-json\/wp\/v2\/product_tag?post=26728"}],"curies":[{"name":"wp","href":"https:\/\/api.w.org\/{rel}","templated":true}]}}