{"id":26732,"date":"2024-07-30T13:52:55","date_gmt":"2024-07-30T13:52:55","guid":{"rendered":"https:\/\/multifrigo.pl\/sklep\/produkt\/frytownica-elektryczna-kromet-000-fe-10f\/"},"modified":"2025-08-04T13:34:36","modified_gmt":"2025-08-04T13:34:36","slug":"frytownica-elektryczna-kromet-000-fe-10f","status":"publish","type":"product","link":"https:\/\/www.multifrigo.pl\/sklep\/produkt\/frytownica-elektryczna-kromet-000-fe-10f\/","title":{"rendered":"Frytownica elektryczna | Kromet 000.FE-10f"},"content":{"rendered":"<p>Frytkownica elektryczna wykonane z wysokogatunkowych stali nierdzewnych. P\u0142yta robocza wykonana ze stali kwasoodpornej AISI 304. Na tablicy czo\u0142owej urz\u0105dzenia zamontowany jest regulator temperatury. Regulacja temperatury w zakresie 100\u2070\u2013 190\u2070 C. Zbiornik ze stref\u0105 zimn\u0105.<\/p>\n","protected":false},"excerpt":{"rendered":"<p>Frytkownica elektryczna wykonane z wysokogatunkowych stali nierdzewnych. P\u0142yta robocza wykonana ze stali kwasoodpornej AISI 304. Na tablicy czo\u0142owej urz\u0105dzenia zamontowany jest regulator temperatury. Regulacja temperatury w zakresie 100\u2070\u2013 190\u2070 C. Zbiornik ze stref\u0105 zimn\u0105.<\/p>\n","protected":false},"featured_media":27006,"template":"","meta":{"_et_pb_use_builder":"","_et_pb_old_content":"","_et_gb_content_width":""},"pwb-brand":[1000],"product_brand":[],"product_cat":[447],"product_tag":[],"class_list":{"0":"post-26732","1":"product","2":"type-product","3":"status-publish","4":"has-post-thumbnail","6":"pwb-brand-kromet","7":"product_cat-frytownice-gastronomiczne","9":"first","10":"instock","11":"taxable","12":"shipping-taxable","13":"purchasable","14":"product-type-simple"},"brands":[{"id":1000,"name":"Kromet","slug":"kromet"}],"_links":{"self":[{"href":"https:\/\/www.multifrigo.pl\/sklep\/wp-json\/wp\/v2\/product\/26732","targetHints":{"allow":["GET"]}}],"collection":[{"href":"https:\/\/www.multifrigo.pl\/sklep\/wp-json\/wp\/v2\/product"}],"about":[{"href":"https:\/\/www.multifrigo.pl\/sklep\/wp-json\/wp\/v2\/types\/product"}],"wp:featuredmedia":[{"embeddable":true,"href":"https:\/\/www.multifrigo.pl\/sklep\/wp-json\/wp\/v2\/media\/27006"}],"wp:attachment":[{"href":"https:\/\/www.multifrigo.pl\/sklep\/wp-json\/wp\/v2\/media?parent=26732"}],"wp:term":[{"taxonomy":"pwb-brand","embeddable":true,"href":"https:\/\/www.multifrigo.pl\/sklep\/wp-json\/wp\/v2\/pwb-brand?post=26732"},{"taxonomy":"product_brand","embeddable":true,"href":"https:\/\/www.multifrigo.pl\/sklep\/wp-json\/wp\/v2\/product_brand?post=26732"},{"taxonomy":"product_cat","embeddable":true,"href":"https:\/\/www.multifrigo.pl\/sklep\/wp-json\/wp\/v2\/product_cat?post=26732"},{"taxonomy":"product_tag","embeddable":true,"href":"https:\/\/www.multifrigo.pl\/sklep\/wp-json\/wp\/v2\/product_tag?post=26732"}],"curies":[{"name":"wp","href":"https:\/\/api.w.org\/{rel}","templated":true}]}}