{"id":27333,"date":"2024-08-08T07:40:13","date_gmt":"2024-08-08T07:40:13","guid":{"rendered":"https:\/\/multifrigo.pl\/sklep\/?post_type=product&#038;p=27333"},"modified":"2025-05-29T17:54:08","modified_gmt":"2025-05-29T17:54:08","slug":"fartuch-damski-z-kieszeniami-bialy-kegel-blazusiak-2-4210-040-1080","status":"publish","type":"product","link":"https:\/\/www.multifrigo.pl\/sklep\/produkt\/fartuch-damski-z-kieszeniami-bialy-kegel-blazusiak-2-4210-040-1080\/","title":{"rendered":"Fartuch Damski z Kieszeniami (bia\u0142y) | Kegel-B\u0142a\u017cusiak 2-4210-040-1080"},"content":{"rendered":"<p><b>Fartuch Damski z Kieszeniami<\/b><\/p>\n<p>Klasyczny fartuch damski sprawdzi si\u0119 w przemy\u015ble, motoryzacji, bran\u017cy spo\u017cywczej, medycynie, czy w innym sektorze. Wykonany z wysokiej jako\u015bci tkaniny Klopman, fartuch zapewnia komfort i bezpiecze\u0144stwo podczas noszenia. Nowoczesne technologie zastosowane w produkcji gwarantuj\u0105 trwa\u0142o\u015b\u0107 i \u0142atwo\u015b\u0107 czyszczenia. Dost\u0119pny w dw\u00f3ch wariantach kolorystycznych \u2013 niebieskim i bia\u0142ym \u2013 fartuch bez problemu dopasujesz do swojego stylu i specyfiki pracy.<\/p>\n<ul style=\"list-style-type:disc;\">\n<li>Prosty kr\u00f3j.<\/li>\n<li>Fartuch zapinany na napy.<\/li>\n<li>Podkr\u00f3j szyi wyko\u0144czony ko\u0142nierzem.<\/li>\n<li>Zaszewki piersiowe.<\/li>\n<li>Jedna kiesze\u0144 piersiowa naszywana.<\/li>\n<li>Dwie kieszenie dolne naszywane.<\/li>\n<li>R\u0119kawy wyko\u0144czone obr\u0119bem.<\/li>\n<li>D\u00f3\u0142 fartucha wyko\u0144czony obr\u0119bem.<\/li>\n<\/ul>\n<ul>\n<p><b>SK\u0141AD: <\/b><\/p>\n<li>65% PES (poliester) | 35% BAW (bawe\u0142na)<\/li>\n<li>gramatura: 175 g\/m\u00b2;<\/li>\n<\/ul>\n<ul>\n<p><b>KONSERWACJA: <\/b><\/p>\n<li>Pra\u0107 maksymalnie w temperaturze 60\u00b0C<\/li>\n<li>Nie stosowa\u0107 bielenia zwi\u0105zkami chloru<\/li>\n<li>Suszenie w suszarce b\u0119bnowej w niskiej temperaturze<\/li>\n<li>Prasowa\u0107 w temperaturze max.150\u00b0C<\/li>\n<li>Czyszczenie chemiczne w \u015brodkach typu P<\/li>\n<li>Chlorowa\u0107 wy\u0142\u0105cznie bia\u0142\u0105 odzie\u017c<\/li>\n<\/ul>\n<ul>\n<p><b>TECHNOLOGIE: <\/b><\/p>\n<li>KLOPMAN: tkanina uznanej marki na \u015bwiecie. Zwi\u0119kszona odporno\u015b\u0107 na przetarcia, mocna, zachowuj\u0105ca kolor po wielokrotnym praniu.<\/li>\n<li>COATS: nici jed\u00adnego z naj\u00adlep\u00adszych pro\u00addu\u00adcen\u00adt\u00f3w na \u015bwie\u00adcie. Nici Coats sto\u00adsuje si\u0119 tylko do pro\u00adduk\u00adcji naj\u00adwy\u017c\u00adszej klasy wyro\u00adb\u00f3w.<\/li>\n<li>RENTAL QUALITY:produkty spe\u0142niaj\u0105 wymagania firm wypo\u017cyczaj\u0105cych odzie\u017c robocz\u0105. Technologia, surowce zapewniaj\u0105 d\u0142ugotrwa\u0142y okres eksploatacji w pralniach przemys\u0142owych.<\/li>\n<\/ul>\n","protected":false},"excerpt":{"rendered":"<p>Fartuch Damski z Kieszeniami Klasyczny fartuch damski sprawdzi si\u0119 w przemy\u015ble, motoryzacji, bran\u017cy spo\u017cywczej, medycynie, czy w innym sektorze. Wykonany z wysokiej jako\u015bci tkaniny Klopman, fartuch zapewnia komfort i bezpiecze\u0144stwo podczas noszenia. Nowoczesne technologie zastosowane w produkcji gwarantuj\u0105 trwa\u0142o\u015b\u0107 i \u0142atwo\u015b\u0107 czyszczenia. Dost\u0119pny w dw\u00f3ch wariantach kolorystycznych \u2013 niebieskim i bia\u0142ym \u2013 fartuch bez problemu [&hellip;]<\/p>\n","protected":false},"featured_media":27346,"template":"","meta":{"_et_pb_use_builder":"","_et_pb_old_content":"","_et_gb_content_width":""},"pwb-brand":[1012],"product_brand":[],"product_cat":[378],"product_tag":[],"class_list":{"0":"post-27333","1":"product","2":"type-product","3":"status-publish","4":"has-post-thumbnail","6":"pwb-brand-kegel-blazusiak","7":"product_cat-fartuchy-kucharskie","9":"first","10":"instock","11":"taxable","12":"shipping-taxable","13":"purchasable","14":"product-type-variable"},"brands":[{"id":1012,"name":"Kegel-B\u0142a\u017cusiak","slug":"kegel-blazusiak"}],"_links":{"self":[{"href":"https:\/\/www.multifrigo.pl\/sklep\/wp-json\/wp\/v2\/product\/27333","targetHints":{"allow":["GET"]}}],"collection":[{"href":"https:\/\/www.multifrigo.pl\/sklep\/wp-json\/wp\/v2\/product"}],"about":[{"href":"https:\/\/www.multifrigo.pl\/sklep\/wp-json\/wp\/v2\/types\/product"}],"wp:featuredmedia":[{"embeddable":true,"href":"https:\/\/www.multifrigo.pl\/sklep\/wp-json\/wp\/v2\/media\/27346"}],"wp:attachment":[{"href":"https:\/\/www.multifrigo.pl\/sklep\/wp-json\/wp\/v2\/media?parent=27333"}],"wp:term":[{"taxonomy":"pwb-brand","embeddable":true,"href":"https:\/\/www.multifrigo.pl\/sklep\/wp-json\/wp\/v2\/pwb-brand?post=27333"},{"taxonomy":"product_brand","embeddable":true,"href":"https:\/\/www.multifrigo.pl\/sklep\/wp-json\/wp\/v2\/product_brand?post=27333"},{"taxonomy":"product_cat","embeddable":true,"href":"https:\/\/www.multifrigo.pl\/sklep\/wp-json\/wp\/v2\/product_cat?post=27333"},{"taxonomy":"product_tag","embeddable":true,"href":"https:\/\/www.multifrigo.pl\/sklep\/wp-json\/wp\/v2\/product_tag?post=27333"}],"curies":[{"name":"wp","href":"https:\/\/api.w.org\/{rel}","templated":true}]}}