{"id":29347,"date":"2024-08-27T14:34:41","date_gmt":"2024-08-27T14:34:41","guid":{"rendered":"https:\/\/www.multifrigo.pl\/sklep\/produkt\/stol-chlodniczy-do-piwa-tecn-13086-tecnicontrol\/"},"modified":"2025-06-30T07:02:53","modified_gmt":"2025-06-30T07:02:53","slug":"stol-chlodniczy-do-piwa-tecn-13086-tecnicontrol","status":"publish","type":"product","link":"https:\/\/www.multifrigo.pl\/sklep\/produkt\/stol-chlodniczy-do-piwa-tecn-13086-tecnicontrol\/","title":{"rendered":"St\u00f3\u0142 ch\u0142odniczy do piwa TECN-13086 | Tecnicontrol"},"content":{"rendered":"<p><strong>ST\u00d3\u0141 CH\u0141ODNICZY DO PIWA 3-STANOWISKOWY TECN-13086<\/strong><br \/>\n<b>Cechy:<\/b><\/p>\n<ul>\n<li>3 drzwiowa komora ch\u0142odnicza w standardzie.<\/li>\n<li>Przeszklone drzwi.<\/li>\n<li>3 krany do piwa<\/li>\n<\/ul>\n","protected":false},"excerpt":{"rendered":"<p><b>St\u00f3\u0142 ch\u0142odniczy do piwa TECN-13086<\/b><br \/>\nProdukt z ekspozycji.<\/p>\n","protected":false},"featured_media":29342,"template":"","meta":{"_et_pb_use_builder":"","_et_pb_old_content":"","_et_gb_content_width":""},"pwb-brand":[1195],"product_brand":[],"product_cat":[1100],"product_tag":[],"class_list":{"0":"post-29347","1":"product","2":"type-product","3":"status-publish","4":"has-post-thumbnail","6":"pwb-brand-tecnicontrol","7":"product_cat-promocje","9":"first","10":"instock","11":"sale","12":"taxable","13":"shipping-taxable","14":"purchasable","15":"product-type-simple"},"brands":[{"id":1195,"name":"Tecnicontrol","slug":"tecnicontrol"}],"_links":{"self":[{"href":"https:\/\/www.multifrigo.pl\/sklep\/wp-json\/wp\/v2\/product\/29347","targetHints":{"allow":["GET"]}}],"collection":[{"href":"https:\/\/www.multifrigo.pl\/sklep\/wp-json\/wp\/v2\/product"}],"about":[{"href":"https:\/\/www.multifrigo.pl\/sklep\/wp-json\/wp\/v2\/types\/product"}],"wp:featuredmedia":[{"embeddable":true,"href":"https:\/\/www.multifrigo.pl\/sklep\/wp-json\/wp\/v2\/media\/29342"}],"wp:attachment":[{"href":"https:\/\/www.multifrigo.pl\/sklep\/wp-json\/wp\/v2\/media?parent=29347"}],"wp:term":[{"taxonomy":"pwb-brand","embeddable":true,"href":"https:\/\/www.multifrigo.pl\/sklep\/wp-json\/wp\/v2\/pwb-brand?post=29347"},{"taxonomy":"product_brand","embeddable":true,"href":"https:\/\/www.multifrigo.pl\/sklep\/wp-json\/wp\/v2\/product_brand?post=29347"},{"taxonomy":"product_cat","embeddable":true,"href":"https:\/\/www.multifrigo.pl\/sklep\/wp-json\/wp\/v2\/product_cat?post=29347"},{"taxonomy":"product_tag","embeddable":true,"href":"https:\/\/www.multifrigo.pl\/sklep\/wp-json\/wp\/v2\/product_tag?post=29347"}],"curies":[{"name":"wp","href":"https:\/\/api.w.org\/{rel}","templated":true}]}}