{"id":29352,"date":"2024-08-27T14:42:33","date_gmt":"2024-08-27T14:42:33","guid":{"rendered":"https:\/\/www.multifrigo.pl\/sklep\/produkt\/kredens-na-wino-madia-enofrigo\/"},"modified":"2025-05-19T14:30:18","modified_gmt":"2025-05-19T14:30:18","slug":"kredens-na-wino-madia-enofrigo","status":"publish","type":"product","link":"https:\/\/www.multifrigo.pl\/sklep\/produkt\/kredens-na-wino-madia-enofrigo\/","title":{"rendered":"Kredens na wino MADIA | Enofrigo"},"content":{"rendered":"<p><strong>KREDENS NA WINO MADIA<\/strong><br \/>\nKredens z izolacj\u0105, drzwi z litego drewna z ram\u0105 i podw\u00f3jn\u0105 szyb\u0105. Ch\u0142odzenie statyczne z regulacj\u0105 termostatyczn\u0105. O\u015bwietlenie i zamykane drzwi. Poziom ha\u0142asu tylko 41,4 dB. <> Wymiary: 1180x600x1550<\/p>\n","protected":false},"excerpt":{"rendered":"<p><b>Kredens na wino MADIA<\/b><br \/>\nProdukt z ekspozycji.<\/p>\n","protected":false},"featured_media":31231,"template":"","meta":{"_et_pb_use_builder":"","_et_pb_old_content":"","_et_gb_content_width":""},"pwb-brand":[1201],"product_brand":[],"product_cat":[1100],"product_tag":[],"class_list":{"0":"post-29352","1":"product","2":"type-product","3":"status-publish","4":"has-post-thumbnail","6":"pwb-brand-enofrigo","7":"product_cat-promocje","9":"first","10":"instock","11":"taxable","12":"shipping-taxable","13":"purchasable","14":"product-type-simple"},"brands":[{"id":1201,"name":"Enofrigo","slug":"enofrigo"}],"_links":{"self":[{"href":"https:\/\/www.multifrigo.pl\/sklep\/wp-json\/wp\/v2\/product\/29352","targetHints":{"allow":["GET"]}}],"collection":[{"href":"https:\/\/www.multifrigo.pl\/sklep\/wp-json\/wp\/v2\/product"}],"about":[{"href":"https:\/\/www.multifrigo.pl\/sklep\/wp-json\/wp\/v2\/types\/product"}],"wp:featuredmedia":[{"embeddable":true,"href":"https:\/\/www.multifrigo.pl\/sklep\/wp-json\/wp\/v2\/media\/31231"}],"wp:attachment":[{"href":"https:\/\/www.multifrigo.pl\/sklep\/wp-json\/wp\/v2\/media?parent=29352"}],"wp:term":[{"taxonomy":"pwb-brand","embeddable":true,"href":"https:\/\/www.multifrigo.pl\/sklep\/wp-json\/wp\/v2\/pwb-brand?post=29352"},{"taxonomy":"product_brand","embeddable":true,"href":"https:\/\/www.multifrigo.pl\/sklep\/wp-json\/wp\/v2\/product_brand?post=29352"},{"taxonomy":"product_cat","embeddable":true,"href":"https:\/\/www.multifrigo.pl\/sklep\/wp-json\/wp\/v2\/product_cat?post=29352"},{"taxonomy":"product_tag","embeddable":true,"href":"https:\/\/www.multifrigo.pl\/sklep\/wp-json\/wp\/v2\/product_tag?post=29352"}],"curies":[{"name":"wp","href":"https:\/\/api.w.org\/{rel}","templated":true}]}}