{"id":31226,"date":"2024-08-29T08:19:30","date_gmt":"2024-08-29T08:19:30","guid":{"rendered":"https:\/\/www.multifrigo.pl\/sklep\/produkt\/dystrybutor-talerzy-podgrzewany-jezdny-dm-94326\/"},"modified":"2025-05-19T14:30:32","modified_gmt":"2025-05-19T14:30:32","slug":"dystrybutor-talerzy-podgrzewany-jezdny-dm-94326","status":"publish","type":"product","link":"https:\/\/www.multifrigo.pl\/sklep\/produkt\/dystrybutor-talerzy-podgrzewany-jezdny-dm-94326\/","title":{"rendered":"Dystrybutor talerzy podgrzewany jezdny DM-94326 | Dora Metal"},"content":{"rendered":"<p><strong>Dystrybutor talerzy podgrzewany jezdny DM-94326<\/strong><br \/>\n<b>Opis:<\/b> <Li> konstrukcja wykonana ze stali nierdzewnej <Li> posiada cztery ko\u0142a w o \u015brednicy \u00d8 125 mm w tym dwa z hamulcem i blokad\u0105 skr\u0119tu <Li> izolowane \u015bcianki dystrybutora <Li> p\u0142ynna regulacja temperatury 30\u00f760 \u00b0C <Li> ilo\u015b\u0107 talerzy: 1&#215;50 <Li> \u00d8 max. talerzy: 260-190 mm <Li> zasilanie: 230V\/50Hz <Li> moc: 800 W <\/p>\n","protected":false},"excerpt":{"rendered":"<p><b>Dystrybutor talerzy podgrzewany jezdny DM-94326<\/b><br \/>\nProdukt z ekspozycji.<\/p>\n","protected":false},"featured_media":31229,"template":"","meta":{"_et_pb_use_builder":"","_et_pb_old_content":"","_et_gb_content_width":""},"pwb-brand":[1345],"product_brand":[],"product_cat":[1100],"product_tag":[],"class_list":{"0":"post-31226","1":"product","2":"type-product","3":"status-publish","4":"has-post-thumbnail","6":"pwb-brand-dora-metal","7":"product_cat-promocje","9":"first","10":"instock","11":"taxable","12":"shipping-taxable","13":"purchasable","14":"product-type-simple"},"brands":[{"id":1345,"name":"Dora Metal","slug":"dora-metal"}],"_links":{"self":[{"href":"https:\/\/www.multifrigo.pl\/sklep\/wp-json\/wp\/v2\/product\/31226","targetHints":{"allow":["GET"]}}],"collection":[{"href":"https:\/\/www.multifrigo.pl\/sklep\/wp-json\/wp\/v2\/product"}],"about":[{"href":"https:\/\/www.multifrigo.pl\/sklep\/wp-json\/wp\/v2\/types\/product"}],"wp:featuredmedia":[{"embeddable":true,"href":"https:\/\/www.multifrigo.pl\/sklep\/wp-json\/wp\/v2\/media\/31229"}],"wp:attachment":[{"href":"https:\/\/www.multifrigo.pl\/sklep\/wp-json\/wp\/v2\/media?parent=31226"}],"wp:term":[{"taxonomy":"pwb-brand","embeddable":true,"href":"https:\/\/www.multifrigo.pl\/sklep\/wp-json\/wp\/v2\/pwb-brand?post=31226"},{"taxonomy":"product_brand","embeddable":true,"href":"https:\/\/www.multifrigo.pl\/sklep\/wp-json\/wp\/v2\/product_brand?post=31226"},{"taxonomy":"product_cat","embeddable":true,"href":"https:\/\/www.multifrigo.pl\/sklep\/wp-json\/wp\/v2\/product_cat?post=31226"},{"taxonomy":"product_tag","embeddable":true,"href":"https:\/\/www.multifrigo.pl\/sklep\/wp-json\/wp\/v2\/product_tag?post=31226"}],"curies":[{"name":"wp","href":"https:\/\/api.w.org\/{rel}","templated":true}]}}