{"id":42650,"date":"2024-09-02T15:14:10","date_gmt":"2024-09-02T15:14:10","guid":{"rendered":"https:\/\/www.multifrigo.pl\/sklep\/?post_type=product&#038;p=42650"},"modified":"2024-09-04T06:30:52","modified_gmt":"2024-09-04T06:30:52","slug":"basen-1-kom-jezdny-egaz-e-2830","status":"publish","type":"product","link":"https:\/\/www.multifrigo.pl\/sklep\/produkt\/basen-1-kom-jezdny-egaz-e-2830\/","title":{"rendered":"Basen 1-kom. jezdny | Egaz E 2830"},"content":{"rendered":"<p>Firma Egaz to producent mebli i urz\u0105dze\u0144 gastronomicznych dla ma\u0142ej, \u015bredniej i du\u017cej gastronomii. Produkty Egaz s\u0105 w ca\u0142o\u015bci produkowane w Polsce i wykonane z najwy\u017csz\u0105 dba\u0142o\u015bci\u0105 o szczeg\u00f3\u0142y. <\/p>\n<p>Meble te przeznaczone s\u0105 do wyposa\u017cenia zapleczy kuchennych we wszelkich obiektach gastronomicznych, takich jak: sto\u0142\u00f3wki, bary, restauracje, jad\u0142odajnie, bary szybkiej obs\u0142ugi, itd. G\u0142\u00f3wne podzespo\u0142y mebli wykonane s\u0105 z blach o grubo\u015bci od 0,8 do 1,2 mm.<\/p>\n<p>Powierzchnie robocze oraz miejsca w meblach widoczne na zewn\u0105trz s\u0105 szlifowane z zachowaniem struktury liniowej.<\/p>\n<p>Miejsca w meblach wykonane z blach szlifowanych nieobrabiane w trakcie ich produkcji os\u0142oni\u0119te s\u0105 na czas transportu i monta\u017cu foli\u0105 ochronn\u0105.<\/p>\n<p><b>Konstrukcja mebli<\/b><\/p>\n<li>Blat roboczy sto\u0142\u00f3w wyg\u0142uszony jest p\u0142yt\u0105 wi\u00f3row\u0105 laminowan\u0105 przyklejon\u0105 od spodu do blachy,\n<li>Sto\u0142y robocze mog\u0105 by\u0107 wyposa\u017cone w p\u00f3\u0142ki, szafki i szuflady,\n<li>Szafy i szafki w zale\u017cno\u015bci od modelu maj\u0105 drzwi uchylne na zawiasach skrzyde\u0142kowych lub przesuwne zawieszone na w\u00f3zkach rolkowych,\n<li>Szafki z szufladami wyposa\u017cone s\u0105 w prowadnice kulkowe,\n<li>Spawana konstrukcja szkieletowa lub korpusowa zapewnia sztywno\u015b\u0107 i wytrzyma\u0142o\u015b\u0107 na obci\u0105\u017cenia pionowe,\n<li>Powierzchnia robocza p\u0142yt ze zlewozmywakami jest wyprofilowana na 4 mm co zabezpiecza przed sp\u0142ywaniem wody poza obrys sto\u0142u.<br \/>\n<b>Dop\u0142aty<\/b><\/p>\n<li>Otw\u00f3r pod m\u0142ynek: 75 z\u0142\n<li>Otw\u00f3r pod wy\u0142\u0105cznik m\u0142ynka: 75 z\u0142\n<li>Monta\u017c zamka w szafkach, szufladach: 140 z\u0142\n<li>K\u00f3\u0142ka (kpl. 4 Szt. Z hamulcem): 400 z\u0142\n<li>Modu\u0142 szufladowy podwieszany: 480 z\u0142\n<li>Zastosowanie p\u00f3\u0142ki perforowanej w miejsce pe\u0142nej (m\u00b2): 70 z\u0142\n<li>Zastosowanie p\u00f3\u0142ki gretingowej w miejsce pe\u0142nej (m\u00b2): 220 z\u0142\n<li>Dodatkowe ranty bezp\u0142atnie\n<li>Otwory pod baterie bezp\u0142atnie<br \/>\n","protected":false},"excerpt":{"rendered":"<p>Firma Egaz to producent mebli i urz\u0105dze\u0144 gastronomicznych dla ma\u0142ej, \u015bredniej i du\u017cej gastronomii. Produkty Egaz s\u0105 w ca\u0142o\u015bci produkowane w Polsce i wykonane z najwy\u017csz\u0105 dba\u0142o\u015bci\u0105 o szczeg\u00f3\u0142y. Meble te przeznaczone s\u0105 do wyposa\u017cenia zapleczy kuchennych we wszelkich obiektach gastronomicznych, takich jak: sto\u0142\u00f3wki, bary, restauracje, jad\u0142odajnie, bary szybkiej obs\u0142ugi, itd. G\u0142\u00f3wne podzespo\u0142y mebli wykonane [&hellip;]<\/p>\n","protected":false},"featured_media":47541,"template":"","meta":{"_et_pb_use_builder":"","_et_pb_old_content":"","_et_gb_content_width":""},"pwb-brand":[1478],"product_brand":[],"product_cat":[144],"product_tag":[],"class_list":{"0":"post-42650","1":"product","2":"type-product","3":"status-publish","4":"has-post-thumbnail","6":"pwb-brand-egaz","7":"product_cat-stoly-z-basenem","9":"first","10":"instock","11":"taxable","12":"shipping-taxable","13":"purchasable","14":"product-type-variable"},"brands":[{"id":1478,"name":"Egaz","slug":"egaz"}],"_links":{"self":[{"href":"https:\/\/www.multifrigo.pl\/sklep\/wp-json\/wp\/v2\/product\/42650","targetHints":{"allow":["GET"]}}],"collection":[{"href":"https:\/\/www.multifrigo.pl\/sklep\/wp-json\/wp\/v2\/product"}],"about":[{"href":"https:\/\/www.multifrigo.pl\/sklep\/wp-json\/wp\/v2\/types\/product"}],"wp:featuredmedia":[{"embeddable":true,"href":"https:\/\/www.multifrigo.pl\/sklep\/wp-json\/wp\/v2\/media\/47541"}],"wp:attachment":[{"href":"https:\/\/www.multifrigo.pl\/sklep\/wp-json\/wp\/v2\/media?parent=42650"}],"wp:term":[{"taxonomy":"pwb-brand","embeddable":true,"href":"https:\/\/www.multifrigo.pl\/sklep\/wp-json\/wp\/v2\/pwb-brand?post=42650"},{"taxonomy":"product_brand","embeddable":true,"href":"https:\/\/www.multifrigo.pl\/sklep\/wp-json\/wp\/v2\/product_brand?post=42650"},{"taxonomy":"product_cat","embeddable":true,"href":"https:\/\/www.multifrigo.pl\/sklep\/wp-json\/wp\/v2\/product_cat?post=42650"},{"taxonomy":"product_tag","embeddable":true,"href":"https:\/\/www.multifrigo.pl\/sklep\/wp-json\/wp\/v2\/product_tag?post=42650"}],"curies":[{"name":"wp","href":"https:\/\/api.w.org\/{rel}","templated":true}]}}