{"id":47692,"date":"2024-09-04T11:08:17","date_gmt":"2024-09-04T11:08:17","guid":{"rendered":"https:\/\/www.multifrigo.pl\/sklep\/produkt\/taboret-gazowy-2-palnikowy-150kw-z-palnikiem-zapalajacym-egaz-tgp-217-i\/"},"modified":"2025-05-20T06:25:00","modified_gmt":"2025-05-20T06:25:00","slug":"taboret-gazowy-2-palnikowy-150kw-z-palnikiem-zapalajacym-egaz-tgp-217-i","status":"publish","type":"product","link":"https:\/\/www.multifrigo.pl\/sklep\/produkt\/taboret-gazowy-2-palnikowy-150kw-z-palnikiem-zapalajacym-egaz-tgp-217-i\/","title":{"rendered":"Taboret gazowy 2-palnikowy 15,0kW z palnikiem zapalaj\u0105cym | Egaz TGP 217.I"},"content":{"rendered":"<p><b>Taboret gazowy 2-palnikowy 15,0kW z palnikiem zapalaj\u0105cym <\/b><br \/>\nTaboret gastronomiczny jest nowoczesnym urz\u0105dzeniem grzewczym przystosowanym do gotowania du\u017cych ilo\u015bci potraw (50-100kg)<\/p>\n<p>Cechy urz\u0105dzenia:<\/p>\n<ul>\n<li>palniki posiadaj\u0105 dwa pier\u015bcienie ognia (palniki dwukoronowe), kt\u00f3re r\u00f3wnomiernie ogrzewaj\u0105c dno naczynia zwi\u0119kszaj\u0105 efektywno\u015b\u0107 wykorzystania gazu,<\/li>\n<li>zawory z zabezpieczeniem przeciwwyp\u0142ywowym odcinaj\u0105 dop\u0142yw gazu w przypadku zga\u015bni\u0119cia p\u0142omienia,<\/li>\n<li>mo\u017cliwo\u015b\u0107 ustawienia kurkiem tzw. \u201eoszcz\u0119dnego p\u0142omienia\u201d,<\/li>\n<li>w zale\u017cno\u015bci od potrzeb mo\u017cna wykorzysta\u0107 palniki o r\u00f3\u017cnej mocy (patrz tabela poni\u017cej),<\/li>\n<li>w serii TG modelach 1-, 2-, 3-palnikowych zastosowano zapalacze piezoelektryczne, w pozosta\u0142ych elektryczne,<\/li>\n<li>w serii TGP zastosowano palnik zapalaj\u0105cy (tzw. pilot),<\/li>\n<\/ul>\n<ul>\n<li>wyjmowane p\u0142yty podpalnikowe u\u0142atwiaj\u0105 utrzymanie urz\u0105dzenia w czysto\u015bci (z wy\u0142\u0105czeniem serii TGO),<\/li>\n<li>rurowe przy\u0142\u0105cze gazu 1\u20442 \u201d,<\/li>\n<li>konstrukcja wytrzymuje obci\u0105\u017cenia do 100 kg na ka\u017cdy palnik,<\/li>\n<li>zastosowano n\u00f3\u017cki z regulowan\u0105 wysoko\u015bci\u0105,<\/li>\n<li>mog\u0105 by\u0107 zasilane gazem ziemnym G 20 (dawny GZ-50) oraz gazem p\u0142ynnym G 30 (propan, lub propano-butan PB).<\/li>\n<li>obudowy urz\u0105dze\u0144 wykonane s\u0105 ze stali nierdzewnej,<\/li>\n<li>wbudowane palniki TG maj\u0105 \u015brednic\u0119 130 mm.<\/li>\n<\/ul>\n","protected":false},"excerpt":{"rendered":"<p>Taboret gazowy 2-palnikowy 15,0kW z palnikiem zapalaj\u0105cym Taboret gastronomiczny jest nowoczesnym urz\u0105dzeniem grzewczym przystosowanym do gotowania du\u017cych ilo\u015bci potraw (50-100kg) Cechy urz\u0105dzenia: palniki posiadaj\u0105 dwa pier\u015bcienie ognia (palniki dwukoronowe), kt\u00f3re r\u00f3wnomiernie ogrzewaj\u0105c dno naczynia zwi\u0119kszaj\u0105 efektywno\u015b\u0107 wykorzystania gazu, zawory z zabezpieczeniem przeciwwyp\u0142ywowym odcinaj\u0105 dop\u0142yw gazu w przypadku zga\u015bni\u0119cia p\u0142omienia, mo\u017cliwo\u015b\u0107 ustawienia kurkiem tzw. \u201eoszcz\u0119dnego p\u0142omienia\u201d, [&hellip;]<\/p>\n","protected":false},"featured_media":48130,"template":"","meta":{"_et_pb_use_builder":"","_et_pb_old_content":"","_et_gb_content_width":""},"pwb-brand":[1478],"product_brand":[],"product_cat":[454],"product_tag":[],"class_list":{"0":"post-47692","1":"product","2":"type-product","3":"status-publish","4":"has-post-thumbnail","6":"pwb-brand-egaz","7":"product_cat-taborety-gastronomiczne","9":"first","10":"instock","11":"taxable","12":"shipping-taxable","13":"purchasable","14":"product-type-simple"},"brands":[{"id":1478,"name":"Egaz","slug":"egaz"}],"_links":{"self":[{"href":"https:\/\/www.multifrigo.pl\/sklep\/wp-json\/wp\/v2\/product\/47692","targetHints":{"allow":["GET"]}}],"collection":[{"href":"https:\/\/www.multifrigo.pl\/sklep\/wp-json\/wp\/v2\/product"}],"about":[{"href":"https:\/\/www.multifrigo.pl\/sklep\/wp-json\/wp\/v2\/types\/product"}],"wp:featuredmedia":[{"embeddable":true,"href":"https:\/\/www.multifrigo.pl\/sklep\/wp-json\/wp\/v2\/media\/48130"}],"wp:attachment":[{"href":"https:\/\/www.multifrigo.pl\/sklep\/wp-json\/wp\/v2\/media?parent=47692"}],"wp:term":[{"taxonomy":"pwb-brand","embeddable":true,"href":"https:\/\/www.multifrigo.pl\/sklep\/wp-json\/wp\/v2\/pwb-brand?post=47692"},{"taxonomy":"product_brand","embeddable":true,"href":"https:\/\/www.multifrigo.pl\/sklep\/wp-json\/wp\/v2\/product_brand?post=47692"},{"taxonomy":"product_cat","embeddable":true,"href":"https:\/\/www.multifrigo.pl\/sklep\/wp-json\/wp\/v2\/product_cat?post=47692"},{"taxonomy":"product_tag","embeddable":true,"href":"https:\/\/www.multifrigo.pl\/sklep\/wp-json\/wp\/v2\/product_tag?post=47692"}],"curies":[{"name":"wp","href":"https:\/\/api.w.org\/{rel}","templated":true}]}}