{"id":47835,"date":"2024-09-04T11:14:10","date_gmt":"2024-09-04T11:14:10","guid":{"rendered":"https:\/\/www.multifrigo.pl\/sklep\/produkt\/kuchnia-4-palnikowa-z-piekarnikiem-gazowym-egaz-tg-420-pg-1\/"},"modified":"2025-05-20T06:27:44","modified_gmt":"2025-05-20T06:27:44","slug":"kuchnia-4-palnikowa-z-piekarnikiem-gazowym-egaz-tg-420-pg-1","status":"publish","type":"product","link":"https:\/\/www.multifrigo.pl\/sklep\/produkt\/kuchnia-4-palnikowa-z-piekarnikiem-gazowym-egaz-tg-420-pg-1\/","title":{"rendered":"Kuchnia 4-palnikowa z piekarnikiem gazowym | Egaz TG 420\/PG-1"},"content":{"rendered":"<p><b>Kuchnia 4-palnikowa z piekarnikiem gazowym <\/b><\/p>\n<p>Profesjonalna kuchnia gastronomiczna przystosowana do obr\u00f3bki termicznej przy u\u017cyciu gazu ziemnego lub p\u0142ynnego. Przeznaczona do ma\u0142ej, \u015bredniej i du\u017cej gastronomi. Wykonana jest z wysokiej jako\u015bci austenicznej stali nierdzewnej, co dodatkowo wp\u0142ywa na utrzymanie czysto\u015bci i higieny oraz zwi\u0119ksza odporno\u015b\u0107 na uszkodzenia mechaniczne<\/p>\n<p><b><\/p>\n<p>Cechy piekarnik\u00f3w gazowych: <\/p>\n<p><\/b><\/p>\n<ul>\n<li>w piekarnikach gazowych zawory z zabezpieczeniem przeciw wyp\u0142ywowym odcinaj\u0105 dop\u0142yw gazu w przypadku zga\u015bni\u0119cia p\u0142omienia,<\/li>\n<li>mo\u017cliwo\u015b\u0107 ustawienia kurkiem tzw. \u201eoszcz\u0119dnego p\u0142omienia\u201d,<\/li>\n<li>zakres temperatur: 130-270\u00b0C<\/li>\n<li>zapalacze elektryczne,<\/li>\n<li>rurowe przy\u0142\u0105cze gazu 1\u20442\u201d,<\/li>\n<li>zastosowano n\u00f3\u017cki z regulowan\u0105 wysoko\u015bci\u0105,<\/li>\n<li>mog\u0105 by\u0107 zasilane gazem ziemnym G 20 (dawny GZ50) oraz gazem p\u0142ynnym G 30 (propan, lub propano -butan PB).<\/li>\n<li>w standardzie 1 pojemnik GN 1\/1 oraz 1x ruszt<\/li>\n<li>4 poziomy<\/li>\n<\/ul>\n","protected":false},"excerpt":{"rendered":"<p>Kuchnia 4-palnikowa z piekarnikiem gazowym Profesjonalna kuchnia gastronomiczna przystosowana do obr\u00f3bki termicznej przy u\u017cyciu gazu ziemnego lub p\u0142ynnego. Przeznaczona do ma\u0142ej, \u015bredniej i du\u017cej gastronomi. Wykonana jest z wysokiej jako\u015bci austenicznej stali nierdzewnej, co dodatkowo wp\u0142ywa na utrzymanie czysto\u015bci i higieny oraz zwi\u0119ksza odporno\u015b\u0107 na uszkodzenia mechaniczne Cechy piekarnik\u00f3w gazowych: w piekarnikach gazowych zawory z [&hellip;]<\/p>\n","protected":false},"featured_media":48172,"template":"","meta":{"_et_pb_use_builder":"","_et_pb_old_content":"","_et_gb_content_width":""},"pwb-brand":[1478],"product_brand":[],"product_cat":[592],"product_tag":[],"class_list":{"0":"post-47835","1":"product","2":"type-product","3":"status-publish","4":"has-post-thumbnail","6":"pwb-brand-egaz","7":"product_cat-4-palnikowe-z-piekarnikiem-gazowym","9":"first","10":"instock","11":"taxable","12":"shipping-taxable","13":"purchasable","14":"product-type-simple"},"brands":[{"id":1478,"name":"Egaz","slug":"egaz"}],"_links":{"self":[{"href":"https:\/\/www.multifrigo.pl\/sklep\/wp-json\/wp\/v2\/product\/47835","targetHints":{"allow":["GET"]}}],"collection":[{"href":"https:\/\/www.multifrigo.pl\/sklep\/wp-json\/wp\/v2\/product"}],"about":[{"href":"https:\/\/www.multifrigo.pl\/sklep\/wp-json\/wp\/v2\/types\/product"}],"wp:featuredmedia":[{"embeddable":true,"href":"https:\/\/www.multifrigo.pl\/sklep\/wp-json\/wp\/v2\/media\/48172"}],"wp:attachment":[{"href":"https:\/\/www.multifrigo.pl\/sklep\/wp-json\/wp\/v2\/media?parent=47835"}],"wp:term":[{"taxonomy":"pwb-brand","embeddable":true,"href":"https:\/\/www.multifrigo.pl\/sklep\/wp-json\/wp\/v2\/pwb-brand?post=47835"},{"taxonomy":"product_brand","embeddable":true,"href":"https:\/\/www.multifrigo.pl\/sklep\/wp-json\/wp\/v2\/product_brand?post=47835"},{"taxonomy":"product_cat","embeddable":true,"href":"https:\/\/www.multifrigo.pl\/sklep\/wp-json\/wp\/v2\/product_cat?post=47835"},{"taxonomy":"product_tag","embeddable":true,"href":"https:\/\/www.multifrigo.pl\/sklep\/wp-json\/wp\/v2\/product_tag?post=47835"}],"curies":[{"name":"wp","href":"https:\/\/api.w.org\/{rel}","templated":true}]}}