{"id":47940,"date":"2024-09-04T11:18:37","date_gmt":"2024-09-04T11:18:37","guid":{"rendered":"https:\/\/www.multifrigo.pl\/sklep\/produkt\/kuchnia-6-palnikowa-z-pilotem-egaz-tgp-637-ii\/"},"modified":"2025-05-20T06:29:05","modified_gmt":"2025-05-20T06:29:05","slug":"kuchnia-6-palnikowa-z-pilotem-egaz-tgp-637-ii","status":"publish","type":"product","link":"https:\/\/www.multifrigo.pl\/sklep\/produkt\/kuchnia-6-palnikowa-z-pilotem-egaz-tgp-637-ii\/","title":{"rendered":"Kuchnia 6-palnikowa z pilotem | Egaz TGP 637.II"},"content":{"rendered":"<p><b>Kuchnia 6-palnikowa z pilotem <\/b><\/p>\n<p>Profesjonalna kuchnia gastronomiczna przystosowana do obr\u00f3bki termicznej przy u\u017cyciu gazu ziemnego lub p\u0142ynnego. Przeznaczona do ma\u0142ej, \u015bredniej i du\u017cej gastronomi. Wykonana jest z wysokiej jako\u015bci austenicznej stali nierdzewnej, co dodatkowo wp\u0142ywa na utrzymanie czysto\u015bci i higieny oraz zwi\u0119ksza odporno\u015b\u0107 na uszkodzenia mechaniczne<\/p>\n","protected":false},"excerpt":{"rendered":"<p>Kuchnia 6-palnikowa z pilotem Profesjonalna kuchnia gastronomiczna przystosowana do obr\u00f3bki termicznej przy u\u017cyciu gazu ziemnego lub p\u0142ynnego. Przeznaczona do ma\u0142ej, \u015bredniej i du\u017cej gastronomi. Wykonana jest z wysokiej jako\u015bci austenicznej stali nierdzewnej, co dodatkowo wp\u0142ywa na utrzymanie czysto\u015bci i higieny oraz zwi\u0119ksza odporno\u015b\u0107 na uszkodzenia mechaniczne<\/p>\n","protected":false},"featured_media":48187,"template":"","meta":{"_et_pb_use_builder":"","_et_pb_old_content":"","_et_gb_content_width":""},"pwb-brand":[1478],"product_brand":[],"product_cat":[591],"product_tag":[],"class_list":{"0":"post-47940","1":"product","2":"type-product","3":"status-publish","4":"has-post-thumbnail","6":"pwb-brand-egaz","7":"product_cat-6-palnikowe","9":"first","10":"instock","11":"taxable","12":"shipping-taxable","13":"purchasable","14":"product-type-simple"},"brands":[{"id":1478,"name":"Egaz","slug":"egaz"}],"_links":{"self":[{"href":"https:\/\/www.multifrigo.pl\/sklep\/wp-json\/wp\/v2\/product\/47940","targetHints":{"allow":["GET"]}}],"collection":[{"href":"https:\/\/www.multifrigo.pl\/sklep\/wp-json\/wp\/v2\/product"}],"about":[{"href":"https:\/\/www.multifrigo.pl\/sklep\/wp-json\/wp\/v2\/types\/product"}],"wp:featuredmedia":[{"embeddable":true,"href":"https:\/\/www.multifrigo.pl\/sklep\/wp-json\/wp\/v2\/media\/48187"}],"wp:attachment":[{"href":"https:\/\/www.multifrigo.pl\/sklep\/wp-json\/wp\/v2\/media?parent=47940"}],"wp:term":[{"taxonomy":"pwb-brand","embeddable":true,"href":"https:\/\/www.multifrigo.pl\/sklep\/wp-json\/wp\/v2\/pwb-brand?post=47940"},{"taxonomy":"product_brand","embeddable":true,"href":"https:\/\/www.multifrigo.pl\/sklep\/wp-json\/wp\/v2\/product_brand?post=47940"},{"taxonomy":"product_cat","embeddable":true,"href":"https:\/\/www.multifrigo.pl\/sklep\/wp-json\/wp\/v2\/product_cat?post=47940"},{"taxonomy":"product_tag","embeddable":true,"href":"https:\/\/www.multifrigo.pl\/sklep\/wp-json\/wp\/v2\/product_tag?post=47940"}],"curies":[{"name":"wp","href":"https:\/\/api.w.org\/{rel}","templated":true}]}}