{"id":48029,"date":"2024-09-04T11:22:17","date_gmt":"2024-09-04T11:22:17","guid":{"rendered":"https:\/\/www.multifrigo.pl\/sklep\/produkt\/kuchnia-8-palnikowa-z-szafka-egaz-tg-8736-iv\/"},"modified":"2025-05-20T06:30:15","modified_gmt":"2025-05-20T06:30:15","slug":"kuchnia-8-palnikowa-z-szafka-egaz-tg-8736-iv","status":"publish","type":"product","link":"https:\/\/www.multifrigo.pl\/sklep\/produkt\/kuchnia-8-palnikowa-z-szafka-egaz-tg-8736-iv\/","title":{"rendered":"Kuchnia 8-palnikowa z szafk\u0105 | Egaz TG 8736.IV"},"content":{"rendered":"<p><b>Kuchnia 8-palnikowa z szafk\u0105 <\/b><\/p>\n<p>Profesjonalna kuchnia gastronomiczna przystosowana do obr\u00f3bki termicznej przy u\u017cyciu gazu ziemnego lub p\u0142ynnego. Przeznaczona do ma\u0142ej, \u015bredniej i du\u017cej gastronomi. Wykonana jest z wysokiej jako\u015bci austenicznej stali nierdzewnej, co dodatkowo wp\u0142ywa na utrzymanie czysto\u015bci i higieny oraz zwi\u0119ksza odporno\u015b\u0107 na uszkodzenia mechaniczne<\/p>\n","protected":false},"excerpt":{"rendered":"<p>Kuchnia 8-palnikowa z szafk\u0105 Profesjonalna kuchnia gastronomiczna przystosowana do obr\u00f3bki termicznej przy u\u017cyciu gazu ziemnego lub p\u0142ynnego. Przeznaczona do ma\u0142ej, \u015bredniej i du\u017cej gastronomi. Wykonana jest z wysokiej jako\u015bci austenicznej stali nierdzewnej, co dodatkowo wp\u0142ywa na utrzymanie czysto\u015bci i higieny oraz zwi\u0119ksza odporno\u015b\u0107 na uszkodzenia mechaniczne<\/p>\n","protected":false},"featured_media":48206,"template":"","meta":{"_et_pb_use_builder":"","_et_pb_old_content":"","_et_gb_content_width":""},"pwb-brand":[1478],"product_brand":[],"product_cat":[1506],"product_tag":[],"class_list":{"0":"post-48029","1":"product","2":"type-product","3":"status-publish","4":"has-post-thumbnail","6":"pwb-brand-egaz","7":"product_cat-8-palnikowe","9":"first","10":"instock","11":"taxable","12":"shipping-taxable","13":"purchasable","14":"product-type-simple"},"brands":[{"id":1478,"name":"Egaz","slug":"egaz"}],"_links":{"self":[{"href":"https:\/\/www.multifrigo.pl\/sklep\/wp-json\/wp\/v2\/product\/48029","targetHints":{"allow":["GET"]}}],"collection":[{"href":"https:\/\/www.multifrigo.pl\/sklep\/wp-json\/wp\/v2\/product"}],"about":[{"href":"https:\/\/www.multifrigo.pl\/sklep\/wp-json\/wp\/v2\/types\/product"}],"wp:featuredmedia":[{"embeddable":true,"href":"https:\/\/www.multifrigo.pl\/sklep\/wp-json\/wp\/v2\/media\/48206"}],"wp:attachment":[{"href":"https:\/\/www.multifrigo.pl\/sklep\/wp-json\/wp\/v2\/media?parent=48029"}],"wp:term":[{"taxonomy":"pwb-brand","embeddable":true,"href":"https:\/\/www.multifrigo.pl\/sklep\/wp-json\/wp\/v2\/pwb-brand?post=48029"},{"taxonomy":"product_brand","embeddable":true,"href":"https:\/\/www.multifrigo.pl\/sklep\/wp-json\/wp\/v2\/product_brand?post=48029"},{"taxonomy":"product_cat","embeddable":true,"href":"https:\/\/www.multifrigo.pl\/sklep\/wp-json\/wp\/v2\/product_cat?post=48029"},{"taxonomy":"product_tag","embeddable":true,"href":"https:\/\/www.multifrigo.pl\/sklep\/wp-json\/wp\/v2\/product_tag?post=48029"}],"curies":[{"name":"wp","href":"https:\/\/api.w.org\/{rel}","templated":true}]}}