{"id":48051,"date":"2024-09-04T11:23:17","date_gmt":"2024-09-04T11:23:17","guid":{"rendered":"https:\/\/www.multifrigo.pl\/sklep\/produkt\/kuchnia-8-palnikowa-z-piekarnikiem-elektrycznym-z-pilotem-egaz-tgp-8740-pke-3\/"},"modified":"2025-05-20T06:30:33","modified_gmt":"2025-05-20T06:30:33","slug":"kuchnia-8-palnikowa-z-piekarnikiem-elektrycznym-z-pilotem-egaz-tgp-8740-pke-3","status":"publish","type":"product","link":"https:\/\/www.multifrigo.pl\/sklep\/produkt\/kuchnia-8-palnikowa-z-piekarnikiem-elektrycznym-z-pilotem-egaz-tgp-8740-pke-3\/","title":{"rendered":"Kuchnia 8-palnikowa z piekarnikiem elektrycznym + palnik zapalaj\u0105cy | Egaz TGP 8740\/PKE-3"},"content":{"rendered":"<p><b>Kuchnia 8-palnikowa z piekarnikiem elektrycznym 400 V \u2013 z pilotem <\/b><\/p>\n<p>Profesjonalna kuchnia gastronomiczna przystosowana do obr\u00f3bki termicznej przy u\u017cyciu gazu ziemnego lub p\u0142ynnego. Przeznaczona do ma\u0142ej, \u015bredniej i du\u017cej gastronomi. Wykonana jest z wysokiej jako\u015bci austenicznej stali nierdzewnej, co dodatkowo wp\u0142ywa na utrzymanie czysto\u015bci i higieny oraz zwi\u0119ksza odporno\u015b\u0107 na uszkodzenia mechaniczne<\/p>\n<p><b><\/p>\n<p>Cechy piekarnik\u00f3w elektrycznych: <\/p>\n<p><\/b><\/p>\n<ul>\n<li>piekarnik posiada niezale\u017cnie dzia\u0142aj\u0105ce grza\u0142ki g\u00f3rn\u0105, doln\u0105, opiekacza, termoobiegu,<\/li>\n<li>termostat umo\u017cliwia utrzymanie temperatury w zakresie 50-275\u00b0C, posiada r\u00f3wnie\u017c zabezpieczenie przed jej niekontrolowanym wzrostem, \u2022 \u015bwiec\u0105ca lampka sygnalizacyjna na panelu przednim oznacza, \u017ce urz\u0105dzenie jest w\u0142\u0105czone i ostrzega u\u017cytkownika przed przypadkowym dotkni\u0119ciem i poparzeniem,<\/li>\n<li>obudowy urz\u0105dze\u0144 wykonane s\u0105 ze stali nierdzewnej.<\/li>\n<li>piekarnik PKE-1-zasilanie 230 V, PKE-3 &#8211; 400 V 32 A<\/li>\n<\/ul>\n","protected":false},"excerpt":{"rendered":"<p>Kuchnia 8-palnikowa z piekarnikiem elektrycznym 400 V \u2013 z pilotem Profesjonalna kuchnia gastronomiczna przystosowana do obr\u00f3bki termicznej przy u\u017cyciu gazu ziemnego lub p\u0142ynnego. Przeznaczona do ma\u0142ej, \u015bredniej i du\u017cej gastronomi. Wykonana jest z wysokiej jako\u015bci austenicznej stali nierdzewnej, co dodatkowo wp\u0142ywa na utrzymanie czysto\u015bci i higieny oraz zwi\u0119ksza odporno\u015b\u0107 na uszkodzenia mechaniczne Cechy piekarnik\u00f3w elektrycznych: [&hellip;]<\/p>\n","protected":false},"featured_media":48207,"template":"","meta":{"_et_pb_use_builder":"","_et_pb_old_content":"","_et_gb_content_width":""},"pwb-brand":[1478],"product_brand":[],"product_cat":[1508],"product_tag":[],"class_list":{"0":"post-48051","1":"product","2":"type-product","3":"status-publish","4":"has-post-thumbnail","6":"pwb-brand-egaz","7":"product_cat-8-palnikowe-z-piekarnikiem-elektrycznym","9":"first","10":"instock","11":"taxable","12":"shipping-taxable","13":"purchasable","14":"product-type-simple"},"brands":[{"id":1478,"name":"Egaz","slug":"egaz"}],"_links":{"self":[{"href":"https:\/\/www.multifrigo.pl\/sklep\/wp-json\/wp\/v2\/product\/48051","targetHints":{"allow":["GET"]}}],"collection":[{"href":"https:\/\/www.multifrigo.pl\/sklep\/wp-json\/wp\/v2\/product"}],"about":[{"href":"https:\/\/www.multifrigo.pl\/sklep\/wp-json\/wp\/v2\/types\/product"}],"wp:featuredmedia":[{"embeddable":true,"href":"https:\/\/www.multifrigo.pl\/sklep\/wp-json\/wp\/v2\/media\/48207"}],"wp:attachment":[{"href":"https:\/\/www.multifrigo.pl\/sklep\/wp-json\/wp\/v2\/media?parent=48051"}],"wp:term":[{"taxonomy":"pwb-brand","embeddable":true,"href":"https:\/\/www.multifrigo.pl\/sklep\/wp-json\/wp\/v2\/pwb-brand?post=48051"},{"taxonomy":"product_brand","embeddable":true,"href":"https:\/\/www.multifrigo.pl\/sklep\/wp-json\/wp\/v2\/product_brand?post=48051"},{"taxonomy":"product_cat","embeddable":true,"href":"https:\/\/www.multifrigo.pl\/sklep\/wp-json\/wp\/v2\/product_cat?post=48051"},{"taxonomy":"product_tag","embeddable":true,"href":"https:\/\/www.multifrigo.pl\/sklep\/wp-json\/wp\/v2\/product_tag?post=48051"}],"curies":[{"name":"wp","href":"https:\/\/api.w.org\/{rel}","templated":true}]}}