{"id":48065,"date":"2024-09-04T11:23:55","date_gmt":"2024-09-04T11:23:55","guid":{"rendered":"https:\/\/www.multifrigo.pl\/sklep\/produkt\/kuchenka-elektryczna-nastolna-egaz-ke-41-i\/"},"modified":"2025-05-20T06:30:43","modified_gmt":"2025-05-20T06:30:43","slug":"kuchenka-elektryczna-nastolna-egaz-ke-41-i","status":"publish","type":"product","link":"https:\/\/www.multifrigo.pl\/sklep\/produkt\/kuchenka-elektryczna-nastolna-egaz-ke-41-i\/","title":{"rendered":"Kuchenka elektryczna nastolna | Egaz KE-41.I"},"content":{"rendered":"<p><b>Kuchenka elektryczna nastolna<\/b><\/p>\n<ul>\n<li>najwy\u017cszej klasy p\u0142yty grzejne o mocy 2,6 kW, 400V<\/li>\n<li>siedmiostopniowy prze\u0142\u0105cznik pozwalaj\u0105cy na wygodne i oszcz\u0119dne korzystanie z jej mocy,<\/li>\n<li>\u015bwiec\u0105ca lampka sygnalizacyjna na panelu przednim oznacza, \u017ce p\u0142yta grzejna jest w\u0142\u0105czona i ostrzega u\u017cytkownika przed jej przypadkowym dotkni\u0119ciem i poparzeniem,<\/li>\n<li>kuchenki ze wzgl\u0119du na swoj\u0105 budow\u0119 s\u0105 bardzo proste do utrzymania w czysto\u015bci,<\/li>\n<li>konstrukcja kuchenki wytrzymuje obci\u0105\u017cenia do 100 kg na ka\u017cd\u0105 p\u0142yt\u0119 grzewcz\u0105,<\/li>\n<li>obudowy urz\u0105dze\u0144 wykonane s\u0105 ze stali nierdzewnej,<\/li>\n<p>\u015brednica p\u0142yty elektrycznej 220 mm, p\u0142yta wystaje ok 20 mm ponad blat.<\/li>\n<\/ul>\n","protected":false},"excerpt":{"rendered":"<p>Kuchenka elektryczna nastolna najwy\u017cszej klasy p\u0142yty grzejne o mocy 2,6 kW, 400V siedmiostopniowy prze\u0142\u0105cznik pozwalaj\u0105cy na wygodne i oszcz\u0119dne korzystanie z jej mocy, \u015bwiec\u0105ca lampka sygnalizacyjna na panelu przednim oznacza, \u017ce p\u0142yta grzejna jest w\u0142\u0105czona i ostrzega u\u017cytkownika przed jej przypadkowym dotkni\u0119ciem i poparzeniem, kuchenki ze wzgl\u0119du na swoj\u0105 budow\u0119 s\u0105 bardzo proste do utrzymania [&hellip;]<\/p>\n","protected":false},"featured_media":48209,"template":"","meta":{"_et_pb_use_builder":"","_et_pb_old_content":"","_et_gb_content_width":""},"pwb-brand":[1478],"product_brand":[],"product_cat":[1513],"product_tag":[],"class_list":{"0":"post-48065","1":"product","2":"type-product","3":"status-publish","4":"has-post-thumbnail","6":"pwb-brand-egaz","7":"product_cat-kuchenki-elektryczne","9":"first","10":"instock","11":"taxable","12":"shipping-taxable","13":"purchasable","14":"product-type-simple"},"brands":[{"id":1478,"name":"Egaz","slug":"egaz"}],"_links":{"self":[{"href":"https:\/\/www.multifrigo.pl\/sklep\/wp-json\/wp\/v2\/product\/48065","targetHints":{"allow":["GET"]}}],"collection":[{"href":"https:\/\/www.multifrigo.pl\/sklep\/wp-json\/wp\/v2\/product"}],"about":[{"href":"https:\/\/www.multifrigo.pl\/sklep\/wp-json\/wp\/v2\/types\/product"}],"wp:featuredmedia":[{"embeddable":true,"href":"https:\/\/www.multifrigo.pl\/sklep\/wp-json\/wp\/v2\/media\/48209"}],"wp:attachment":[{"href":"https:\/\/www.multifrigo.pl\/sklep\/wp-json\/wp\/v2\/media?parent=48065"}],"wp:term":[{"taxonomy":"pwb-brand","embeddable":true,"href":"https:\/\/www.multifrigo.pl\/sklep\/wp-json\/wp\/v2\/pwb-brand?post=48065"},{"taxonomy":"product_brand","embeddable":true,"href":"https:\/\/www.multifrigo.pl\/sklep\/wp-json\/wp\/v2\/product_brand?post=48065"},{"taxonomy":"product_cat","embeddable":true,"href":"https:\/\/www.multifrigo.pl\/sklep\/wp-json\/wp\/v2\/product_cat?post=48065"},{"taxonomy":"product_tag","embeddable":true,"href":"https:\/\/www.multifrigo.pl\/sklep\/wp-json\/wp\/v2\/product_tag?post=48065"}],"curies":[{"name":"wp","href":"https:\/\/api.w.org\/{rel}","templated":true}]}}