{"id":48072,"date":"2024-09-04T11:24:15","date_gmt":"2024-09-04T11:24:15","guid":{"rendered":"https:\/\/www.multifrigo.pl\/sklep\/produkt\/kuchnia-elektryczna-4-plytowa-z-piekarnikiem-elektrycznym-egaz-ke-47-pke-3\/"},"modified":"2025-05-20T06:30:48","modified_gmt":"2025-05-20T06:30:48","slug":"kuchnia-elektryczna-4-plytowa-z-piekarnikiem-elektrycznym-egaz-ke-47-pke-3","status":"publish","type":"product","link":"https:\/\/www.multifrigo.pl\/sklep\/produkt\/kuchnia-elektryczna-4-plytowa-z-piekarnikiem-elektrycznym-egaz-ke-47-pke-3\/","title":{"rendered":"Kuchnia elektryczna 4-p\u0142ytowa z piekarnikiem elektrycznym | Egaz KE-47\/PKE-3"},"content":{"rendered":"<p><b>Kuchnia elektryczna z piekarnikiem elektrycznym<\/b><\/p>\n<ul>\n<li>najwy\u017cszej klasy p\u0142yty grzejne o mocy 2,6 kW, 400V<\/li>\n<li>siedmiostopniowy prze\u0142\u0105cznik pozwalaj\u0105cy na wygodne i oszcz\u0119dne korzystanie z jej mocy,<\/li>\n<li>\u015bwiec\u0105ca lampka sygnalizacyjna na panelu przednim oznacza, \u017ce p\u0142yta grzejna jest w\u0142\u0105czona i ostrzega u\u017cytkownika przed jej przypadkowym dotkni\u0119ciem i poparzeniem,<\/li>\n<li>kuchenki ze wzgl\u0119du na swoj\u0105 budow\u0119 s\u0105 bardzo proste do utrzymania w czysto\u015bci,<\/li>\n<li>konstrukcja kuchenki wytrzymuje obci\u0105\u017cenia do 100 kg na ka\u017cd\u0105 p\u0142yt\u0119 grzewcz\u0105,<\/li>\n<li>\u015brednica p\u0142yty elektrycznej &#8211; 220 mm, p\u0142yta wystaje ok. 20 mm ponad blat <\/li>\n<li>obudowy urz\u0105dze\u0144 wykonane s\u0105 ze stali nierdzewnej.<\/li>\n<li>w trzon wbudowany jest piekarnik elektryczny PKE przeznaczony do pieczenia produkt\u00f3w spo\u017cywczych ze szczeg\u00f3lnym uwzgl\u0119dnieniem mi\u0119s i ciast. Piekarnik opr\u00f3cz standardowych grza\u0142ek g\u00f3rnej i dolnej posiada opiekacz i termoobieg. W komorze piekarnika mie\u015bci si\u0119 4 blachy GN 1\/1. Termostat umo\u017cliwia utrzymanie temperatury w zakresie 50-275\u00b0C.<\/li>\n<li>moc piekarnika PKE 3 \u2013 5,3 kW<\/li>\n<\/ul>\n","protected":false},"excerpt":{"rendered":"<p>Kuchnia elektryczna z piekarnikiem elektrycznym najwy\u017cszej klasy p\u0142yty grzejne o mocy 2,6 kW, 400V siedmiostopniowy prze\u0142\u0105cznik pozwalaj\u0105cy na wygodne i oszcz\u0119dne korzystanie z jej mocy, \u015bwiec\u0105ca lampka sygnalizacyjna na panelu przednim oznacza, \u017ce p\u0142yta grzejna jest w\u0142\u0105czona i ostrzega u\u017cytkownika przed jej przypadkowym dotkni\u0119ciem i poparzeniem, kuchenki ze wzgl\u0119du na swoj\u0105 budow\u0119 s\u0105 bardzo proste [&hellip;]<\/p>\n","protected":false},"featured_media":48214,"template":"","meta":{"_et_pb_use_builder":"","_et_pb_old_content":"","_et_gb_content_width":""},"pwb-brand":[1478],"product_brand":[],"product_cat":[586],"product_tag":[],"class_list":{"0":"post-48072","1":"product","2":"type-product","3":"status-publish","4":"has-post-thumbnail","6":"pwb-brand-egaz","7":"product_cat-4-plytowe","9":"first","10":"instock","11":"taxable","12":"shipping-taxable","13":"purchasable","14":"product-type-simple"},"brands":[{"id":1478,"name":"Egaz","slug":"egaz"}],"_links":{"self":[{"href":"https:\/\/www.multifrigo.pl\/sklep\/wp-json\/wp\/v2\/product\/48072","targetHints":{"allow":["GET"]}}],"collection":[{"href":"https:\/\/www.multifrigo.pl\/sklep\/wp-json\/wp\/v2\/product"}],"about":[{"href":"https:\/\/www.multifrigo.pl\/sklep\/wp-json\/wp\/v2\/types\/product"}],"wp:featuredmedia":[{"embeddable":true,"href":"https:\/\/www.multifrigo.pl\/sklep\/wp-json\/wp\/v2\/media\/48214"}],"wp:attachment":[{"href":"https:\/\/www.multifrigo.pl\/sklep\/wp-json\/wp\/v2\/media?parent=48072"}],"wp:term":[{"taxonomy":"pwb-brand","embeddable":true,"href":"https:\/\/www.multifrigo.pl\/sklep\/wp-json\/wp\/v2\/pwb-brand?post=48072"},{"taxonomy":"product_brand","embeddable":true,"href":"https:\/\/www.multifrigo.pl\/sklep\/wp-json\/wp\/v2\/product_brand?post=48072"},{"taxonomy":"product_cat","embeddable":true,"href":"https:\/\/www.multifrigo.pl\/sklep\/wp-json\/wp\/v2\/product_cat?post=48072"},{"taxonomy":"product_tag","embeddable":true,"href":"https:\/\/www.multifrigo.pl\/sklep\/wp-json\/wp\/v2\/product_tag?post=48072"}],"curies":[{"name":"wp","href":"https:\/\/api.w.org\/{rel}","templated":true}]}}