{"id":48079,"date":"2024-09-04T11:24:32","date_gmt":"2024-09-04T11:24:32","guid":{"rendered":"https:\/\/www.multifrigo.pl\/sklep\/produkt\/piekarnik-wolnostojacy-gazowy-egaz-pg-1\/"},"modified":"2025-05-20T06:30:56","modified_gmt":"2025-05-20T06:30:56","slug":"piekarnik-wolnostojacy-gazowy-egaz-pg-1","status":"publish","type":"product","link":"https:\/\/www.multifrigo.pl\/sklep\/produkt\/piekarnik-wolnostojacy-gazowy-egaz-pg-1\/","title":{"rendered":"Piekarnik wolnostoj\u0105cy gazowy | Egaz PG-1"},"content":{"rendered":"<p><b>Piekarnik wolnostoj\u0105cy gazowy<\/b><\/p>\n<p>Piekarnik wolnostoj\u0105cy przystosowany jest do pieczenia produkt\u00f3w spo\u017cywczych ze szczeg\u00f3lnym uwzgl\u0119dnieniem mi\u0119s i ciast<\/p>\n<ul>\n<li>w piekarnikach gazowych zawory z zabezpieczeniem przeciwwyp\u0142ywowym odcinaj\u0105 dop\u0142yw gazu w przypadku zga\u015bni\u0119cia p\u0142omienia,<\/li>\n<li>mo\u017cliwo\u015b\u0107 ustawienia kurkiem tzw. \u201eoszcz\u0119dnego p\u0142omienia\u201d,<\/li>\n<li>zakres temperatur: 130-270\u00b0C<\/li>\n<li>zapalacze elektryczne,<\/li>\n<li>rurowe przy\u0142\u0105cze gazu 1\u20442\u201d,<\/li>\n<li>zastosowano n\u00f3\u017cki z regulowan\u0105 wysoko\u015bci\u0105,<\/li>\n<li>mog\u0105 by\u0107 zasilane gazem ziemnym G 20 oraz gazem p\u0142ynnym G 30 (propan, lub propano -butan PB).<\/li>\n<li>moc grzewcza 3,5 kW<\/li>\n<\/ul>\n","protected":false},"excerpt":{"rendered":"<p>Piekarnik wolnostoj\u0105cy gazowy Piekarnik wolnostoj\u0105cy przystosowany jest do pieczenia produkt\u00f3w spo\u017cywczych ze szczeg\u00f3lnym uwzgl\u0119dnieniem mi\u0119s i ciast w piekarnikach gazowych zawory z zabezpieczeniem przeciwwyp\u0142ywowym odcinaj\u0105 dop\u0142yw gazu w przypadku zga\u015bni\u0119cia p\u0142omienia, mo\u017cliwo\u015b\u0107 ustawienia kurkiem tzw. \u201eoszcz\u0119dnego p\u0142omienia\u201d, zakres temperatur: 130-270\u00b0C zapalacze elektryczne, rurowe przy\u0142\u0105cze gazu 1\u20442\u201d, zastosowano n\u00f3\u017cki z regulowan\u0105 wysoko\u015bci\u0105, mog\u0105 by\u0107 zasilane gazem [&hellip;]<\/p>\n","protected":false},"featured_media":48218,"template":"","meta":{"_et_pb_use_builder":"","_et_pb_old_content":"","_et_gb_content_width":""},"pwb-brand":[1478],"product_brand":[],"product_cat":[1009],"product_tag":[],"class_list":{"0":"post-48079","1":"product","2":"type-product","3":"status-publish","4":"has-post-thumbnail","6":"pwb-brand-egaz","7":"product_cat-piekarniki","9":"first","10":"instock","11":"taxable","12":"shipping-taxable","13":"purchasable","14":"product-type-simple"},"brands":[{"id":1478,"name":"Egaz","slug":"egaz"}],"_links":{"self":[{"href":"https:\/\/www.multifrigo.pl\/sklep\/wp-json\/wp\/v2\/product\/48079","targetHints":{"allow":["GET"]}}],"collection":[{"href":"https:\/\/www.multifrigo.pl\/sklep\/wp-json\/wp\/v2\/product"}],"about":[{"href":"https:\/\/www.multifrigo.pl\/sklep\/wp-json\/wp\/v2\/types\/product"}],"wp:featuredmedia":[{"embeddable":true,"href":"https:\/\/www.multifrigo.pl\/sklep\/wp-json\/wp\/v2\/media\/48218"}],"wp:attachment":[{"href":"https:\/\/www.multifrigo.pl\/sklep\/wp-json\/wp\/v2\/media?parent=48079"}],"wp:term":[{"taxonomy":"pwb-brand","embeddable":true,"href":"https:\/\/www.multifrigo.pl\/sklep\/wp-json\/wp\/v2\/pwb-brand?post=48079"},{"taxonomy":"product_brand","embeddable":true,"href":"https:\/\/www.multifrigo.pl\/sklep\/wp-json\/wp\/v2\/product_brand?post=48079"},{"taxonomy":"product_cat","embeddable":true,"href":"https:\/\/www.multifrigo.pl\/sklep\/wp-json\/wp\/v2\/product_cat?post=48079"},{"taxonomy":"product_tag","embeddable":true,"href":"https:\/\/www.multifrigo.pl\/sklep\/wp-json\/wp\/v2\/product_tag?post=48079"}],"curies":[{"name":"wp","href":"https:\/\/api.w.org\/{rel}","templated":true}]}}