{"id":48080,"date":"2024-09-04T11:24:36","date_gmt":"2024-09-04T11:24:36","guid":{"rendered":"https:\/\/www.multifrigo.pl\/sklep\/produkt\/piekarnik-wolnostojacy-elektryczny-egaz-pke-1\/"},"modified":"2025-05-20T06:30:56","modified_gmt":"2025-05-20T06:30:56","slug":"piekarnik-wolnostojacy-elektryczny-egaz-pke-1","status":"publish","type":"product","link":"https:\/\/www.multifrigo.pl\/sklep\/produkt\/piekarnik-wolnostojacy-elektryczny-egaz-pke-1\/","title":{"rendered":"Piekarnik wolnostoj\u0105cy elektryczny | Egaz PKE-1"},"content":{"rendered":"<p><b>Piekarnik wolnostoj\u0105cy elektryczny<\/b><\/p>\n<p>Piekarnik wolnostoj\u0105cy przystosowany jest do pieczenia produkt\u00f3w spo\u017cywczych ze szczeg\u00f3lnym uwzgl\u0119dnieniem mi\u0119s i ciast<\/p>\n<ul>\n<li>piekarnik elektryczny posiada niezale\u017cnie dzia\u0142aj\u0105ce grza\u0142ki g\u00f3rn\u0105, doln\u0105, opiekacza, termoobiegu,<\/li>\n<li>termostat umo\u017cliwia utrzymanie temperatury w zakresie 50-275\u00b0C, posiada r\u00f3wnie\u017c zabezpieczenie przed jej niekontrolowanym wzrostem,<\/li>\n<li>\u015bwiec\u0105ca lampka sygnalizacyjna na panelu przednim oznacza, \u017ce urz\u0105dzenie jest w\u0142\u0105czone i ostrzega u\u017cytkownika przed przypadkowym dotkni\u0119ciem i poparzeniem,<\/li>\n<li>obudowy urz\u0105dze\u0144 wykonane s\u0105 ze stali nierdzewnej.<\/li>\n<li>piekarnik PKE-1: moc grzewcza 3,6 kW zasilanie 230V, PKE-3: moc grzewcza 5,3 kW zasilanie 400V<\/li>\n<\/ul>\n","protected":false},"excerpt":{"rendered":"<p>Piekarnik wolnostoj\u0105cy elektryczny Piekarnik wolnostoj\u0105cy przystosowany jest do pieczenia produkt\u00f3w spo\u017cywczych ze szczeg\u00f3lnym uwzgl\u0119dnieniem mi\u0119s i ciast piekarnik elektryczny posiada niezale\u017cnie dzia\u0142aj\u0105ce grza\u0142ki g\u00f3rn\u0105, doln\u0105, opiekacza, termoobiegu, termostat umo\u017cliwia utrzymanie temperatury w zakresie 50-275\u00b0C, posiada r\u00f3wnie\u017c zabezpieczenie przed jej niekontrolowanym wzrostem, \u015bwiec\u0105ca lampka sygnalizacyjna na panelu przednim oznacza, \u017ce urz\u0105dzenie jest w\u0142\u0105czone i ostrzega u\u017cytkownika [&hellip;]<\/p>\n","protected":false},"featured_media":48219,"template":"","meta":{"_et_pb_use_builder":"","_et_pb_old_content":"","_et_gb_content_width":""},"pwb-brand":[1478],"product_brand":[],"product_cat":[1009],"product_tag":[],"class_list":{"0":"post-48080","1":"product","2":"type-product","3":"status-publish","4":"has-post-thumbnail","6":"pwb-brand-egaz","7":"product_cat-piekarniki","9":"first","10":"instock","11":"taxable","12":"shipping-taxable","13":"purchasable","14":"product-type-simple"},"brands":[{"id":1478,"name":"Egaz","slug":"egaz"}],"_links":{"self":[{"href":"https:\/\/www.multifrigo.pl\/sklep\/wp-json\/wp\/v2\/product\/48080","targetHints":{"allow":["GET"]}}],"collection":[{"href":"https:\/\/www.multifrigo.pl\/sklep\/wp-json\/wp\/v2\/product"}],"about":[{"href":"https:\/\/www.multifrigo.pl\/sklep\/wp-json\/wp\/v2\/types\/product"}],"wp:featuredmedia":[{"embeddable":true,"href":"https:\/\/www.multifrigo.pl\/sklep\/wp-json\/wp\/v2\/media\/48219"}],"wp:attachment":[{"href":"https:\/\/www.multifrigo.pl\/sklep\/wp-json\/wp\/v2\/media?parent=48080"}],"wp:term":[{"taxonomy":"pwb-brand","embeddable":true,"href":"https:\/\/www.multifrigo.pl\/sklep\/wp-json\/wp\/v2\/pwb-brand?post=48080"},{"taxonomy":"product_brand","embeddable":true,"href":"https:\/\/www.multifrigo.pl\/sklep\/wp-json\/wp\/v2\/product_brand?post=48080"},{"taxonomy":"product_cat","embeddable":true,"href":"https:\/\/www.multifrigo.pl\/sklep\/wp-json\/wp\/v2\/product_cat?post=48080"},{"taxonomy":"product_tag","embeddable":true,"href":"https:\/\/www.multifrigo.pl\/sklep\/wp-json\/wp\/v2\/product_tag?post=48080"}],"curies":[{"name":"wp","href":"https:\/\/api.w.org\/{rel}","templated":true}]}}