{"id":48082,"date":"2024-09-04T11:24:40","date_gmt":"2024-09-04T11:24:40","guid":{"rendered":"https:\/\/www.multifrigo.pl\/sklep\/produkt\/patelnia-gastronomiczna-gazowa-egaz-gp1\/"},"modified":"2025-05-20T06:30:58","modified_gmt":"2025-05-20T06:30:58","slug":"patelnia-gastronomiczna-gazowa-egaz-gp1","status":"publish","type":"product","link":"https:\/\/www.multifrigo.pl\/sklep\/produkt\/patelnia-gastronomiczna-gazowa-egaz-gp1\/","title":{"rendered":"Patelnia gastronomiczna gazowa | Egaz GP1"},"content":{"rendered":"<p><b>Patelnia gastronomiczna gazowa<\/b><\/p>\n<p>Patelnia gastronomiczna s\u0142u\u017cy do termicznej obr\u00f3bki produkt\u00f3w spo\u017cywczych, przede wszystkim dosma\u017cenia na oleju<\/p>\n<ul>\n<li>stabilna konstrukcja no\u015bna,<\/li>\n<li>specjalny modu\u0142 zako\u0144czony korb\u0105 pozwala na jej p\u0142ynne i r\u00f3wnomierne przechylanie w celu zlania zu\u017cytego oleju,<\/li>\n<li>zaw\u00f3r z termostatem umo\u017cliwia utrzymanie temperatury w zakresie 50-275\u00b0C, posiada r\u00f3wnie\u017c zabezpieczenie przed<br \/>jej niekontrolowanym wzrostem,<\/li>\n<li>mog\u0105 by\u0107 zasilane gazem ziemnym G 20 (dawny GZ-50) lub p\u0142ynnym G 30 (propan, lub propano -butan PB),<\/li>\n<li>obudowy urz\u0105dze\u0144 wykonane s\u0105 ze stali nierdzewnej,<\/li>\n<li>moc grzewcza: GP1 7,0 kW, GP2 14,0 kW .<\/li>\n<\/ul>\n","protected":false},"excerpt":{"rendered":"<p>Patelnia gastronomiczna gazowa Patelnia gastronomiczna s\u0142u\u017cy do termicznej obr\u00f3bki produkt\u00f3w spo\u017cywczych, przede wszystkim dosma\u017cenia na oleju stabilna konstrukcja no\u015bna, specjalny modu\u0142 zako\u0144czony korb\u0105 pozwala na jej p\u0142ynne i r\u00f3wnomierne przechylanie w celu zlania zu\u017cytego oleju, zaw\u00f3r z termostatem umo\u017cliwia utrzymanie temperatury w zakresie 50-275\u00b0C, posiada r\u00f3wnie\u017c zabezpieczenie przedjej niekontrolowanym wzrostem, mog\u0105 by\u0107 zasilane gazem ziemnym [&hellip;]<\/p>\n","protected":false},"featured_media":48220,"template":"","meta":{"_et_pb_use_builder":"","_et_pb_old_content":"","_et_gb_content_width":""},"pwb-brand":[1478],"product_brand":[],"product_cat":[476],"product_tag":[],"class_list":{"0":"post-48082","1":"product","2":"type-product","3":"status-publish","4":"has-post-thumbnail","6":"pwb-brand-egaz","7":"product_cat-patelnie-uchylne","9":"first","10":"instock","11":"taxable","12":"shipping-taxable","13":"purchasable","14":"product-type-simple"},"brands":[{"id":1478,"name":"Egaz","slug":"egaz"}],"_links":{"self":[{"href":"https:\/\/www.multifrigo.pl\/sklep\/wp-json\/wp\/v2\/product\/48082","targetHints":{"allow":["GET"]}}],"collection":[{"href":"https:\/\/www.multifrigo.pl\/sklep\/wp-json\/wp\/v2\/product"}],"about":[{"href":"https:\/\/www.multifrigo.pl\/sklep\/wp-json\/wp\/v2\/types\/product"}],"wp:featuredmedia":[{"embeddable":true,"href":"https:\/\/www.multifrigo.pl\/sklep\/wp-json\/wp\/v2\/media\/48220"}],"wp:attachment":[{"href":"https:\/\/www.multifrigo.pl\/sklep\/wp-json\/wp\/v2\/media?parent=48082"}],"wp:term":[{"taxonomy":"pwb-brand","embeddable":true,"href":"https:\/\/www.multifrigo.pl\/sklep\/wp-json\/wp\/v2\/pwb-brand?post=48082"},{"taxonomy":"product_brand","embeddable":true,"href":"https:\/\/www.multifrigo.pl\/sklep\/wp-json\/wp\/v2\/product_brand?post=48082"},{"taxonomy":"product_cat","embeddable":true,"href":"https:\/\/www.multifrigo.pl\/sklep\/wp-json\/wp\/v2\/product_cat?post=48082"},{"taxonomy":"product_tag","embeddable":true,"href":"https:\/\/www.multifrigo.pl\/sklep\/wp-json\/wp\/v2\/product_tag?post=48082"}],"curies":[{"name":"wp","href":"https:\/\/api.w.org\/{rel}","templated":true}]}}