{"id":48084,"date":"2024-09-04T11:24:45","date_gmt":"2024-09-04T11:24:45","guid":{"rendered":"https:\/\/www.multifrigo.pl\/sklep\/produkt\/patelnia-gastronomiczna-elektryczna-egaz-pe-1r\/"},"modified":"2025-05-20T06:30:59","modified_gmt":"2025-05-20T06:30:59","slug":"patelnia-gastronomiczna-elektryczna-egaz-pe-1r","status":"publish","type":"product","link":"https:\/\/www.multifrigo.pl\/sklep\/produkt\/patelnia-gastronomiczna-elektryczna-egaz-pe-1r\/","title":{"rendered":"Patelnia gastronomiczna elektryczna | Egaz PE-1R"},"content":{"rendered":"<p><b>Patelnia gastronomiczna elektryczna<\/b><\/p>\n<p>Patelnia gastronomiczna s\u0142u\u017cy do termicznej obr\u00f3bki produkt\u00f3w spo\u017cywczych, przede wszystkim dosma\u017cenia na oleju<\/p>\n<ul>\n<li>stabilna konstrukcja no\u015bna,<\/li>\n<li>specjalny modu\u0142 zako\u0144czony korb\u0105 pozwala na jej p\u0142ynne i r\u00f3wnomierne przechylanie w celu zlania zu\u017cytego oleju <br \/> \u2013 wyj\u0105tek patelnia PE 1R ma r\u0119czny przechy\u0142 misy,<\/li>\n<li>termostat umo\u017cliwia utrzymanie temperatury w zakresie 50-275\u00b0C, posiada r\u00f3wnie\u017c zabezpieczenie przed jej niekontrolowanym wzrostem,<\/li>\n<li>\u015bwiec\u0105ca lampka sygnalizacyjna na panelu przednim oznacza, \u017ce urz\u0105dzenie jest w\u0142\u0105czone i ostrzega u\u017cytkownika przed przypadkowym dotkni\u0119ciem i poparzeniem,<\/li>\n<li>zasilanie: 3 NPE 400V 50Hz,<\/li>\n<li>obudowy urz\u0105dze\u0144 wykonane s\u0105 ze stali nierdzewnej,<\/li>\n<li>moc grzewcza: PE-1R 6,0 kW, PE-1 6,0 kW, PE-2 12,0 kW, PE-3 9,0 kW PE-4 18 kW.<\/li>\n<\/ul>\n","protected":false},"excerpt":{"rendered":"<p>Patelnia gastronomiczna elektryczna Patelnia gastronomiczna s\u0142u\u017cy do termicznej obr\u00f3bki produkt\u00f3w spo\u017cywczych, przede wszystkim dosma\u017cenia na oleju stabilna konstrukcja no\u015bna, specjalny modu\u0142 zako\u0144czony korb\u0105 pozwala na jej p\u0142ynne i r\u00f3wnomierne przechylanie w celu zlania zu\u017cytego oleju \u2013 wyj\u0105tek patelnia PE 1R ma r\u0119czny przechy\u0142 misy, termostat umo\u017cliwia utrzymanie temperatury w zakresie 50-275\u00b0C, posiada r\u00f3wnie\u017c zabezpieczenie przed [&hellip;]<\/p>\n","protected":false},"featured_media":48221,"template":"","meta":{"_et_pb_use_builder":"","_et_pb_old_content":"","_et_gb_content_width":""},"pwb-brand":[1478],"product_brand":[],"product_cat":[476],"product_tag":[],"class_list":{"0":"post-48084","1":"product","2":"type-product","3":"status-publish","4":"has-post-thumbnail","6":"pwb-brand-egaz","7":"product_cat-patelnie-uchylne","9":"first","10":"instock","11":"taxable","12":"shipping-taxable","13":"purchasable","14":"product-type-simple"},"brands":[{"id":1478,"name":"Egaz","slug":"egaz"}],"_links":{"self":[{"href":"https:\/\/www.multifrigo.pl\/sklep\/wp-json\/wp\/v2\/product\/48084","targetHints":{"allow":["GET"]}}],"collection":[{"href":"https:\/\/www.multifrigo.pl\/sklep\/wp-json\/wp\/v2\/product"}],"about":[{"href":"https:\/\/www.multifrigo.pl\/sklep\/wp-json\/wp\/v2\/types\/product"}],"wp:featuredmedia":[{"embeddable":true,"href":"https:\/\/www.multifrigo.pl\/sklep\/wp-json\/wp\/v2\/media\/48221"}],"wp:attachment":[{"href":"https:\/\/www.multifrigo.pl\/sklep\/wp-json\/wp\/v2\/media?parent=48084"}],"wp:term":[{"taxonomy":"pwb-brand","embeddable":true,"href":"https:\/\/www.multifrigo.pl\/sklep\/wp-json\/wp\/v2\/pwb-brand?post=48084"},{"taxonomy":"product_brand","embeddable":true,"href":"https:\/\/www.multifrigo.pl\/sklep\/wp-json\/wp\/v2\/product_brand?post=48084"},{"taxonomy":"product_cat","embeddable":true,"href":"https:\/\/www.multifrigo.pl\/sklep\/wp-json\/wp\/v2\/product_cat?post=48084"},{"taxonomy":"product_tag","embeddable":true,"href":"https:\/\/www.multifrigo.pl\/sklep\/wp-json\/wp\/v2\/product_tag?post=48084"}],"curies":[{"name":"wp","href":"https:\/\/api.w.org\/{rel}","templated":true}]}}