{"id":48104,"date":"2024-09-04T11:25:35","date_gmt":"2024-09-04T11:25:35","guid":{"rendered":"https:\/\/www.multifrigo.pl\/sklep\/produkt\/bemar-gastronomiczny-jezdny-jednokomorowy-egaz-be-2j\/"},"modified":"2025-05-20T06:31:11","modified_gmt":"2025-05-20T06:31:11","slug":"bemar-gastronomiczny-jezdny-jednokomorowy-egaz-be-2j","status":"publish","type":"product","link":"https:\/\/www.multifrigo.pl\/sklep\/produkt\/bemar-gastronomiczny-jezdny-jednokomorowy-egaz-be-2j\/","title":{"rendered":"Bemar gastronomiczny jezdny jednokomorowy | Egaz BE-2J"},"content":{"rendered":"<p><b>Bemar gastronomiczny jezdny jednokomorowy<\/b><\/p>\n<p>Bemary elektryczne s\u0105 to nowoczesne gastronomiczne urz\u0105dzenia grzejne przeznaczone do utrzymywania temperatury gor\u0105cych potraw. Produkowane s\u0105 w kilku wersjach r\u00f3\u017cni\u0105cych si\u0119 wymiarami umo\u017cliwiaj\u0105c jednoczesne podgrzewanie od 1 do 4 pojemnik\u00f3w GN 1\/1. Mog\u0105 mie\u0107 one wsp\u00f3ln\u0105 komor\u0119 dla wszystkich przewidzianych GN-\u00f3w lub osobne komory z niezale\u017cnym sterowaniem temperatur\u0105 w ka\u017cdej z nich (oznaczone dodan\u0105 liter\u0105 S),<\/p>\n<ul>\n<li>zbiornik przystosowany jest do pojemnik\u00f3w typu GN 1\/1 lub, po zastosowaniu systemu przek\u0142adek &#8211; mniejszych o maksymalnej wys. 200 mm,<\/li>\n<li>termostat umo\u017cliwia utrzymanie temperatury w zakresie 30\u00f790\u00b0C, posiada r\u00f3wnie\u017c zabezpieczenie przed jej niekontrolowanym wzrostem,<\/li>\n<\/ul>\n<ul>\n<li>\u015bwiec\u0105ca lampka sygnalizacyjna na panelu przednim oznacza, \u017ce urz\u0105dzenie jest w\u0142\u0105czone i ostrzega u\u017cytkownika przed przypadkowym dotkni\u0119ciem i poparzeniem<\/li>\n<li>wmontowany zaw\u00f3r spustowy (1\u20442 cala) pozwala na \u0142atwe opr\u00f3\u017cnienie zbiornika,<\/li>\n<li>w bemarach jezdnych stopki zast\u0105piono k\u00f3\u0142kami z hamulcami,<\/li>\n<li>obudowy urz\u0105dze\u0144 wykonane s\u0105 ze stali nierdzewnej.<\/li>\n<li>g\u0142\u0119boko\u015b\u0107 komory: 210 mm<\/li>\n<li>moc grzewcza: BE-1N 0,8 kW, BE-2N 1,6 kW, BE-2NS 1,6 kW, BE-3N 2,4 kW, BE-3NS 2,4 kW, BE-4N 3,2 kW, BE-4NS 3,2 kW, BE-1W 0,8 kW, BE-2W 1,6 kW, BE-2WS 1,6 kW, BE-3W 2,4 kWBE-3WS 2,4 kW, BE-4W 3,2 kW, BE-4WS 3,2 kW, BE-1J 0,8 kW, BE-2J 1,6 kW, BE-2JS 1,6 kW,<\/li>\n<\/ul>\n","protected":false},"excerpt":{"rendered":"<p>Bemar gastronomiczny jezdny jednokomorowy Bemary elektryczne s\u0105 to nowoczesne gastronomiczne urz\u0105dzenia grzejne przeznaczone do utrzymywania temperatury gor\u0105cych potraw. Produkowane s\u0105 w kilku wersjach r\u00f3\u017cni\u0105cych si\u0119 wymiarami umo\u017cliwiaj\u0105c jednoczesne podgrzewanie od 1 do 4 pojemnik\u00f3w GN 1\/1. Mog\u0105 mie\u0107 one wsp\u00f3ln\u0105 komor\u0119 dla wszystkich przewidzianych GN-\u00f3w lub osobne komory z niezale\u017cnym sterowaniem temperatur\u0105 w ka\u017cdej z [&hellip;]<\/p>\n","protected":false},"featured_media":48240,"template":"","meta":{"_et_pb_use_builder":"","_et_pb_old_content":"","_et_gb_content_width":""},"pwb-brand":[1478],"product_brand":[],"product_cat":[637],"product_tag":[],"class_list":{"0":"post-48104","1":"product","2":"type-product","3":"status-publish","4":"has-post-thumbnail","6":"pwb-brand-egaz","7":"product_cat-sterowanie-centralne-bemary-jezdne","9":"first","10":"instock","11":"taxable","12":"shipping-taxable","13":"purchasable","14":"product-type-simple"},"brands":[{"id":1478,"name":"Egaz","slug":"egaz"}],"_links":{"self":[{"href":"https:\/\/www.multifrigo.pl\/sklep\/wp-json\/wp\/v2\/product\/48104","targetHints":{"allow":["GET"]}}],"collection":[{"href":"https:\/\/www.multifrigo.pl\/sklep\/wp-json\/wp\/v2\/product"}],"about":[{"href":"https:\/\/www.multifrigo.pl\/sklep\/wp-json\/wp\/v2\/types\/product"}],"wp:featuredmedia":[{"embeddable":true,"href":"https:\/\/www.multifrigo.pl\/sklep\/wp-json\/wp\/v2\/media\/48240"}],"wp:attachment":[{"href":"https:\/\/www.multifrigo.pl\/sklep\/wp-json\/wp\/v2\/media?parent=48104"}],"wp:term":[{"taxonomy":"pwb-brand","embeddable":true,"href":"https:\/\/www.multifrigo.pl\/sklep\/wp-json\/wp\/v2\/pwb-brand?post=48104"},{"taxonomy":"product_brand","embeddable":true,"href":"https:\/\/www.multifrigo.pl\/sklep\/wp-json\/wp\/v2\/product_brand?post=48104"},{"taxonomy":"product_cat","embeddable":true,"href":"https:\/\/www.multifrigo.pl\/sklep\/wp-json\/wp\/v2\/product_cat?post=48104"},{"taxonomy":"product_tag","embeddable":true,"href":"https:\/\/www.multifrigo.pl\/sklep\/wp-json\/wp\/v2\/product_tag?post=48104"}],"curies":[{"name":"wp","href":"https:\/\/api.w.org\/{rel}","templated":true}]}}