{"id":48110,"date":"2024-09-04T11:25:51","date_gmt":"2024-09-04T11:25:51","guid":{"rendered":"https:\/\/www.multifrigo.pl\/sklep\/produkt\/wyparzacz-elektryczny-egaz-ewe-1\/"},"modified":"2025-05-20T06:31:18","modified_gmt":"2025-05-20T06:31:18","slug":"wyparzacz-elektryczny-egaz-ewe-1","status":"publish","type":"product","link":"https:\/\/www.multifrigo.pl\/sklep\/produkt\/wyparzacz-elektryczny-egaz-ewe-1\/","title":{"rendered":"Wyparzacz elektryczny | Egaz EWE-1"},"content":{"rendered":"<p><b>Wyparzacz elektryczny<\/b><\/p>\n<p>Wyparzacz elektryczny jest urz\u0105dzeniem s\u0142u\u017c\u0105cym do wyparzania naczy\u0144 i sztu\u0107c\u00f3w<\/p>\n<ul>\n<li>termostat umo\u017cliwia utrzymanie temperatury w zakresie 30-95\u00b0C, posiada r\u00f3wnie\u017c zabezpieczenie przed jej niekontrolowanym wzrostem,<\/li>\n<li>\u015bwiec\u0105ca lampka sygnalizacyjna na panelu przednim oznacza, \u017ce urz\u0105dzenie jest w\u0142\u0105czone i ostrzega u\u017cytkownika przed przypadkowym dotkni\u0119ciem i poparzeniem,<\/li>\n<\/ul>\n<ul>\n<li>posiada przy\u0142\u0105cze i odprowadzenie wody,<\/li>\n<li>wyposa\u017cony jest w kosz na talerze (18 szt.), kosz na sztu\u0107ce (4 kg) i uchwyty pomocnicze do wyjmowania koszy,<\/li>\n<li>obudowy urz\u0105dze\u0144 wykonane s\u0105 ze stali nierdzewnej.<\/li>\n<li>Wymiar wewn\u0119trzny komory 400\/545\/550 mm<\/li>\n<\/ul>\n","protected":false},"excerpt":{"rendered":"<p>Wyparzacz elektryczny Wyparzacz elektryczny jest urz\u0105dzeniem s\u0142u\u017c\u0105cym do wyparzania naczy\u0144 i sztu\u0107c\u00f3w termostat umo\u017cliwia utrzymanie temperatury w zakresie 30-95\u00b0C, posiada r\u00f3wnie\u017c zabezpieczenie przed jej niekontrolowanym wzrostem, \u015bwiec\u0105ca lampka sygnalizacyjna na panelu przednim oznacza, \u017ce urz\u0105dzenie jest w\u0142\u0105czone i ostrzega u\u017cytkownika przed przypadkowym dotkni\u0119ciem i poparzeniem, posiada przy\u0142\u0105cze i odprowadzenie wody, wyposa\u017cony jest w kosz na [&hellip;]<\/p>\n","protected":false},"featured_media":48246,"template":"","meta":{"_et_pb_use_builder":"","_et_pb_old_content":"","_et_gb_content_width":""},"pwb-brand":[1478],"product_brand":[],"product_cat":[1531],"product_tag":[],"class_list":{"0":"post-48110","1":"product","2":"type-product","3":"status-publish","4":"has-post-thumbnail","6":"pwb-brand-egaz","7":"product_cat-sterylizatory","9":"first","10":"instock","11":"taxable","12":"shipping-taxable","13":"purchasable","14":"product-type-simple"},"brands":[{"id":1478,"name":"Egaz","slug":"egaz"}],"_links":{"self":[{"href":"https:\/\/www.multifrigo.pl\/sklep\/wp-json\/wp\/v2\/product\/48110","targetHints":{"allow":["GET"]}}],"collection":[{"href":"https:\/\/www.multifrigo.pl\/sklep\/wp-json\/wp\/v2\/product"}],"about":[{"href":"https:\/\/www.multifrigo.pl\/sklep\/wp-json\/wp\/v2\/types\/product"}],"wp:featuredmedia":[{"embeddable":true,"href":"https:\/\/www.multifrigo.pl\/sklep\/wp-json\/wp\/v2\/media\/48246"}],"wp:attachment":[{"href":"https:\/\/www.multifrigo.pl\/sklep\/wp-json\/wp\/v2\/media?parent=48110"}],"wp:term":[{"taxonomy":"pwb-brand","embeddable":true,"href":"https:\/\/www.multifrigo.pl\/sklep\/wp-json\/wp\/v2\/pwb-brand?post=48110"},{"taxonomy":"product_brand","embeddable":true,"href":"https:\/\/www.multifrigo.pl\/sklep\/wp-json\/wp\/v2\/product_brand?post=48110"},{"taxonomy":"product_cat","embeddable":true,"href":"https:\/\/www.multifrigo.pl\/sklep\/wp-json\/wp\/v2\/product_cat?post=48110"},{"taxonomy":"product_tag","embeddable":true,"href":"https:\/\/www.multifrigo.pl\/sklep\/wp-json\/wp\/v2\/product_tag?post=48110"}],"curies":[{"name":"wp","href":"https:\/\/api.w.org\/{rel}","templated":true}]}}