{"id":48344,"date":"2024-09-05T08:03:25","date_gmt":"2024-09-05T08:03:25","guid":{"rendered":"https:\/\/www.multifrigo.pl\/sklep\/produkt\/witryna-cukiernicza-neutralna600x760x1290-bolarus-vertika-n600\/"},"modified":"2024-09-05T11:38:30","modified_gmt":"2024-09-05T11:38:30","slug":"witryna-cukiernicza-neutralna600x760x1290-bolarus-vertika-n600","status":"publish","type":"product","link":"https:\/\/www.multifrigo.pl\/sklep\/produkt\/witryna-cukiernicza-neutralna600x760x1290-bolarus-vertika-n600\/","title":{"rendered":"Witryna cukiernicza neutralna,600x760x1290, Bolarus Vertika N600"},"content":{"rendered":"<p>Witryna cukiernicza neutralna,600x760x1290, Bolarus Vertika N600<br \/>\nVertika to kompletnie nowa witryna cukiernicza od BOLARUS S.A. Produkt posiada m.in. frontow\u0105 szyb\u0119 prost\u0105 z mo\u017cliwo\u015bci\u0105 odchylenia, 3 niezale\u017cne p\u00f3\u0142ki ekspozycyjne z mo\u017cliwo\u015bcia regulacji wysoko\u015bci oraz k\u0105ta pochylenia wraz z o\u015bwietleniem LED. zasilana jest agregatem wewn\u0119trznym. Wyst\u0119puje w wersji ch\u0142odniczej (C) lub neutralnej (N). Dedykowana do zabudowy indywidualnej.<\/p>\n","protected":false},"excerpt":{"rendered":"<p>Witryna cukiernicza neutralna,600x760x1290, Bolarus Vertika N600 Vertika to kompletnie nowa witryna cukiernicza od BOLARUS S.A. Produkt posiada m.in. frontow\u0105 szyb\u0119 prost\u0105 z mo\u017cliwo\u015bci\u0105 odchylenia, 3 niezale\u017cne p\u00f3\u0142ki ekspozycyjne z mo\u017cliwo\u015bcia regulacji wysoko\u015bci oraz k\u0105ta pochylenia wraz z o\u015bwietleniem LED. zasilana jest agregatem wewn\u0119trznym. Wyst\u0119puje w wersji ch\u0142odniczej (C) lub neutralnej (N). Dedykowana do zabudowy indywidualnej.<\/p>\n","protected":false},"featured_media":48459,"template":"","meta":{"_et_pb_use_builder":"","_et_pb_old_content":"","_et_gb_content_width":""},"pwb-brand":[1570],"product_brand":[],"product_cat":[472],"product_tag":[],"class_list":{"0":"post-48344","1":"product","2":"type-product","3":"status-publish","4":"has-post-thumbnail","6":"pwb-brand-bolarus","7":"product_cat-witryny-cukiernicze","9":"first","10":"instock","11":"taxable","12":"shipping-taxable","13":"purchasable","14":"product-type-simple"},"brands":[{"id":1570,"name":"Bolarus","slug":"bolarus"}],"_links":{"self":[{"href":"https:\/\/www.multifrigo.pl\/sklep\/wp-json\/wp\/v2\/product\/48344","targetHints":{"allow":["GET"]}}],"collection":[{"href":"https:\/\/www.multifrigo.pl\/sklep\/wp-json\/wp\/v2\/product"}],"about":[{"href":"https:\/\/www.multifrigo.pl\/sklep\/wp-json\/wp\/v2\/types\/product"}],"wp:featuredmedia":[{"embeddable":true,"href":"https:\/\/www.multifrigo.pl\/sklep\/wp-json\/wp\/v2\/media\/48459"}],"wp:attachment":[{"href":"https:\/\/www.multifrigo.pl\/sklep\/wp-json\/wp\/v2\/media?parent=48344"}],"wp:term":[{"taxonomy":"pwb-brand","embeddable":true,"href":"https:\/\/www.multifrigo.pl\/sklep\/wp-json\/wp\/v2\/pwb-brand?post=48344"},{"taxonomy":"product_brand","embeddable":true,"href":"https:\/\/www.multifrigo.pl\/sklep\/wp-json\/wp\/v2\/product_brand?post=48344"},{"taxonomy":"product_cat","embeddable":true,"href":"https:\/\/www.multifrigo.pl\/sklep\/wp-json\/wp\/v2\/product_cat?post=48344"},{"taxonomy":"product_tag","embeddable":true,"href":"https:\/\/www.multifrigo.pl\/sklep\/wp-json\/wp\/v2\/product_tag?post=48344"}],"curies":[{"name":"wp","href":"https:\/\/api.w.org\/{rel}","templated":true}]}}