{"id":48350,"date":"2024-09-05T08:03:37","date_gmt":"2024-09-05T08:03:37","guid":{"rendered":"https:\/\/www.multifrigo.pl\/sklep\/produkt\/szafa-mroznicza-740x825x2080-bolarus-basic-f700\/"},"modified":"2024-09-05T11:40:21","modified_gmt":"2024-09-05T11:40:21","slug":"szafa-mroznicza-740x825x2080-bolarus-basic-f700","status":"publish","type":"product","link":"https:\/\/www.multifrigo.pl\/sklep\/produkt\/szafa-mroznicza-740x825x2080-bolarus-basic-f700\/","title":{"rendered":"Szafa mro\u017anicza, 740x825x2080, Bolarus Basic F700"},"content":{"rendered":"<p>Szafa mro\u017anicza, 740x825x2080, Bolarus Basic F700<br \/>\nSzafy z linii BASIC wyposa\u017cone zosta\u0142y w \u0142atwo wymienialny monoblok z czynnikiem ch\u0142odniczym R290. Dzi\u0119ki zastosowaniu ekologicznej izolacji korpusu o grubo\u015bci 70mm stanowi najbardziej nowoczesny i energooszcz\u0119dny produkt w swojej klasie. Urz\u0105dzenie zosta\u0142o wykonane ze stali nierdzewnej i jest przystosowane do pracy w warunkach otoczneia +43 st. C.<\/p>\n<p>Wyposa\u017cenie standardowe:<\/p>\n<p>Elektroniczny sterownik temperatury z wy\u015bwietlaczem<br \/>\nAutomatyczne odszranianie<br \/>\nAutomatyczne odparowanie skroplin<br \/>\nKorpus zewn\u0119trzny ze stali nierdzewnej szlifowanej<br \/>\nDrzwi pe\u0142ne<br \/>\nSamodomykaj\u0105ce si\u0119 drzwi<br \/>\nRegulowane nogi<br \/>\nProwadnice p\u00f3\u0142ek<br \/>\nP\u00f3\u0142ki metalowe plastyfikowane<br \/>\nZamek drzwi mechaniczny<br \/>\nWn\u0119trze ze stali AISI 430<br \/>\nAutomatyczna praca wentylatora<br \/>\nKorpus zewn\u0119trzny ze stali AISI 430<br \/>\nCh\u0142odzenie dynamiczne za pomoc\u0105 monobloku<br \/>\nMagnetyczna uszczelka drzwi<\/p>\n<p>Wyposa\u017cenie dost\u0119pne opcjonalnie w niekt\u00f3rych modelach<\/p>\n<p>Regulowane nogi INOX<br \/>\nKomplet k\u00f3\u0142ek<br \/>\nP\u00f3\u0142ki inox<br \/>\nO\u015bwietlenie &#8211; barwa neutralna<br \/>\nWtyczka angielska<\/p>\n","protected":false},"excerpt":{"rendered":"<p>Szafa mro\u017anicza, 740x825x2080, Bolarus Basic F700 Szafy z linii BASIC wyposa\u017cone zosta\u0142y w \u0142atwo wymienialny monoblok z czynnikiem ch\u0142odniczym R290. Dzi\u0119ki zastosowaniu ekologicznej izolacji korpusu o grubo\u015bci 70mm stanowi najbardziej nowoczesny i energooszcz\u0119dny produkt w swojej klasie. Urz\u0105dzenie zosta\u0142o wykonane ze stali nierdzewnej i jest przystosowane do pracy w warunkach otoczneia +43 st. C. Wyposa\u017cenie [&hellip;]<\/p>\n","protected":false},"featured_media":48584,"template":"","meta":{"_et_pb_use_builder":"","_et_pb_old_content":"","_et_gb_content_width":""},"pwb-brand":[1570],"product_brand":[],"product_cat":[520],"product_tag":[],"class_list":{"0":"post-48350","1":"product","2":"type-product","3":"status-publish","4":"has-post-thumbnail","6":"pwb-brand-bolarus","7":"product_cat-szafy-mroznicze","9":"first","10":"instock","11":"taxable","12":"shipping-taxable","13":"purchasable","14":"product-type-simple"},"brands":[{"id":1570,"name":"Bolarus","slug":"bolarus"}],"_links":{"self":[{"href":"https:\/\/www.multifrigo.pl\/sklep\/wp-json\/wp\/v2\/product\/48350","targetHints":{"allow":["GET"]}}],"collection":[{"href":"https:\/\/www.multifrigo.pl\/sklep\/wp-json\/wp\/v2\/product"}],"about":[{"href":"https:\/\/www.multifrigo.pl\/sklep\/wp-json\/wp\/v2\/types\/product"}],"wp:featuredmedia":[{"embeddable":true,"href":"https:\/\/www.multifrigo.pl\/sklep\/wp-json\/wp\/v2\/media\/48584"}],"wp:attachment":[{"href":"https:\/\/www.multifrigo.pl\/sklep\/wp-json\/wp\/v2\/media?parent=48350"}],"wp:term":[{"taxonomy":"pwb-brand","embeddable":true,"href":"https:\/\/www.multifrigo.pl\/sklep\/wp-json\/wp\/v2\/pwb-brand?post=48350"},{"taxonomy":"product_brand","embeddable":true,"href":"https:\/\/www.multifrigo.pl\/sklep\/wp-json\/wp\/v2\/product_brand?post=48350"},{"taxonomy":"product_cat","embeddable":true,"href":"https:\/\/www.multifrigo.pl\/sklep\/wp-json\/wp\/v2\/product_cat?post=48350"},{"taxonomy":"product_tag","embeddable":true,"href":"https:\/\/www.multifrigo.pl\/sklep\/wp-json\/wp\/v2\/product_tag?post=48350"}],"curies":[{"name":"wp","href":"https:\/\/api.w.org\/{rel}","templated":true}]}}